{"id":3588,"date":"2024-11-05T14:20:36","date_gmt":"2024-11-05T12:20:36","guid":{"rendered":"https:\/\/horecapan.ro\/?post_type=product&#038;p=3588"},"modified":"2025-01-13T12:46:42","modified_gmt":"2025-01-13T10:46:42","slug":"masina-de-format-dulcuri-inelare-560","status":"publish","type":"product","link":"https:\/\/horecapan.ro\/en\/product\/masina-de-format-dulcuri-inelare-560\/","title":{"rendered":"MA\u0218IN\u0102 DE FORMAT DULCURI INELARE 560"},"content":{"rendered":"<h4><b>Dimensiunile ma\u0219inii<\/b><\/h4>\n<p><span>L\u0103\u021bime: 140 cm<br \/>\nLungime: 145 cm<br \/>\n\u00cen\u0103l\u021bime: 175 cm<br \/>\nPuterea motorului: 1,5 kw 1400-1500<br \/>\nCapacitate: 8-10 kg camer\u0103 de aluat la 1 dat\u0103. Toarn\u0103 560 de buc\u0103\u021bi de dulciuri inelare pe or\u0103<\/span><\/p>\n<h4><b>Dimensiuni interne banc\u0103<\/b><\/h4>\n<p><span>L\u0103\u021bime: 70 cm<br \/>\nLungime: 113 cm<br \/>\nAd\u00e2ncime: 12 cm<br \/>\nRezervor de ulei 54 lt. Are capacitate de ulei.<br \/>\nBanca de g\u0103tit consum\u0103 23 KW de energie.<\/span><\/p>\n","protected":false},"excerpt":{"rendered":"<p>Datorit\u0103 diferitelor matri\u021be \u00een stea, forma \u0219i greutatea dorite sunt ajustate. Materialul utilizat \u00een ma\u0219in\u0103 este material cromat 304, unitatea de g\u0103tit este disponibil\u0103 \u00een ma\u0219in\u0103.<br \/>\nUnit\u0103\u021bile de g\u0103tit pot fi produse cu energie electric\u0103 sau gaz la cerere.<\/p>\n","protected":false},"featured_media":3589,"menu_order":0,"template":"","meta":{"inline_featured_image":false},"product_brand":[],"product_cat":[64],"product_tag":[],"class_list":{"0":"post-3588","1":"product","2":"type-product","3":"status-publish","4":"has-post-thumbnail","6":"product_cat-alte","8":"first","9":"onbackorder","10":"taxable","11":"shipping-taxable","12":"product-type-simple"},"_links":{"self":[{"href":"https:\/\/horecapan.ro\/en\/wp-json\/wp\/v2\/product\/3588","targetHints":{"allow":["GET"]}}],"collection":[{"href":"https:\/\/horecapan.ro\/en\/wp-json\/wp\/v2\/product"}],"about":[{"href":"https:\/\/horecapan.ro\/en\/wp-json\/wp\/v2\/types\/product"}],"version-history":[{"count":2,"href":"https:\/\/horecapan.ro\/en\/wp-json\/wp\/v2\/product\/3588\/revisions"}],"predecessor-version":[{"id":3753,"href":"https:\/\/horecapan.ro\/en\/wp-json\/wp\/v2\/product\/3588\/revisions\/3753"}],"wp:featuredmedia":[{"embeddable":true,"href":"https:\/\/horecapan.ro\/en\/wp-json\/wp\/v2\/media\/3589"}],"wp:attachment":[{"href":"https:\/\/horecapan.ro\/en\/wp-json\/wp\/v2\/media?parent=3588"}],"wp:term":[{"taxonomy":"product_brand","embeddable":true,"href":"https:\/\/horecapan.ro\/en\/wp-json\/wp\/v2\/product_brand?post=3588"},{"taxonomy":"product_cat","embeddable":true,"href":"https:\/\/horecapan.ro\/en\/wp-json\/wp\/v2\/product_cat?post=3588"},{"taxonomy":"product_tag","embeddable":true,"href":"https:\/\/horecapan.ro\/en\/wp-json\/wp\/v2\/product_tag?post=3588"}],"curies":[{"name":"wp","href":"https:\/\/api.w.org\/{rel}","templated":true}]}}