{"id":3580,"date":"2024-11-05T14:14:52","date_gmt":"2024-11-05T12:14:52","guid":{"rendered":"https:\/\/horecapan.ro\/?post_type=product&#038;p=3580"},"modified":"2025-01-13T12:47:06","modified_gmt":"2025-01-13T10:47:06","slug":"masina-manuala-churros-mcm-20","status":"publish","type":"product","link":"https:\/\/horecapan.ro\/en\/product\/masina-manuala-churros-mcm-20\/","title":{"rendered":"MA\u0218IN\u0102 MANUAL\u0102 CHURROS &#8211; MCM 20"},"content":{"rendered":"<p><strong>Specifica\u021bii tehnice<\/strong><\/p>\n<p>Dimensiunile churos sunt ajustate manual, micimea &#8211; dimensiunea sau diametrul inelului churros.<\/p>\n<p>Cu suprafa\u021ba \u00een contact cu alimentele, 304 este nichel crom. (Inox)<\/p>\n<p>Datorit\u0103 diferitelor matri\u021be, pot fi produse churros cu diametrul dorit.<\/p>\n<p>Unitatea de g\u0103tit poate fi produs\u0103 cu energie electric\u0103 sau \u00eenc\u0103lzire GPL la cerere.<\/p>\n<p><strong>Dimensiunile b\u0103ncii de g\u0103tit<\/strong><\/p>\n<p>\u00cen\u0103l\u021bime: 100 cm<\/p>\n<p>L\u0103\u021bime: 90 cm<\/p>\n<p>\u00cen\u0103l\u021bime: 85 cm<\/p>\n<p>Poate fi \u00eentre\u021binut cu u\u0219urin\u021b\u0103 datorit\u0103 aripii de deschidere pe o singur\u0103 fa\u021b\u0103.<\/p>\n<p>Oala de g\u0103tit are 70 cm \u00een diametru.<\/p>\n<p>Poate fi produs \u00een dimensiuni mici sau mari la cerere.<\/p>\n<p>Poate fi dus cu u\u0219urin\u021b\u0103 la loca\u021bia dorit\u0103 cu ajutorul ro\u021bilor fr\u00e2nate de pe tejghea.<\/p>\n","protected":false},"excerpt":{"rendered":"<p>Are capacitatea de a lucra manual.<\/p>\n<p><strong>Capacitate<\/strong><\/p>\n<p>Are o camer\u0103 de aluat de 3 kg la 1 dat\u0103<\/p>\n","protected":false},"featured_media":3581,"menu_order":0,"template":"","meta":{"inline_featured_image":false},"product_brand":[],"product_cat":[64],"product_tag":[],"class_list":{"0":"post-3580","1":"product","2":"type-product","3":"status-publish","4":"has-post-thumbnail","6":"product_cat-alte","8":"first","9":"onbackorder","10":"taxable","11":"shipping-taxable","12":"product-type-simple"},"_links":{"self":[{"href":"https:\/\/horecapan.ro\/en\/wp-json\/wp\/v2\/product\/3580","targetHints":{"allow":["GET"]}}],"collection":[{"href":"https:\/\/horecapan.ro\/en\/wp-json\/wp\/v2\/product"}],"about":[{"href":"https:\/\/horecapan.ro\/en\/wp-json\/wp\/v2\/types\/product"}],"version-history":[{"count":3,"href":"https:\/\/horecapan.ro\/en\/wp-json\/wp\/v2\/product\/3580\/revisions"}],"predecessor-version":[{"id":3755,"href":"https:\/\/horecapan.ro\/en\/wp-json\/wp\/v2\/product\/3580\/revisions\/3755"}],"wp:featuredmedia":[{"embeddable":true,"href":"https:\/\/horecapan.ro\/en\/wp-json\/wp\/v2\/media\/3581"}],"wp:attachment":[{"href":"https:\/\/horecapan.ro\/en\/wp-json\/wp\/v2\/media?parent=3580"}],"wp:term":[{"taxonomy":"product_brand","embeddable":true,"href":"https:\/\/horecapan.ro\/en\/wp-json\/wp\/v2\/product_brand?post=3580"},{"taxonomy":"product_cat","embeddable":true,"href":"https:\/\/horecapan.ro\/en\/wp-json\/wp\/v2\/product_cat?post=3580"},{"taxonomy":"product_tag","embeddable":true,"href":"https:\/\/horecapan.ro\/en\/wp-json\/wp\/v2\/product_tag?post=3580"}],"curies":[{"name":"wp","href":"https:\/\/api.w.org\/{rel}","templated":true}]}}