{"id":3570,"date":"2024-11-05T13:48:25","date_gmt":"2024-11-05T11:48:25","guid":{"rendered":"https:\/\/horecapan.ro\/?post_type=product&#038;p=3570"},"modified":"2025-01-13T12:46:01","modified_gmt":"2025-01-13T10:46:01","slug":"feliator-baklava","status":"publish","type":"product","link":"https:\/\/horecapan.ro\/en\/product\/feliator-baklava\/","title":{"rendered":"Feliator Baklava"},"content":{"rendered":"<p>Baklava, care trebuie preparat cu efort \u0219i \u00eendem\u00e2nare deosebite, de la densitatea ingredientelor p\u00e2n\u0103 la sub\u021bierea aluatului, este un desert care necesit\u0103 efort \u0219i timp. Forma baklavalei este, de asemenea, unic\u0103 \u0219i ia nume diferite, deoarece are forme diferite. Din acest motiv, t\u0103ierea baklavalei este unul dintre cele mai importante detalii ale serviciului acestui desert. Forma sa unic\u0103 este numit\u0103 <strong>\u0219i &#8220;modelul diamantului&#8221;\u00a0<\/strong>\u00een cultura noastr\u0103 \u0219i este utilizat\u0103 pe scar\u0103 larg\u0103. Av\u00e2nd \u00een vedere c\u0103 forma baklavalei este important\u0103, ma\u0219ina de feliat baklava este, de asemenea, foarte util\u0103. \u00cen acest sector, <strong>ma\u0219inile de feliat Mateks Baklava<\/strong>\u00a0\u00ee\u0219i men\u021bin pozi\u021bia de lider \u0219i sunt la mare c\u0103utare.<\/p>\n","protected":false},"excerpt":{"rendered":"<p>Baklava, care este indispensabil pentru s\u0103rb\u0103tori \u0219i consumat de toat\u0103 lumea, mare \u0219i mic\u0103, este unul dintre cele mai populare deserturi din Turcia. De\u0219i este foarte laborios de f\u0103cut, baklavaua \u00ee\u0219i ocup\u0103 locul pe mese, mai ales de s\u0103rb\u0103torile religioase, deoarece atrage toate v\u00e2rstele de genera\u021bii.<\/p>\n","protected":false},"featured_media":3571,"menu_order":0,"template":"","meta":{"inline_featured_image":false},"product_brand":[],"product_cat":[64],"product_tag":[],"class_list":{"0":"post-3570","1":"product","2":"type-product","3":"status-publish","4":"has-post-thumbnail","6":"product_cat-alte","8":"first","9":"onbackorder","10":"taxable","11":"shipping-taxable","12":"product-type-simple"},"_links":{"self":[{"href":"https:\/\/horecapan.ro\/en\/wp-json\/wp\/v2\/product\/3570","targetHints":{"allow":["GET"]}}],"collection":[{"href":"https:\/\/horecapan.ro\/en\/wp-json\/wp\/v2\/product"}],"about":[{"href":"https:\/\/horecapan.ro\/en\/wp-json\/wp\/v2\/types\/product"}],"version-history":[{"count":3,"href":"https:\/\/horecapan.ro\/en\/wp-json\/wp\/v2\/product\/3570\/revisions"}],"predecessor-version":[{"id":3757,"href":"https:\/\/horecapan.ro\/en\/wp-json\/wp\/v2\/product\/3570\/revisions\/3757"}],"wp:featuredmedia":[{"embeddable":true,"href":"https:\/\/horecapan.ro\/en\/wp-json\/wp\/v2\/media\/3571"}],"wp:attachment":[{"href":"https:\/\/horecapan.ro\/en\/wp-json\/wp\/v2\/media?parent=3570"}],"wp:term":[{"taxonomy":"product_brand","embeddable":true,"href":"https:\/\/horecapan.ro\/en\/wp-json\/wp\/v2\/product_brand?post=3570"},{"taxonomy":"product_cat","embeddable":true,"href":"https:\/\/horecapan.ro\/en\/wp-json\/wp\/v2\/product_cat?post=3570"},{"taxonomy":"product_tag","embeddable":true,"href":"https:\/\/horecapan.ro\/en\/wp-json\/wp\/v2\/product_tag?post=3570"}],"curies":[{"name":"wp","href":"https:\/\/api.w.org\/{rel}","templated":true}]}}