{"id":3550,"date":"2024-11-05T12:47:49","date_gmt":"2024-11-05T10:47:49","guid":{"rendered":"https:\/\/horecapan.ro\/?post_type=product&#038;p=3550"},"modified":"2025-01-13T12:48:25","modified_gmt":"2025-01-13T10:48:25","slug":"masina-automata-fursecuri","status":"publish","type":"product","link":"https:\/\/horecapan.ro\/en\/product\/masina-automata-fursecuri\/","title":{"rendered":"Masina automata fursecuri"},"content":{"rendered":"<p>Pute\u021bi turna produse de greut\u0103\u021bi diferite folosind acelea\u0219i matri\u021be ca \u0219i ma\u0219ina de inser\u021bii. \u00cen plus, datorit\u0103 caracteristicii sale de dozare precis\u0103, pute\u021bi ob\u021bine p\u00e2n\u0103 la 10.000 de produse cu greutate egal\u0103 pe or\u0103. Va fi cel mai mare ajutor pentru a produce eclere cu gust \u0219i greutate standard.<\/p>\n<p><strong>L\u0103\u021bime: 132 cm<\/strong><\/p>\n<p><strong>Greutatea masinii: 400 kg<\/strong><\/p>\n<p><strong>Lungime: 192 cm<\/strong><\/p>\n<p><strong>Consumul de energie electric\u0103: 380V \/ 3.5KW<\/strong><\/p>\n<p><strong>Inaltime: 141 cm<\/strong><\/p>\n<p><strong>Capacitate (pe or\u0103): 160 \u2013 250 kg<\/strong><\/p>\n<p><strong>Bunc\u0103r de aluat: 20 kg<\/strong><\/p>\n","protected":false},"excerpt":{"rendered":"<p>Este foarte u\u0219or s\u0103 produci eclere, una dintre aromele indispensabile ale buc\u0103t\u0103riei franceze. Ma\u0219ina de ecler, unde po\u021bi turna tot felul de re\u021bete cu un singur maestru, va fi indispensabil\u0103 pentru tine \u0219i mae\u0219trii t\u0103i.<\/p>\n<p>&nbsp;<\/p>\n","protected":false},"featured_media":3551,"menu_order":0,"template":"","meta":{"inline_featured_image":false},"product_brand":[],"product_cat":[66],"product_tag":[],"class_list":{"0":"post-3550","1":"product","2":"type-product","3":"status-publish","4":"has-post-thumbnail","6":"product_cat-patiserie","8":"first","9":"onbackorder","10":"taxable","11":"shipping-taxable","12":"product-type-simple"},"_links":{"self":[{"href":"https:\/\/horecapan.ro\/en\/wp-json\/wp\/v2\/product\/3550","targetHints":{"allow":["GET"]}}],"collection":[{"href":"https:\/\/horecapan.ro\/en\/wp-json\/wp\/v2\/product"}],"about":[{"href":"https:\/\/horecapan.ro\/en\/wp-json\/wp\/v2\/types\/product"}],"version-history":[{"count":4,"href":"https:\/\/horecapan.ro\/en\/wp-json\/wp\/v2\/product\/3550\/revisions"}],"predecessor-version":[{"id":3784,"href":"https:\/\/horecapan.ro\/en\/wp-json\/wp\/v2\/product\/3550\/revisions\/3784"}],"wp:featuredmedia":[{"embeddable":true,"href":"https:\/\/horecapan.ro\/en\/wp-json\/wp\/v2\/media\/3551"}],"wp:attachment":[{"href":"https:\/\/horecapan.ro\/en\/wp-json\/wp\/v2\/media?parent=3550"}],"wp:term":[{"taxonomy":"product_brand","embeddable":true,"href":"https:\/\/horecapan.ro\/en\/wp-json\/wp\/v2\/product_brand?post=3550"},{"taxonomy":"product_cat","embeddable":true,"href":"https:\/\/horecapan.ro\/en\/wp-json\/wp\/v2\/product_cat?post=3550"},{"taxonomy":"product_tag","embeddable":true,"href":"https:\/\/horecapan.ro\/en\/wp-json\/wp\/v2\/product_tag?post=3550"}],"curies":[{"name":"wp","href":"https:\/\/api.w.org\/{rel}","templated":true}]}}