{"id":3544,"date":"2024-11-05T11:18:57","date_gmt":"2024-11-05T09:18:57","guid":{"rendered":"https:\/\/horecapan.ro\/?post_type=product&#038;p=3544"},"modified":"2025-01-13T12:48:36","modified_gmt":"2025-01-13T10:48:36","slug":"masina-de-vidat-manuala","status":"publish","type":"product","link":"https:\/\/horecapan.ro\/en\/product\/masina-de-vidat-manuala\/","title":{"rendered":"Ma\u0219in\u0103 de vidat manual\u0103"},"content":{"rendered":"<ul>\n<li>Aparat de g\u0103uri pentru evacuarea aerului (op\u021bional)<\/li>\n<li>\u0218a reglabil\u0103 pentru diferite \u00een\u0103l\u021bimi ale produsului<\/li>\n<li>Mas\u0103 de alimentare reglabil\u0103 pentru produse de diferite lungimi<\/li>\n<li>Fant\u0103 pentru film u\u0219or de introdus \u0219i reglabil\u0103<\/li>\n<li>Caracteristica magnetului magnetic (aruncarea automat\u0103 a capacului, care este \u021binut \u00eenchis \u00een timpul de contrac\u021bie setat, la sf\u00e2r\u0219itul procesului)<\/li>\n<li>Transport u\u0219or pe ro\u021bi, transport practic la locul dorit<\/li>\n<\/ul>\n<p><span><strong>Utilizeaz\u0103:<\/strong> Produse de panifica\u021bie, aparat de vidat, cofet\u0103rie (bomboane, ciocolat\u0103,) Produse de pia\u021b\u0103, Ma\u0219in\u0103 de ambalat brelocuri, Ambalare ciuperci cultivate, Ambalare produse de patiserie, Ma\u0219in\u0103 de ambalare c\u0103r\u021bi (contrac\u021bie), Ambalare produse de papet\u0103rie, Ambalare produse de ap\u0103 colonie \u0219i produse cosmetice, Ambalare produse de cur\u0103\u021benie \u0219i consumabile, Ma\u0219in\u0103 de ambalat cadouri, Ambalare juc\u0103rii, Ambalaje ceasuri, Ambalare produse medicale, Ma\u0219in\u0103 de ambalat ou\u0103, Ma\u0219in\u0103 de ambalat piese de schimb auto, Ma\u0219in\u0103 de ambalat bomboane, sticl\u0103rie, cristalin\u0103, piese de schimb auto, materiale textile electrice \u0219i electronice, materiale hardware<\/span><\/p>\n","protected":false},"excerpt":{"rendered":"<ul>\n<li>Ambalaje u\u0219or de utilizat \u0219i robuste pentru \u00eentreprinderile mici \u0219i mijlocii<\/li>\n<li>Posibilitatea de a utiliza doar func\u021bia de t\u0103iere \u00eentr-o singur\u0103 opera\u021biune<\/li>\n<li>Capacitatea de a efectua at\u00e2t procesul de t\u0103iere, c\u00e2t \u0219i cel de contrac\u021bie \u00een acela\u0219i timp<\/li>\n<li>Posibilitatea de a seta durata timpului de t\u0103iere<\/li>\n<li>Posibilitatea de a seta durata timpului de contrac\u021bie<\/li>\n<li>Reglarea controlului temperaturii de contrac\u021bie<\/li>\n<li>Pat de s\u00e2rm\u0103 de t\u0103iere din por\u021belan<\/li>\n<\/ul>\n","protected":false},"featured_media":3545,"menu_order":0,"template":"","meta":{"inline_featured_image":false},"product_brand":[],"product_cat":[37],"product_tag":[],"class_list":{"0":"post-3544","1":"product","2":"type-product","3":"status-publish","4":"has-post-thumbnail","6":"product_cat-ambalat","8":"first","9":"onbackorder","10":"taxable","11":"shipping-taxable","12":"product-type-simple"},"_links":{"self":[{"href":"https:\/\/horecapan.ro\/en\/wp-json\/wp\/v2\/product\/3544","targetHints":{"allow":["GET"]}}],"collection":[{"href":"https:\/\/horecapan.ro\/en\/wp-json\/wp\/v2\/product"}],"about":[{"href":"https:\/\/horecapan.ro\/en\/wp-json\/wp\/v2\/types\/product"}],"version-history":[{"count":1,"href":"https:\/\/horecapan.ro\/en\/wp-json\/wp\/v2\/product\/3544\/revisions"}],"predecessor-version":[{"id":3549,"href":"https:\/\/horecapan.ro\/en\/wp-json\/wp\/v2\/product\/3544\/revisions\/3549"}],"wp:featuredmedia":[{"embeddable":true,"href":"https:\/\/horecapan.ro\/en\/wp-json\/wp\/v2\/media\/3545"}],"wp:attachment":[{"href":"https:\/\/horecapan.ro\/en\/wp-json\/wp\/v2\/media?parent=3544"}],"wp:term":[{"taxonomy":"product_brand","embeddable":true,"href":"https:\/\/horecapan.ro\/en\/wp-json\/wp\/v2\/product_brand?post=3544"},{"taxonomy":"product_cat","embeddable":true,"href":"https:\/\/horecapan.ro\/en\/wp-json\/wp\/v2\/product_cat?post=3544"},{"taxonomy":"product_tag","embeddable":true,"href":"https:\/\/horecapan.ro\/en\/wp-json\/wp\/v2\/product_tag?post=3544"}],"curies":[{"name":"wp","href":"https:\/\/api.w.org\/{rel}","templated":true}]}}