{"id":3536,"date":"2024-11-05T10:42:56","date_gmt":"2024-11-05T08:42:56","guid":{"rendered":"https:\/\/horecapan.ro\/?post_type=product&#038;p=3536"},"modified":"2025-01-13T12:48:46","modified_gmt":"2025-01-13T10:48:46","slug":"masina-de-ambalat-alimente-de-panificatie","status":"publish","type":"product","link":"https:\/\/horecapan.ro\/en\/product\/masina-de-ambalat-alimente-de-panificatie\/","title":{"rendered":"Ma\u0219in\u0103 de ambalat alimente de panifica\u021bie"},"content":{"rendered":"<ul>\n<li><span>Sistem de ambalare de \u00eenalt\u0103 performan\u021b\u0103 \u00eentr-un spa\u021biu redus<\/span><\/li>\n<li><i class=\"fa fa-circle\" aria-hidden=\"true\"><\/i><span>Dispozitiv de acoperire de siguran\u021b\u0103 pentru a evita accidentele.<\/span><\/li>\n<li><i class=\"fa fa-circle\" aria-hidden=\"true\"><\/i><span>Sistem de servopropulsie cu 3 (sau 4) axe: durabil, eficien\u021b\u0103 ridicat\u0103 \u0219i zgomot redus. Ma\u0219ina func\u021bioneaz\u0103 24 de ore pe zi.<\/span><\/li>\n<li><i class=\"fa fa-circle\" aria-hidden=\"true\"><\/i><span>Control u\u0219or de utilizat al interfe\u021bei om\/ma\u0219in\u0103, cu monitor color de 8,4 inchi (3 axe)\/10,4 inchi (4 axe).<\/span><\/li>\n<\/ul>\n<p><strong>Propriet\u0103\u021bi<\/strong><\/p>\n<ul>\n<li>Vitez\u0103 opera\u021bional\u0103: 20 &#8211; 100 pachete\/min<\/li>\n<li>Lungimea pachetului: 100 &#8211; 500 mm<\/li>\n<li>Max. L\u0103\u021bimea filmului (diametrul maxim al rolei): 450 mm sau 600 mm (diametru max. rol\u0103 300 mm)<\/li>\n<li>L\u0103\u021bimea produsului: 20 &#8211; 120 mm sau 80 &#8211; 230 mm<\/li>\n<li>\u00cen\u0103l\u021bimea produsului: Max. 100mm<\/li>\n<\/ul>\n<h5>Produse de ambalare aplicabile<\/h5>\n<ul>\n<li><i class=\"fa fa-circle\" aria-hidden=\"true\"><\/i><span>Pr\u0103jitur\u0103<\/span><\/li>\n<li><i class=\"fa fa-circle\" aria-hidden=\"true\"><\/i><span>Hamburger<\/span><\/li>\n<li><i class=\"fa fa-circle\" aria-hidden=\"true\"><\/i><span>Sub-sandwich<\/span><\/li>\n<li><i class=\"fa fa-circle\" aria-hidden=\"true\"><\/i><span>Onigiri<\/span><\/li>\n<li><i class=\"fa fa-circle\" aria-hidden=\"true\"><\/i><span>Bil\u0103 de orez<\/span><\/li>\n<li><i class=\"fa fa-circle\" aria-hidden=\"true\"><\/i><span>Sushi<\/span><\/li>\n<li><i class=\"fa fa-circle\" aria-hidden=\"true\"><\/i><span>Dorayaki<\/span><\/li>\n<\/ul>\n<h5>Accesorii op\u021bionale<\/h5>\n<ul>\n<li><i class=\"fa fa-circle\" aria-hidden=\"true\"><\/i><span>Codificator de dat\u0103.<\/span><\/li>\n<li><i class=\"fa fa-circle\" aria-hidden=\"true\"><\/i><span>Corp ma\u0219in\u0103 din o\u021bel inoxidabil.<\/span><\/li>\n<li><i class=\"fa fa-circle\" aria-hidden=\"true\"><\/i><span>Dispozitiv de gusset.<\/span><\/li>\n<li><i class=\"fa fa-circle\" aria-hidden=\"true\"><\/i><span>Etichetare.<\/span><\/li>\n<li><i class=\"fa fa-circle\" aria-hidden=\"true\"><\/i><span>Standarde CE sau UL.<\/span><\/li>\n<\/ul>\n","protected":false},"excerpt":{"rendered":"<p><span>Aplicare: Pentru produse moi, dar obi\u0219nuite (de exemplu, pr\u0103jituri, onigiri, hamburger etc.)<\/span><\/p>\n<p><i class=\"fa fa-circle\" aria-hidden=\"true\"><\/i><span>Transportor de intrare cu alimentare tip band\u0103. Design igienic pentru schimbarea \u0219i cur\u0103\u021barea u\u0219oar\u0103 a curelei.<\/span><\/p>\n<p><i class=\"fa fa-circle\" aria-hidden=\"true\"><\/i><span>Rola de ghidare pe dou\u0103 p\u0103r\u021bi ale transportorului de intrare pentru a preveni lipirea.<\/span><\/p>\n<p><i class=\"fa fa-circle\" aria-hidden=\"true\"><\/i><span>Poate alimenta usc\u0103torul pentru timpul de protec\u021bie al produsului \u0219i nu va c\u0103dea u\u0219or \u00een timpul ambal\u0103rii.<\/span><\/p>\n<p><i class=\"fa fa-circle\" aria-hidden=\"true\"><\/i><span>Metoda de etan\u0219are cu mi\u0219care alternativ\u0103 (D-glass) cre\u0219te timpul de etan\u0219are \u0219i \u00eembun\u0103t\u0103\u021be\u0219te efectul de etan\u0219are sigur. Op\u021biune: dispozitiv de expansiune.<\/span><\/p>\n","protected":false},"featured_media":3541,"menu_order":0,"template":"","meta":{"inline_featured_image":false},"product_brand":[],"product_cat":[37],"product_tag":[],"class_list":{"0":"post-3536","1":"product","2":"type-product","3":"status-publish","4":"has-post-thumbnail","6":"product_cat-ambalat","8":"first","9":"onbackorder","10":"taxable","11":"shipping-taxable","12":"product-type-simple"},"_links":{"self":[{"href":"https:\/\/horecapan.ro\/en\/wp-json\/wp\/v2\/product\/3536","targetHints":{"allow":["GET"]}}],"collection":[{"href":"https:\/\/horecapan.ro\/en\/wp-json\/wp\/v2\/product"}],"about":[{"href":"https:\/\/horecapan.ro\/en\/wp-json\/wp\/v2\/types\/product"}],"version-history":[{"count":1,"href":"https:\/\/horecapan.ro\/en\/wp-json\/wp\/v2\/product\/3536\/revisions"}],"predecessor-version":[{"id":3543,"href":"https:\/\/horecapan.ro\/en\/wp-json\/wp\/v2\/product\/3536\/revisions\/3543"}],"wp:featuredmedia":[{"embeddable":true,"href":"https:\/\/horecapan.ro\/en\/wp-json\/wp\/v2\/media\/3541"}],"wp:attachment":[{"href":"https:\/\/horecapan.ro\/en\/wp-json\/wp\/v2\/media?parent=3536"}],"wp:term":[{"taxonomy":"product_brand","embeddable":true,"href":"https:\/\/horecapan.ro\/en\/wp-json\/wp\/v2\/product_brand?post=3536"},{"taxonomy":"product_cat","embeddable":true,"href":"https:\/\/horecapan.ro\/en\/wp-json\/wp\/v2\/product_cat?post=3536"},{"taxonomy":"product_tag","embeddable":true,"href":"https:\/\/horecapan.ro\/en\/wp-json\/wp\/v2\/product_tag?post=3536"}],"curies":[{"name":"wp","href":"https:\/\/api.w.org\/{rel}","templated":true}]}}