{"id":3528,"date":"2024-11-04T20:57:28","date_gmt":"2024-11-04T18:57:28","guid":{"rendered":"https:\/\/horecapan.ro\/?post_type=product&#038;p=3528"},"modified":"2024-11-04T20:57:28","modified_gmt":"2024-11-04T18:57:28","slug":"rafinator-cu-2-cilindri","status":"publish","type":"product","link":"https:\/\/horecapan.ro\/en\/product\/rafinator-cu-2-cilindri\/","title":{"rendered":"Rafinator cu 2 cilindri"},"content":{"rendered":"<div class=\"field field--name-field-descrizione-prodotto field--type-text-long field--label-hidden field--item\">\n<p>Deschiderea maxim\u0103 a buteliilor este de 6 mm, iar viteza lor diferit\u0103 permite rafinarea \u00een cel mai bun mod posibil a tuturor produselor granulate. T\u0103vile de colectare a produselor \u0219i carcasele laterale sunt din o\u021bel inoxidabil; Bunc\u0103rul de \u00eenc\u0103rcare este fabricat din material netoxic \u0219i este protejat de o gril\u0103. Greutatea sa de 190 kg indic\u0103 o ma\u0219in\u0103 foarte solid\u0103, conceput\u0103 pentru a rezista peste ani. Este echipat cu ro\u021bi pentru o mi\u0219care u\u0219oar\u0103.<\/p>\n<\/div>\n<div class=\"field field--name-field-caratteristica-prodotto-1 field--type-string field--label-above col-sm-6 col-md-4\">\n<div class=\"field--label\">Caracteristici<\/div>\n<div class=\"field--items\">\n<div class=\"field--item\">Cilindri de granit<\/div>\n<div class=\"field--item\">Umeri din font\u0103<\/div>\n<div class=\"field--item\">Angrenaje c\u0103lite \u0219i c\u0103lite<\/div>\n<div class=\"field--item\">Deschidere cilindric\u0103 maxim\u0103 mm. 6<\/div>\n<div class=\"field--item\">Role cu vitez\u0103 asincron\u0103<\/div>\n<div class=\"field--item\">Protec\u021bie \u00eempotriva accidentelor<\/div>\n<div class=\"field--item\">Reglement\u0103ri CE<\/div>\n<div class=\"field--item\">Certificare EAC<\/div>\n<\/div>\n<\/div>\n","protected":false},"excerpt":{"rendered":"<p>RF300 este o ma\u0219in\u0103 de rafinare robust\u0103 \u0219i simpl\u0103, echipat\u0103 cu cilindri de granit de 300 mm, umeri din font\u0103, angrenaje c\u0103lite, c\u0103lite \u0219i rectificate. Cur\u0103\u021barea sa este extrem de simpl\u0103 datorit\u0103 posibilit\u0103\u021bii de dezasamblare u\u0219oar\u0103 a racletelor.<\/p>\n","protected":false},"featured_media":3529,"menu_order":0,"template":"","meta":{"inline_featured_image":false},"product_brand":[],"product_cat":[66],"product_tag":[],"class_list":{"0":"post-3528","1":"product","2":"type-product","3":"status-publish","4":"has-post-thumbnail","6":"product_cat-patiserie","8":"first","9":"instock","10":"taxable","11":"shipping-taxable","12":"product-type-simple"},"_links":{"self":[{"href":"https:\/\/horecapan.ro\/en\/wp-json\/wp\/v2\/product\/3528","targetHints":{"allow":["GET"]}}],"collection":[{"href":"https:\/\/horecapan.ro\/en\/wp-json\/wp\/v2\/product"}],"about":[{"href":"https:\/\/horecapan.ro\/en\/wp-json\/wp\/v2\/types\/product"}],"version-history":[{"count":1,"href":"https:\/\/horecapan.ro\/en\/wp-json\/wp\/v2\/product\/3528\/revisions"}],"predecessor-version":[{"id":3531,"href":"https:\/\/horecapan.ro\/en\/wp-json\/wp\/v2\/product\/3528\/revisions\/3531"}],"wp:featuredmedia":[{"embeddable":true,"href":"https:\/\/horecapan.ro\/en\/wp-json\/wp\/v2\/media\/3529"}],"wp:attachment":[{"href":"https:\/\/horecapan.ro\/en\/wp-json\/wp\/v2\/media?parent=3528"}],"wp:term":[{"taxonomy":"product_brand","embeddable":true,"href":"https:\/\/horecapan.ro\/en\/wp-json\/wp\/v2\/product_brand?post=3528"},{"taxonomy":"product_cat","embeddable":true,"href":"https:\/\/horecapan.ro\/en\/wp-json\/wp\/v2\/product_cat?post=3528"},{"taxonomy":"product_tag","embeddable":true,"href":"https:\/\/horecapan.ro\/en\/wp-json\/wp\/v2\/product_tag?post=3528"}],"curies":[{"name":"wp","href":"https:\/\/api.w.org\/{rel}","templated":true}]}}