{"id":3520,"date":"2024-11-04T20:55:18","date_gmt":"2024-11-04T18:55:18","guid":{"rendered":"https:\/\/horecapan.ro\/?post_type=product&#038;p=3520"},"modified":"2024-11-04T20:55:18","modified_gmt":"2024-11-04T18:55:18","slug":"mixer-planetar-profesional","status":"publish","type":"product","link":"https:\/\/horecapan.ro\/en\/product\/mixer-planetar-profesional\/","title":{"rendered":"Mixer planetar profesional"},"content":{"rendered":"<div class=\"field field--name-field-descrizione-prodotto field--type-text-long field--label-hidden field--item\">\n<p>Dar ceea ce le face unice este utilizarea combinat\u0103 a dou\u0103 instrumente speciale \u00een\u00a0<b>produc\u021bia de aluaturi<\/b>: o spiral\u0103 interac\u021bioneaz\u0103 cu un al doilea instrument contra-rotativ care o contracareaz\u0103, ob\u021bin\u00e2nd astfel o dubl\u0103 rafinare a aluatului \u0219i o oxigenare mai mare datorit\u0103 efectului distribu\u021biei continue. Aceast\u0103 inven\u021bie brevetat\u0103 face din Aeromix\u00a0<b>cel mai bun mixer planetar pentru pizza \u0219i p\u00e2ine<\/b>, cu rezultate mai bune dec\u00e2t alte\u00a0<b>mixere planetare<\/b>, \u00een special \u00een formarea\u00a0<b>plasei de gluten<\/b>. Prin urmare, mixerul planetar devine \u0219i un\u00a0<b>mixer din<\/b>\u00a0toate punctele de vedere. Mixerele planetare<br \/>\nAeromix sunt\u00a0<b>mixere planetare italiene<\/b>.<\/p>\n<p><span>Aeromix este disponibil ca mixer planetar de 7,5 litri, 10 litri, 20 de litri, 30 de litri, 40 de litri, 60 de litri, 80 de litri, 100 de litri, 120 de litri \u0219i 160 de litri.<\/span><\/p>\n<p>Ma\u0219inile Aeromix sunt disponibile \u00een versiunea\u00a0<b><span style=\"color: e30713;\">mixer planetar 4.0<\/span><\/b>\u00a0\u00eencep\u00e2nd de la modelul de 40 de litri p\u00e2n\u0103 la modelul de 160 de litri cu varia\u021bie electronic\u0103 de vitez\u0103.<\/p>\n<\/div>\n<div class=\"field field--name-field-caratteristica-prodotto-1 field--type-string field--label-above col-sm-6 col-md-4\">\n<div class=\"field--label\"><strong>Caracteristici<\/strong><\/div>\n<div class=\"field--items\">\n<div class=\"field--item\">Cuplu mare la tura\u021bii mici ale motorului<\/div>\n<div class=\"field--item\">Rezervor din o\u021bel inoxidabil<\/div>\n<div class=\"field--item\">Cobor\u00e2re \u0219i ridicare motorizat\u0103 a rezervorului (40\u00f7160 L)<\/div>\n<div class=\"field--item\">Spa\u021biu total pentru scule (60\u00f7160 L)<\/div>\n<div class=\"field--item\">Cronometru, tahometru \u0219i termostat cu sond\u0103 cardiac\u0103 (60\u00f7160 L)<\/div>\n<div class=\"field--item\">Echipament standard: instrument spiralat \u0219i contrarotativ, lopat\u0103, tel.<\/div>\n<div class=\"field--item\">Rezervor pe ro\u021bi (60\u00f7160 L)<\/div>\n<div class=\"field--item\">Panou de control programabil 5 viteze + pauz\u0103 (60\u00f7160 L)<\/div>\n<div class=\"field--item\">Gr\u0103tar deta\u0219abil din o\u021bel inoxidabil<\/div>\n<div class=\"field--item\">Reglement\u0103ri CE &#8211; Certificare EAC<\/div>\n<\/div>\n<\/div>\n<div class=\"field field--name-field-elenco-optional field--type-text field--label-above col-sm-6 col-md-4\">\n<div><\/div>\n<div class=\"field--label\"><strong>Op\u021bionale<\/strong><\/div>\n<div class=\"field--items\">\n<div class=\"field--item\">Versiunea iMIX Industry 4.0 (40\u00f7160 L)<\/div>\n<div class=\"field--item\">Tensiuni speciale<\/div>\n<div class=\"field--item\">Izolarea aerului \u00een rezervor<\/div>\n<div class=\"field--item\">Versiune din o\u021bel inoxidabil<\/div>\n<div class=\"field--item\">Iluminat cad\u0103<\/div>\n<div class=\"field--item\">Dop de scurgere rezervor<\/div>\n<div class=\"field--item\">Sistem de cea\u021b\u0103 de ap\u0103<\/div>\n<div class=\"field--item\">Panou de control cu PLC<\/div>\n<div class=\"field--item\">Suport pentru scule de perete<\/div>\n<\/div>\n<\/div>\n","protected":false},"excerpt":{"rendered":"<p><b>Mixerele planetare profesionale<\/b>\u00a0din linia Aeromix dau cele mai bune rezultate \u00een\u00a0<b>preparatele pentru patiserie \u0219i gastronomie<\/b>, cu utilizarea telului pentru produse b\u0103tute \u0219i cu paletele pentru emulsii.<\/p>\n","protected":false},"featured_media":3521,"menu_order":0,"template":"","meta":{"inline_featured_image":false},"product_brand":[],"product_cat":[66],"product_tag":[],"class_list":{"0":"post-3520","1":"product","2":"type-product","3":"status-publish","4":"has-post-thumbnail","6":"product_cat-patiserie","8":"first","9":"instock","10":"taxable","11":"shipping-taxable","12":"product-type-simple"},"_links":{"self":[{"href":"https:\/\/horecapan.ro\/en\/wp-json\/wp\/v2\/product\/3520","targetHints":{"allow":["GET"]}}],"collection":[{"href":"https:\/\/horecapan.ro\/en\/wp-json\/wp\/v2\/product"}],"about":[{"href":"https:\/\/horecapan.ro\/en\/wp-json\/wp\/v2\/types\/product"}],"version-history":[{"count":1,"href":"https:\/\/horecapan.ro\/en\/wp-json\/wp\/v2\/product\/3520\/revisions"}],"predecessor-version":[{"id":3527,"href":"https:\/\/horecapan.ro\/en\/wp-json\/wp\/v2\/product\/3520\/revisions\/3527"}],"wp:featuredmedia":[{"embeddable":true,"href":"https:\/\/horecapan.ro\/en\/wp-json\/wp\/v2\/media\/3521"}],"wp:attachment":[{"href":"https:\/\/horecapan.ro\/en\/wp-json\/wp\/v2\/media?parent=3520"}],"wp:term":[{"taxonomy":"product_brand","embeddable":true,"href":"https:\/\/horecapan.ro\/en\/wp-json\/wp\/v2\/product_brand?post=3520"},{"taxonomy":"product_cat","embeddable":true,"href":"https:\/\/horecapan.ro\/en\/wp-json\/wp\/v2\/product_cat?post=3520"},{"taxonomy":"product_tag","embeddable":true,"href":"https:\/\/horecapan.ro\/en\/wp-json\/wp\/v2\/product_tag?post=3520"}],"curies":[{"name":"wp","href":"https:\/\/api.w.org\/{rel}","templated":true}]}}