{"id":3512,"date":"2024-11-04T20:48:22","date_gmt":"2024-11-04T18:48:22","guid":{"rendered":"https:\/\/horecapan.ro\/?post_type=product&#038;p=3512"},"modified":"2024-11-04T20:50:37","modified_gmt":"2024-11-04T18:50:37","slug":"masina-pentru-format-furescuri-si-ecler","status":"publish","type":"product","link":"https:\/\/horecapan.ro\/en\/product\/masina-pentru-format-furescuri-si-ecler\/","title":{"rendered":"Masina pentru format furescuri si Ecler,"},"content":{"rendered":"<p>\u2022 \u00cen acela\u0219i mod, pute\u021bi realiza produse \u00een form\u0103 cu matri\u021be fixe op\u021bionale.<br \/>\n\u2022 Posibilitatea de a turna produse \u00een diferite forme cu matri\u021be cu 6 sau 8 r\u00e2nduri.<br \/>\n\u2022 Pute\u021bi direc\u021biona cu u\u0219urin\u021b\u0103 produc\u021bia cu ecranul PLC tactil de 7&#8242;. Are 999 de memorii de program. Exist\u0103 op\u021biuni de limb\u0103 turc\u0103 \u0219i englez\u0103.<br \/>\n\u2022 Transportorul special conceput, u\u0219or de demontat \u0219i instalat \u0219i dezasamblarea duzelor de desc\u0103rcare pot fi cur\u0103\u021bate rapid \u0219i practic. Este potrivit pentru amestecuri de aluat dense \u0219i reci.<br \/>\n\u2022 Poate func\u021biona cu t\u0103vi de 400 mm l\u0103\u021bime. Dac\u0103 dori\u021bi, pute\u021bi turna produse plate, rotunde, lungi, sub\u021biri sau \u00een form\u0103 de stea. Pute\u021bi imprima cu u\u0219urin\u021b\u0103 produse precum eclere \u0219i aluat patashu.<br \/>\n\u2022 Pute\u021bi imprima mai mult de 100 de tipuri de produse cu o mare varietate de stiluri.<br \/>\n\u2022 Are caracteristica de schimbare, dezasamblare, instalare \u0219i cur\u0103\u021bare u\u0219oar\u0103 a matri\u021bei. Ma\u0219ina este proiectat\u0103 pentru o produc\u021bie continu\u0103 \u0219i precis\u0103.<\/p>\n<p><strong>Specifica\u021bii tehnice<\/strong><\/p>\n<p>L\u0103\u021bime; 132 cm<\/p>\n<p>Lungime: 192 cm<\/p>\n<p>Altitudine: 141 cm<\/p>\n<p>Bunc\u0103r de aluat: 20 kg<\/p>\n<p>Greutate: 400 kg<\/p>\n<p>Consumul de energie electric\u0103: 380V \/ 3.5KW<\/p>\n<p>Capacitate (pe or\u0103): 160 \u2013 250 kg<\/p>\n","protected":false},"excerpt":{"rendered":"<p>Este o ma\u0219in\u0103 pentru turnarea biscui\u021bilor, pr\u0103jiturilor uscate, eclerelor, migdalelor amare, bezelor.<\/p>\n<p>Pute\u021bi realiza produse fixe, rotative \u0219i t\u0103iate cu s\u00e2rm\u0103.<\/p>\n<p>Produse precum pr\u0103jiturile cu brio\u0219e \u0219i pr\u0103jiturile cu aluat lichid sunt realizate cu aparate op\u021bionale.<\/p>\n","protected":false},"featured_media":3513,"menu_order":0,"template":"","meta":{"inline_featured_image":false},"product_brand":[],"product_cat":[66],"product_tag":[],"class_list":{"0":"post-3512","1":"product","2":"type-product","3":"status-publish","4":"has-post-thumbnail","6":"product_cat-patiserie","8":"first","9":"instock","10":"taxable","11":"shipping-taxable","12":"product-type-simple"},"_links":{"self":[{"href":"https:\/\/horecapan.ro\/en\/wp-json\/wp\/v2\/product\/3512","targetHints":{"allow":["GET"]}}],"collection":[{"href":"https:\/\/horecapan.ro\/en\/wp-json\/wp\/v2\/product"}],"about":[{"href":"https:\/\/horecapan.ro\/en\/wp-json\/wp\/v2\/types\/product"}],"version-history":[{"count":3,"href":"https:\/\/horecapan.ro\/en\/wp-json\/wp\/v2\/product\/3512\/revisions"}],"predecessor-version":[{"id":3519,"href":"https:\/\/horecapan.ro\/en\/wp-json\/wp\/v2\/product\/3512\/revisions\/3519"}],"wp:featuredmedia":[{"embeddable":true,"href":"https:\/\/horecapan.ro\/en\/wp-json\/wp\/v2\/media\/3513"}],"wp:attachment":[{"href":"https:\/\/horecapan.ro\/en\/wp-json\/wp\/v2\/media?parent=3512"}],"wp:term":[{"taxonomy":"product_brand","embeddable":true,"href":"https:\/\/horecapan.ro\/en\/wp-json\/wp\/v2\/product_brand?post=3512"},{"taxonomy":"product_cat","embeddable":true,"href":"https:\/\/horecapan.ro\/en\/wp-json\/wp\/v2\/product_cat?post=3512"},{"taxonomy":"product_tag","embeddable":true,"href":"https:\/\/horecapan.ro\/en\/wp-json\/wp\/v2\/product_tag?post=3512"}],"curies":[{"name":"wp","href":"https:\/\/api.w.org\/{rel}","templated":true}]}}