{"id":3469,"date":"2024-11-04T20:06:00","date_gmt":"2024-11-04T18:06:00","guid":{"rendered":"https:\/\/horecapan.ro\/?post_type=product&#038;p=3469"},"modified":"2024-11-04T20:06:01","modified_gmt":"2024-11-04T18:06:01","slug":"dr-14-11-separatoare-de-banc","status":"publish","type":"product","link":"https:\/\/horecapan.ro\/en\/product\/dr-14-11-separatoare-de-banc\/","title":{"rendered":"DR 14-11 Separatoare de banc"},"content":{"rendered":"<div class=\"field field--name-field-caratteristica-prodotto-1 field--type-string field--label-above col-sm-6 col-md-4\">\n<div class=\"field--label\"><strong>Caracteristici<\/strong><\/div>\n<div class=\"field--items\">\n<div class=\"field--item\">T\u0103iere manual\u0103 din 14 sau 11 divizii<\/div>\n<div class=\"field--item\">Rotunjire automat\u0103 cu temporizator<\/div>\n<div class=\"field--item\">Reglement\u0103ri CE<\/div>\n<div class=\"field--item\">Certificare EAC<\/div>\n<\/div>\n<\/div>\n<div class=\"field field--name-field-elenco-optional field--type-text field--label-above col-sm-6 col-md-4\">\n<div><\/div>\n<div class=\"field--label\"><strong>Op\u021bionale<\/strong><\/div>\n<div class=\"field--items\">\n<div class=\"field--item\">Tensiuni speciale<\/div>\n<div class=\"field--item\">Pahare personalizate<\/div>\n<\/div>\n<\/div>\n","protected":false},"excerpt":{"rendered":"<p>Este cea mai modern\u0103 sintez\u0103 a celor mai vechi dou\u0103 sisteme de rupere \u0219i rotunjire a por\u021biilor de aluat de p\u00e2ine \u0219i pizza. Ma\u0219ina v\u0103 permite s\u0103 rupe\u021bi \u0219i s\u0103 rotunji\u021bi aproximativ 800\/1000 de por\u021bii de paste pe or\u0103. Por\u021biile pot fi de la 150 la 320 g cu unitatea de t\u0103iere cu paisprezece diviziuni \u0219i de la 300 la 650 g cu unitatea de t\u0103iere cu unsprezece divizii. Unitatea de t\u0103iere, realizat\u0103 \u00een \u00eentregime din o\u021bel inoxidabil, poate fi dezasamblat\u0103 cu u\u0219urin\u021b\u0103 pentru \u00eenlocuire sau sp\u0103lare. Datorit\u0103 unui sistem de rotunjire c\u00e2t mai apropiat de abilit\u0103\u021bile manuale ale produc\u0103torului de pizza, aluatul nu sufer\u0103 niciun stres, iar bilele sunt \u00eentotdeauna perfecte. Utilizarea este extrem de simpl\u0103 \u0219i permite personalului necalificat s\u0103 ob\u021bin\u0103 rezultate excelente f\u0103r\u0103 niciun efort fizic. Economise\u0219te spa\u021biu \u0219i este foarte practic, este, de asemenea, incredibil de economic.<\/p>\n","protected":false},"featured_media":3470,"menu_order":0,"template":"","meta":{"inline_featured_image":false},"product_brand":[],"product_cat":[36],"product_tag":[],"class_list":{"0":"post-3469","1":"product","2":"type-product","3":"status-publish","4":"has-post-thumbnail","6":"product_cat-pizzerie","8":"first","9":"instock","10":"taxable","11":"shipping-taxable","12":"product-type-simple"},"_links":{"self":[{"href":"https:\/\/horecapan.ro\/en\/wp-json\/wp\/v2\/product\/3469","targetHints":{"allow":["GET"]}}],"collection":[{"href":"https:\/\/horecapan.ro\/en\/wp-json\/wp\/v2\/product"}],"about":[{"href":"https:\/\/horecapan.ro\/en\/wp-json\/wp\/v2\/types\/product"}],"version-history":[{"count":1,"href":"https:\/\/horecapan.ro\/en\/wp-json\/wp\/v2\/product\/3469\/revisions"}],"predecessor-version":[{"id":3474,"href":"https:\/\/horecapan.ro\/en\/wp-json\/wp\/v2\/product\/3469\/revisions\/3474"}],"wp:featuredmedia":[{"embeddable":true,"href":"https:\/\/horecapan.ro\/en\/wp-json\/wp\/v2\/media\/3470"}],"wp:attachment":[{"href":"https:\/\/horecapan.ro\/en\/wp-json\/wp\/v2\/media?parent=3469"}],"wp:term":[{"taxonomy":"product_brand","embeddable":true,"href":"https:\/\/horecapan.ro\/en\/wp-json\/wp\/v2\/product_brand?post=3469"},{"taxonomy":"product_cat","embeddable":true,"href":"https:\/\/horecapan.ro\/en\/wp-json\/wp\/v2\/product_cat?post=3469"},{"taxonomy":"product_tag","embeddable":true,"href":"https:\/\/horecapan.ro\/en\/wp-json\/wp\/v2\/product_tag?post=3469"}],"curies":[{"name":"wp","href":"https:\/\/api.w.org\/{rel}","templated":true}]}}