{"id":3426,"date":"2024-10-31T15:35:57","date_gmt":"2024-10-31T13:35:57","guid":{"rendered":"https:\/\/horecapan.ro\/?post_type=product&#038;p=3426"},"modified":"2024-11-04T19:42:28","modified_gmt":"2024-11-04T17:42:28","slug":"cuptor-cu-raft-rotativ-lider-90","status":"publish","type":"product","link":"https:\/\/horecapan.ro\/en\/product\/cuptor-cu-raft-rotativ-lider-90\/","title":{"rendered":"Cuptor cu raft rotativ LIDER 90"},"content":{"rendered":"<p><em><span class=\"EzKURWReUAB5oZgtQNkl\" data-src-align=\"0:5\">L\u0103\u021bime<\/span> <span class=\"EzKURWReUAB5oZgtQNkl\" data-src-align=\"8:6\">x Lungime<\/span> <span class=\"EzKURWReUAB5oZgtQNkl\" data-src-align=\"17:6\">x \u00cen\u0103l\u021bime<\/span>: <span class=\"EzKURWReUAB5oZgtQNkl\" data-src-align=\"29:1\">1443 x<\/span> <span class=\"EzKURWReUAB5oZgtQNkl\" data-src-align=\"36:1\">2000 x 2100<\/span> <span class=\"EzKURWReUAB5oZgtQNkl\" data-src-align=\"38:12\">mm<\/span><\/em><\/p>\n<p><em><span class=\"EzKURWReUAB5oZgtQNkl\" data-src-align=\"38:12\">Greutate:<\/span> <span class=\"EzKURWReUAB5oZgtQNkl\" data-src-align=\"56:160\">1.400 kg<\/span><\/em><\/p>\n<p><em><span class=\"EzKURWReUAB5oZgtQNkl\" data-src-align=\"56:160\">Specifica\u021bii de energie electric\u0103:380 V 50-60 Hz N+pe 3 Faz(faz\u0103)<\/span><\/em><\/p>\n<p><em><span class=\"EzKURWReUAB5oZgtQNkl\" data-src-align=\"56:160\">Putere electric\u0103:52,5 * &#8211; 4,1 k<\/span><\/em><\/p>\n<p><em><span class=\"EzKURWReUAB5oZgtQNkl\" data-src-align=\"56:160\">Capacitate de gr\u00e2u:51.600 kcal\/h<\/span><\/em><\/p>\n<p><em><span class=\"EzKURWReUAB5oZgtQNkl\" data-src-align=\"56:160\">Capacitate termic\u0103:31.000 kcal\/hMax.<\/span> <\/em><\/p>\n<p><em><span class=\"EzKURWReUAB5oZgtQNkl\" data-src-align=\"217:11\">Temperatura<\/span><span class=\"EzKURWReUAB5oZgtQNkl\" data-src-align=\"232:1\">: 300 CP<\/span> <\/em><\/p>\n<p><em><span class=\"EzKURWReUAB5oZgtQNkl\" data-src-align=\"241:3\">Gaz<\/span> <span class=\"EzKURWReUAB5oZgtQNkl\" data-src-align=\"233:7\">Natural<\/span>: <span class=\"EzKURWReUAB5oZgtQNkl\" data-src-align=\"247:9\">6 m3<\/span><\/em><\/p>\n<p><em><span class=\"EzKURWReUAB5oZgtQNkl\" data-src-align=\"247:9\">Motorin\u0103:<\/span> <span class=\"EzKURWReUAB5oZgtQNkl\" data-src-align=\"278:8\">4,91 \/<\/span> <span class=\"EzKURWReUAB5oZgtQNkl\" data-src-align=\"262:7\">evacuare<\/span> <\/em><\/p>\n<p><em><span class=\"EzKURWReUAB5oZgtQNkl\" data-src-align=\"270:7\">Diametru Co\u0219:<\/span> <span class=\"EzKURWReUAB5oZgtQNkl\" data-src-align=\"305:8\">207<\/span> <span class=\"EzKURWReUAB5oZgtQNkl\" data-src-align=\"287:9\">mm<\/span><\/em><\/p>\n<p><em><span class=\"EzKURWReUAB5oZgtQNkl\" data-src-align=\"287:9\">Diametru co\u0219 de fum:<\/span> <span class=\"EzKURWReUAB5oZgtQNkl\" data-src-align=\"318:2\">107 mm<\/span> <\/em><\/p>\n<p><em><span class=\"EzKURWReUAB5oZgtQNkl\" data-src-align=\"321:6\">Suprafa\u021b\u0103 de coacere<\/span> <span class=\"EzKURWReUAB5oZgtQNkl\" data-src-align=\"333:4\">min.<\/span><span class=\"EzKURWReUAB5oZgtQNkl\" data-src-align=\"338:1\">: 5<\/span><span class=\"EzKURWReUAB5oZgtQNkl\" data-src-align=\"340:17\">, 8m2<\/span><\/em><\/p>\n<p><em><span class=\"EzKURWReUAB5oZgtQNkl\" data-src-align=\"340:17\">Presiunea apei<\/span>: <span class=\"EzKURWReUAB5oZgtQNkl\" data-src-align=\"362:19\">3-5bar<\/span><\/em><\/p>\n<p><em><span class=\"EzKURWReUAB5oZgtQNkl\" data-src-align=\"362:19\">Dimensiune tava:<\/span> <span class=\"EzKURWReUAB5oZgtQNkl\" data-src-align=\"386:1\">600 x<\/span> <span class=\"EzKURWReUAB5oZgtQNkl\" data-src-align=\"388:11\">800mm<\/span><\/em><\/p>\n<p><em><span class=\"EzKURWReUAB5oZgtQNkl\" data-src-align=\"388:11\">Num\u0103r<\/span> <span class=\"EzKURWReUAB5oZgtQNkl\" data-src-align=\"403:5\">de t\u0103vi:<\/span> <span class=\"EzKURWReUAB5oZgtQNkl\" data-src-align=\"409:2\">12<\/span> <\/em><\/p>\n<p><em><span class=\"EzKURWReUAB5oZgtQNkl\" data-src-align=\"415:6\">* Designul<\/span> <span class=\"EzKURWReUAB5oZgtQNkl\" data-src-align=\"426:18\">\u0219i specifica\u021biile pot<\/span> <span class=\"EzKURWReUAB5oZgtQNkl\" data-src-align=\"448:7\">fi modificate<\/span>.<\/em><\/p>\n","protected":false},"excerpt":{"rendered":"<p><em><span class=\"EzKURWReUAB5oZgtQNkl\" data-src-align=\"0:19\">Descrierea Produsului:<\/span><\/em><\/p>\n<p><em> <span class=\"EzKURWReUAB5oZgtQNkl\" data-src-align=\"21:6\">Cuptoare rotative<\/span> <span class=\"EzKURWReUAB5oZgtQNkl\" data-src-align=\"34:8\">destinate<\/span> <span class=\"EzKURWReUAB5oZgtQNkl\" data-src-align=\"46:4\">coacerii<\/span> <span class=\"EzKURWReUAB5oZgtQNkl\" data-src-align=\"51:5\">p\u00e2inii<\/span> <span class=\"EzKURWReUAB5oZgtQNkl\" data-src-align=\"57:3\">\u0219i<\/span> <span class=\"EzKURWReUAB5oZgtQNkl\" data-src-align=\"61:15\">produselor de patiserie,<\/span> i<span class=\"EzKURWReUAB5oZgtQNkl\" data-src-align=\"84:10\">zolarea<\/span> <span class=\"EzKURWReUAB5oZgtQNkl\" data-src-align=\"79:4\">termic\u0103<\/span> <span class=\"EzKURWReUAB5oZgtQNkl\" data-src-align=\"98:8\">este \u00eembun\u0103t\u0103\u021bit\u0103<\/span> <span class=\"EzKURWReUAB5oZgtQNkl\" data-src-align=\"111:4\">\u0219i u\u0219a<\/span> <span class=\"EzKURWReUAB5oZgtQNkl\" data-src-align=\"123:6\">poate fi deschis\u0103<\/span> <span class=\"EzKURWReUAB5oZgtQNkl\" data-src-align=\"135:6\">din interior.c<\/span><span class=\"EzKURWReUAB5oZgtQNkl\" data-src-align=\"143:7\">amera de ardere<\/span>, <span class=\"EzKURWReUAB5oZgtQNkl\" data-src-align=\"160:6\">camera de coacere<\/span> <span class=\"EzKURWReUAB5oZgtQNkl\" data-src-align=\"179:8\">\u0219i caroseria<\/span> <span class=\"EzKURWReUAB5oZgtQNkl\" data-src-align=\"188:2\">sunt<\/span> <span class=\"EzKURWReUAB5oZgtQNkl\" data-src-align=\"191:5\">produse Integral<\/span> <span class=\"EzKURWReUAB5oZgtQNkl\" data-src-align=\"222:5\">din o\u021bel<\/span> <span class=\"EzKURWReUAB5oZgtQNkl\" data-src-align=\"209:9\">inoxidabil<\/span> <span class=\"EzKURWReUAB5oZgtQNkl\" data-src-align=\"229:19\">Economie de combustibil datorit\u0103<\/span> <span class=\"EzKURWReUAB5oZgtQNkl\" data-src-align=\"252:3\">a dou\u0103<\/span> <span class=\"EzKURWReUAB5oZgtQNkl\" data-src-align=\"256:6\">straturi<\/span> <span class=\"EzKURWReUAB5oZgtQNkl\" data-src-align=\"266:10\">de izola\u021bie<\/span> <span class=\"EzKURWReUAB5oZgtQNkl\" data-src-align=\"278:8\">Grup rotativ<\/span> <span class=\"EzKURWReUAB5oZgtQNkl\" data-src-align=\"293:4\">cu<\/span> <span class=\"EzKURWReUAB5oZgtQNkl\" data-src-align=\"298:23\">sistem reductor<\/span> <span class=\"EzKURWReUAB5oZgtQNkl\" data-src-align=\"352:4\">U\u0219\u0103<\/span> <span class=\"EzKURWReUAB5oZgtQNkl\" data-src-align=\"339:6\">dubl\u0103<\/span> <span class=\"EzKURWReUAB5oZgtQNkl\" data-src-align=\"346:5\">din sticl\u0103<\/span> <span class=\"EzKURWReUAB5oZgtQNkl\" data-src-align=\"323:9\">din o\u021bel inoxidabil<\/span> <span class=\"EzKURWReUAB5oZgtQNkl\" data-src-align=\"367:6\">Echilibru perfect de coacere<\/span> <span class=\"EzKURWReUAB5oZgtQNkl\" data-src-align=\"382:4\">cu<\/span> <span class=\"EzKURWReUAB5oZgtQNkl\" data-src-align=\"406:8\">canale<\/span> <span class=\"EzKURWReUAB5oZgtQNkl\" data-src-align=\"387:18\">de aer cald reglabile<\/span> <span class=\"EzKURWReUAB5oZgtQNkl\" data-src-align=\"424:6\">Coacere<\/span> <span class=\"EzKURWReUAB5oZgtQNkl\" data-src-align=\"416:7\">s\u0103n\u0103toas\u0103<\/span> <span class=\"EzKURWReUAB5oZgtQNkl\" data-src-align=\"431:4\">cu<\/span> <span class=\"EzKURWReUAB5oZgtQNkl\" data-src-align=\"450:8\">transfer<\/span> <span class=\"EzKURWReUAB5oZgtQNkl\" data-src-align=\"436:8\">indirect<\/span> <span class=\"EzKURWReUAB5oZgtQNkl\" data-src-align=\"445:4\">de c\u0103ldur\u0103<\/span> <span class=\"EzKURWReUAB5oZgtQNkl\" data-src-align=\"471:4\">Disc<\/span> <span class=\"EzKURWReUAB5oZgtQNkl\" data-src-align=\"466:4\">de baz\u0103<\/span> <span class=\"EzKURWReUAB5oZgtQNkl\" data-src-align=\"460:5\">de 10 mm<\/span> <span class=\"EzKURWReUAB5oZgtQNkl\" data-src-align=\"481:7\">care permite<\/span> <span class=\"EzKURWReUAB5oZgtQNkl\" data-src-align=\"492:4\">coacerea<\/span> <span class=\"EzKURWReUAB5oZgtQNkl\" data-src-align=\"503:8\">produselor<\/span> <span class=\"EzKURWReUAB5oZgtQNkl\" data-src-align=\"497:5\">grele<\/span> <span class=\"EzKURWReUAB5oZgtQNkl\" data-src-align=\"520:7\">Poate fi alimentat<\/span> <span class=\"EzKURWReUAB5oZgtQNkl\" data-src-align=\"533:6\">cu motorin\u0103,<\/span> <span class=\"EzKURWReUAB5oZgtQNkl\" data-src-align=\"541:3\">GPL<\/span>, <span class=\"EzKURWReUAB5oZgtQNkl\" data-src-align=\"554:3\">gaz<\/span> <span class=\"EzKURWReUAB5oZgtQNkl\" data-src-align=\"546:7\">natural<\/span> <span class=\"EzKURWReUAB5oZgtQNkl\" data-src-align=\"558:2\">sau<\/span> <span class=\"EzKURWReUAB5oZgtQNkl\" data-src-align=\"561:8\">electric<\/span> <span class=\"EzKURWReUAB5oZgtQNkl\" data-src-align=\"571:5\">Design<\/span> <span class=\"EzKURWReUAB5oZgtQNkl\" data-src-align=\"577:13\">cu valoare ad\u0103ugat\u0103<\/span> <span class=\"EzKURWReUAB5oZgtQNkl\" data-src-align=\"610:10\">Termostat<\/span> <span class=\"EzKURWReUAB5oZgtQNkl\" data-src-align=\"592:10\">de siguran\u021b\u0103 colateral<\/span> <span class=\"EzKURWReUAB5oZgtQNkl\" data-src-align=\"621:3\">pentru<\/span> <span class=\"EzKURWReUAB5oZgtQNkl\" data-src-align=\"633:9\">o func\u021bionare<\/span> <span class=\"EzKURWReUAB5oZgtQNkl\" data-src-align=\"627:5\">mai sigur\u0103<\/span> <span class=\"EzKURWReUAB5oZgtQNkl\" data-src-align=\"644:38\">Panou de control Rezistent la c\u0103ldur\u0103 \u0219i abur<\/span> <span class=\"EzKURWReUAB5oZgtQNkl\" data-src-align=\"684:61\">Panou de control cu ecran tactil PLC Electro-mecanic sau op\u021bional<\/span> <span class=\"EzKURWReUAB5oZgtQNkl\" data-src-align=\"756:5\">Abur<\/span> <span class=\"EzKURWReUAB5oZgtQNkl\" data-src-align=\"747:8\">puternic<\/span> <span class=\"EzKURWReUAB5oZgtQNkl\" data-src-align=\"762:4\">cu<\/span> <span class=\"EzKURWReUAB5oZgtQNkl\" data-src-align=\"776:6\">electrovalve<\/span> <span class=\"EzKURWReUAB5oZgtQNkl\" data-src-align=\"799:12\">Poate fi complet dezasamblat<\/span> <span class=\"EzKURWReUAB5oZgtQNkl\" data-src-align=\"812:3\">\u0219i<\/span> <span class=\"EzKURWReUAB5oZgtQNkl\" data-src-align=\"820:4\">poate trece<\/span> <span class=\"EzKURWReUAB5oZgtQNkl\" data-src-align=\"835:13\">printr-o u\u0219\u0103 standard<\/span> <span class=\"EzKURWReUAB5oZgtQNkl\" data-src-align=\"861:9\">Datorit\u0103 clearance<\/span><span class=\"EzKURWReUAB5oZgtQNkl\" data-src-align=\"857:3\">-ul sc\u0103zut<\/span> <span class=\"EzKURWReUAB5oZgtQNkl\" data-src-align=\"871:3\">poate<\/span> <span class=\"EzKURWReUAB5oZgtQNkl\" data-src-align=\"878:8\">fi operat<\/span> <span class=\"EzKURWReUAB5oZgtQNkl\" data-src-align=\"890:12\">la supermarket<\/span><span class=\"EzKURWReUAB5oZgtQNkl\" data-src-align=\"903:2\">-uri<\/span> <span class=\"EzKURWReUAB5oZgtQNkl\" data-src-align=\"906:14\">sau mall-uri.<\/span><\/em><\/p>\n","protected":false},"featured_media":3427,"menu_order":0,"template":"","meta":{"inline_featured_image":false},"product_brand":[],"product_cat":[31],"product_tag":[],"class_list":{"0":"post-3426","1":"product","2":"type-product","3":"status-publish","4":"has-post-thumbnail","6":"product_cat-panificatie","8":"first","9":"instock","10":"taxable","11":"shipping-taxable","12":"product-type-simple"},"_links":{"self":[{"href":"https:\/\/horecapan.ro\/en\/wp-json\/wp\/v2\/product\/3426","targetHints":{"allow":["GET"]}}],"collection":[{"href":"https:\/\/horecapan.ro\/en\/wp-json\/wp\/v2\/product"}],"about":[{"href":"https:\/\/horecapan.ro\/en\/wp-json\/wp\/v2\/types\/product"}],"version-history":[{"count":1,"href":"https:\/\/horecapan.ro\/en\/wp-json\/wp\/v2\/product\/3426\/revisions"}],"predecessor-version":[{"id":3441,"href":"https:\/\/horecapan.ro\/en\/wp-json\/wp\/v2\/product\/3426\/revisions\/3441"}],"wp:featuredmedia":[{"embeddable":true,"href":"https:\/\/horecapan.ro\/en\/wp-json\/wp\/v2\/media\/3427"}],"wp:attachment":[{"href":"https:\/\/horecapan.ro\/en\/wp-json\/wp\/v2\/media?parent=3426"}],"wp:term":[{"taxonomy":"product_brand","embeddable":true,"href":"https:\/\/horecapan.ro\/en\/wp-json\/wp\/v2\/product_brand?post=3426"},{"taxonomy":"product_cat","embeddable":true,"href":"https:\/\/horecapan.ro\/en\/wp-json\/wp\/v2\/product_cat?post=3426"},{"taxonomy":"product_tag","embeddable":true,"href":"https:\/\/horecapan.ro\/en\/wp-json\/wp\/v2\/product_tag?post=3426"}],"curies":[{"name":"wp","href":"https:\/\/api.w.org\/{rel}","templated":true}]}}