{"id":3389,"date":"2024-10-30T12:30:17","date_gmt":"2024-10-30T10:30:17","guid":{"rendered":"https:\/\/horecapan.ro\/?post_type=product&#038;p=3389"},"modified":"2024-11-04T19:37:54","modified_gmt":"2024-11-04T17:37:54","slug":"linie-de-productie-automata-pentru-sandwich-paine-prajitahamburger-si-diverse-tipuri-de-paine","status":"publish","type":"product","link":"https:\/\/horecapan.ro\/en\/product\/linie-de-productie-automata-pentru-sandwich-paine-prajitahamburger-si-diverse-tipuri-de-paine\/","title":{"rendered":"Linie de productie automata pentru sandwich ,paine prajita,hamburger si diverse tipuri de paine"},"content":{"rendered":"<p><em><span class=\"EzKURWReUAB5oZgtQNkl\" data-src-align=\"0:7\">Pistoane<\/span><span class=\"EzKURWReUAB5oZgtQNkl\" data-src-align=\"13:25\">: 46 \/ 55 \/ 60mm <\/span><\/em><\/p>\n<p><em><span class=\"EzKURWReUAB5oZgtQNkl\" data-src-align=\"13:25\">Greutatea aluatului<\/span>:<span class=\"EzKURWReUAB5oZgtQNkl\" data-src-align=\"39:2\">33<\/span> &#8211; <span class=\"EzKURWReUAB5oZgtQNkl\" data-src-align=\"44:3\">110<\/span> \/ <span class=\"EzKURWReUAB5oZgtQNkl\" data-src-align=\"50:2\">50<\/span> &#8211; <span class=\"EzKURWReUAB5oZgtQNkl\" data-src-align=\"55:3\">160<\/span> \/ <span class=\"EzKURWReUAB5oZgtQNkl\" data-src-align=\"61:2\">60<\/span> &#8211; <span class=\"EzKURWReUAB5oZgtQNkl\" data-src-align=\"66:5\">180gr<\/span>.<\/em><\/p>\n","protected":false},"excerpt":{"rendered":"<p><em><span class=\"EzKURWReUAB5oZgtQNkl\" data-src-align=\"0:19\">Descrierea Produsului<\/span> <\/em><\/p>\n<p><em><span class=\"EzKURWReUAB5oZgtQNkl\" data-src-align=\"29:8\">CARACTERISTICI<\/span> <span class=\"EzKURWReUAB5oZgtQNkl\" data-src-align=\"21:7\">GENERALE<\/span><\/em><\/p>\n<p><em> <span class=\"EzKURWReUAB5oZgtQNkl\" data-src-align=\"42:51\">Defec\u021biunile electrice \u0219i electronice ale ma\u0219inii sunt<\/span> <span class=\"EzKURWReUAB5oZgtQNkl\" data-src-align=\"94:4\">v\u0103zute<\/span> <span class=\"EzKURWReUAB5oZgtQNkl\" data-src-align=\"113:2\">pe<\/span> <span class=\"EzKURWReUAB5oZgtQNkl\" data-src-align=\"106:6\">ecran<\/span> <span class=\"EzKURWReUAB5oZgtQNkl\" data-src-align=\"116:1\">ca o<\/span> <span class=\"EzKURWReUAB5oZgtQNkl\" data-src-align=\"119:7\">Imagine<\/span> <span class=\"EzKURWReUAB5oZgtQNkl\" data-src-align=\"131:6\">\u0219i avertizat<\/span> <span class=\"EzKURWReUAB5oZgtQNkl\" data-src-align=\"141:8\">\u00een scris.<\/span> <span class=\"EzKURWReUAB5oZgtQNkl\" data-src-align=\"160:8\">Set\u0103rile<\/span> <span class=\"EzKURWReUAB5oZgtQNkl\" data-src-align=\"152:7\">generale<\/span> <span class=\"EzKURWReUAB5oZgtQNkl\" data-src-align=\"176:7\">ale ma\u0219inii<\/span> <span class=\"EzKURWReUAB5oZgtQNkl\" data-src-align=\"184:3\">sunt<\/span> <span class=\"EzKURWReUAB5oZgtQNkl\" data-src-align=\"188:4\">realizate<\/span> <span class=\"EzKURWReUAB5oZgtQNkl\" data-src-align=\"198:33\">pe un ecran tactil cu PLC controlat.<\/span> <span class=\"EzKURWReUAB5oZgtQNkl\" data-src-align=\"234:3\">Programul PLC<\/span> <span class=\"EzKURWReUAB5oZgtQNkl\" data-src-align=\"253:7\">al ma\u0219inii<\/span> <span class=\"EzKURWReUAB5oZgtQNkl\" data-src-align=\"261:3\">poate<\/span> <span class=\"EzKURWReUAB5oZgtQNkl\" data-src-align=\"268:6\">fi \u00eenc\u0103rcat<\/span> <span class=\"EzKURWReUAB5oZgtQNkl\" data-src-align=\"275:5\">din<\/span> <span class=\"EzKURWReUAB5oZgtQNkl\" data-src-align=\"286:38\">nou cu acces de la distan\u021b\u0103 \u00een caz de stare de defec\u021biune.<\/span> <span class=\"EzKURWReUAB5oZgtQNkl\" data-src-align=\"335:8\">Por\u021biunile<\/span> <span class=\"EzKURWReUAB5oZgtQNkl\" data-src-align=\"327:7\">de lucru<\/span> <span class=\"EzKURWReUAB5oZgtQNkl\" data-src-align=\"348:62\">\u0219i curelele ma\u0219inii pot fi dezasamblate \u0219i asamblate cu u\u0219urin\u021b\u0103.<\/span> <span class=\"EzKURWReUAB5oZgtQNkl\" data-src-align=\"413:7\">Ma\u0219ina<\/span> <span class=\"EzKURWReUAB5oZgtQNkl\" data-src-align=\"424:7\">este cur\u0103\u021bat\u0103<\/span> <span class=\"EzKURWReUAB5oZgtQNkl\" data-src-align=\"432:6\">cu u\u0219urin\u021b\u0103<\/span>. <span class=\"EzKURWReUAB5oZgtQNkl\" data-src-align=\"446:7\">Ma\u0219ina<\/span> <span class=\"EzKURWReUAB5oZgtQNkl\" data-src-align=\"442:3\">noastr\u0103<\/span> <span class=\"EzKURWReUAB5oZgtQNkl\" data-src-align=\"454:2\">este<\/span> <span class=\"EzKURWReUAB5oZgtQNkl\" data-src-align=\"457:4\">unic\u0103<\/span> <span class=\"EzKURWReUAB5oZgtQNkl\" data-src-align=\"473:5\">\u00een propriul grup<\/span> <span class=\"EzKURWReUAB5oZgtQNkl\" data-src-align=\"482:6\">din Turcia<\/span>. <span class=\"EzKURWReUAB5oZgtQNkl\" data-src-align=\"492:7\">Ma\u0219ina<\/span> <span class=\"EzKURWReUAB5oZgtQNkl\" data-src-align=\"503:3\">nu<\/span> <span class=\"EzKURWReUAB5oZgtQNkl\" data-src-align=\"507:8\">este afectat\u0103<\/span> <span class=\"EzKURWReUAB5oZgtQNkl\" data-src-align=\"524:9\">de inciden\u021ba<\/span> <span class=\"EzKURWReUAB5oZgtQNkl\" data-src-align=\"519:4\">ridicat\u0103<\/span> <span class=\"EzKURWReUAB5oZgtQNkl\" data-src-align=\"563:7\">a schimb\u0103rilor<\/span> <span class=\"EzKURWReUAB5oZgtQNkl\" data-src-align=\"551:11\">de temperatur\u0103<\/span> <span class=\"EzKURWReUAB5oZgtQNkl\" data-src-align=\"537:13\">a mediului.<\/span> <span class=\"EzKURWReUAB5oZgtQNkl\" data-src-align=\"573:3\">Toate<\/span> <span class=\"EzKURWReUAB5oZgtQNkl\" data-src-align=\"577:11\">informa\u021biile<\/span> <span class=\"EzKURWReUAB5oZgtQNkl\" data-src-align=\"596:7\">aparatului<\/span> <span class=\"EzKURWReUAB5oZgtQNkl\" data-src-align=\"607:5\">sunt salvate<\/span> <span class=\"EzKURWReUAB5oZgtQNkl\" data-src-align=\"616:29\">\u00een memorie \u0219i utilizate tot timpul.<\/span> <span class=\"EzKURWReUAB5oZgtQNkl\" data-src-align=\"658:8\">Set\u0103rile<\/span> <span class=\"EzKURWReUAB5oZgtQNkl\" data-src-align=\"652:5\">de vitez\u0103<\/span> <span class=\"EzKURWReUAB5oZgtQNkl\" data-src-align=\"670:3\">ale<\/span> <span class=\"EzKURWReUAB5oZgtQNkl\" data-src-align=\"674:9\">tuturor transportoarelor<\/span> <span class=\"EzKURWReUAB5oZgtQNkl\" data-src-align=\"691:7\">din ma\u0219in\u0103<\/span> <span class=\"EzKURWReUAB5oZgtQNkl\" data-src-align=\"699:3\">pot<\/span> <span class=\"EzKURWReUAB5oZgtQNkl\" data-src-align=\"706:29\">fi ajustate la nivelul dorit.<\/span> <span class=\"EzKURWReUAB5oZgtQNkl\" data-src-align=\"738:7\">Ma\u0219ina<\/span> <span class=\"EzKURWReUAB5oZgtQNkl\" data-src-align=\"749:7\">este \u00eenv\u0103\u021bat\u0103<\/span> <span class=\"EzKURWReUAB5oZgtQNkl\" data-src-align=\"757:6\">cu u\u0219urin\u021b\u0103<\/span> <span class=\"EzKURWReUAB5oZgtQNkl\" data-src-align=\"764:3\">\u0219i<\/span> <span class=\"EzKURWReUAB5oZgtQNkl\" data-src-align=\"768:4\">utilizat\u0103<\/span> <span class=\"EzKURWReUAB5oZgtQNkl\" data-src-align=\"791:7\">SEPARATOR<\/span> <span class=\"EzKURWReUAB5oZgtQNkl\" data-src-align=\"774:10\">VOLUMETRIC<\/span> <span class=\"EzKURWReUAB5oZgtQNkl\" data-src-align=\"785:5\">DE ALUAT<\/span> <span class=\"EzKURWReUAB5oZgtQNkl\" data-src-align=\"807:24\">Corpul \u0219i piesele ma\u0219inii<\/span> <span class=\"EzKURWReUAB5oZgtQNkl\" data-src-align=\"832:3\">sunt<\/span> <span class=\"EzKURWReUAB5oZgtQNkl\" data-src-align=\"836:4\">fabricate<\/span> <span class=\"EzKURWReUAB5oZgtQNkl\" data-src-align=\"849:51\">din metal crom-nichel (Crni) (calitate 304), rezistent la rugin\u0103.<\/span> <span class=\"EzKURWReUAB5oZgtQNkl\" data-src-align=\"907:7\">Ma\u0219ina<\/span> <span class=\"EzKURWReUAB5oZgtQNkl\" data-src-align=\"918:4\">este capabil\u0103<\/span> <span class=\"EzKURWReUAB5oZgtQNkl\" data-src-align=\"926:5\">s\u0103 serveasc\u0103<\/span> <span class=\"EzKURWReUAB5oZgtQNkl\" data-src-align=\"934:6\">6 buc\u0103\u021bi<\/span> <span class=\"EzKURWReUAB5oZgtQNkl\" data-src-align=\"944:5\">de aluat<\/span> <span class=\"EzKURWReUAB5oZgtQNkl\" data-src-align=\"959:6\">la mase<\/span> <span class=\"EzKURWReUAB5oZgtQNkl\" data-src-align=\"953:5\">egale<\/span> <span class=\"EzKURWReUAB5oZgtQNkl\" data-src-align=\"972:7\">Ma\u0219ina<\/span> <span class=\"EzKURWReUAB5oZgtQNkl\" data-src-align=\"980:6\">taie<\/span> <span class=\"EzKURWReUAB5oZgtQNkl\" data-src-align=\"987:5\">aluatul<\/span> <span class=\"EzKURWReUAB5oZgtQNkl\" data-src-align=\"998:3\">care are<\/span> <span class=\"EzKURWReUAB5oZgtQNkl\" data-src-align=\"1009:5\">o gam\u0103<\/span> <span class=\"EzKURWReUAB5oZgtQNkl\" data-src-align=\"1004:4\">de mas\u0103<\/span> <span class=\"EzKURWReUAB5oZgtQNkl\" data-src-align=\"1018:7\">\u00eentre<\/span> <span class=\"EzKURWReUAB5oZgtQNkl\" data-src-align=\"1033:5\">50-160 de grame<\/span> <span class=\"EzKURWReUAB5oZgtQNkl\" data-src-align=\"1045:7\">Ma\u0219ina<\/span> <span class=\"EzKURWReUAB5oZgtQNkl\" data-src-align=\"1056:4\">este abie<\/span> <span class=\"EzKURWReUAB5oZgtQNkl\" data-src-align=\"1064:5\">s\u0103 taie \u0219i<\/span> <span class=\"EzKURWReUAB5oZgtQNkl\" data-src-align=\"1074:4\">s\u0103 rostogoleasc\u0103<\/span> <span class=\"EzKURWReUAB5oZgtQNkl\" data-src-align=\"1079:13\">aproximativ<\/span> <span class=\"EzKURWReUAB5oZgtQNkl\" data-src-align=\"1100:6\">10.000 de buc\u0103\u021bi<\/span> <span class=\"EzKURWReUAB5oZgtQNkl\" data-src-align=\"1110:4\">de aluat de p\u00e2ine pe<\/span> <span class=\"EzKURWReUAB5oZgtQNkl\" data-src-align=\"1131:4\">or\u0103<\/span> <span class=\"EzKURWReUAB5oZgtQNkl\" data-src-align=\"1138:14\">(hamburgerdough<\/span> <span class=\"EzKURWReUAB5oZgtQNkl\" data-src-align=\"1161:6\">-10.000 buc\u0103\u021bi<\/span>\/ <span class=\"EzKURWReUAB5oZgtQNkl\" data-src-align=\"1169:2\">or\u0103<\/span>, <span class=\"EzKURWReUAB5oZgtQNkl\" data-src-align=\"1173:8\">aluat sandwich<\/span> &#8211; <span class=\"EzKURWReUAB5oZgtQNkl\" data-src-align=\"1195:6\">7.000 buc\u0103\u021bi<\/span> <span class=\"EzKURWReUAB5oZgtQNkl\" data-src-align=\"1202:1\">1<\/span> <span class=\"EzKURWReUAB5oZgtQNkl\" data-src-align=\"1204:2\">or\u0103<\/span>) <span class=\"EzKURWReUAB5oZgtQNkl\" data-src-align=\"1218:10\">O atmesfer\u0103<\/span> <span class=\"EzKURWReUAB5oZgtQNkl\" data-src-align=\"1212:5\">curat\u0103<\/span> <span class=\"EzKURWReUAB5oZgtQNkl\" data-src-align=\"1232:7\">este creat\u0103<\/span> <span class=\"EzKURWReUAB5oZgtQNkl\" data-src-align=\"1244:2\">datorit\u0103<\/span> <span class=\"EzKURWReUAB5oZgtQNkl\" data-src-align=\"1251:3\">utiliz\u0103rii<\/span> <span class=\"EzKURWReUAB5oZgtQNkl\" data-src-align=\"1265:7\">unor cantit\u0103\u021bi<\/span> <span class=\"EzKURWReUAB5oZgtQNkl\" data-src-align=\"1258:6\">mici<\/span> <span class=\"EzKURWReUAB5oZgtQNkl\" data-src-align=\"1276:5\">de f\u0103in\u0103<\/span> <span class=\"EzKURWReUAB5oZgtQNkl\" data-src-align=\"1282:6\">\u00een<\/span> <span class=\"EzKURWReUAB5oZgtQNkl\" data-src-align=\"1293:7\">timpul felierii<\/span> <span class=\"EzKURWReUAB5oZgtQNkl\" data-src-align=\"1304:5\">aluatului<\/span> <span class=\"EzKURWReUAB5oZgtQNkl\" data-src-align=\"1316:7\">Cantit\u0103\u021bile<\/span> <span class=\"EzKURWReUAB5oZgtQNkl\" data-src-align=\"1327:12\">de f\u0103in\u0103 necesare<\/span> <span class=\"EzKURWReUAB5oZgtQNkl\" data-src-align=\"1340:3\">pot<\/span> <span class=\"EzKURWReUAB5oZgtQNkl\" data-src-align=\"1347:3\">fi setate<\/span> <span class=\"EzKURWReUAB5oZgtQNkl\" data-src-align=\"1366:5\">pentru aluatul<\/span> <span class=\"EzKURWReUAB5oZgtQNkl\" data-src-align=\"1359:6\">feliat<\/span> <span class=\"EzKURWReUAB5oZgtQNkl\" data-src-align=\"1378:7\">Ma\u0219ina<\/span> <span class=\"EzKURWReUAB5oZgtQNkl\" data-src-align=\"1395:28\">nu necesit\u0103 ulei manual,<\/span> <span class=\"EzKURWReUAB5oZgtQNkl\" data-src-align=\"1436:6\">sistemul<\/span> <span class=\"EzKURWReUAB5oZgtQNkl\" data-src-align=\"1429:6\">de ungere<\/span> <span class=\"EzKURWReUAB5oZgtQNkl\" data-src-align=\"1446:4\">se face<\/span> <span class=\"EzKURWReUAB5oZgtQNkl\" data-src-align=\"1451:13\">automat<\/span> &#8211; <span class=\"EzKURWReUAB5oZgtQNkl\" data-src-align=\"1471:7\">felierea<\/span> <span class=\"EzKURWReUAB5oZgtQNkl\" data-src-align=\"1482:5\">aluatului<\/span> <span class=\"EzKURWReUAB5oZgtQNkl\" data-src-align=\"1488:4\">f\u0103r\u0103<\/span> <span class=\"EzKURWReUAB5oZgtQNkl\" data-src-align=\"1496:8\">presiune<\/span> <span class=\"EzKURWReUAB5oZgtQNkl\" data-src-align=\"1505:3\">are<\/span> <span class=\"EzKURWReUAB5oZgtQNkl\" data-src-align=\"1520:7\">calitatea<\/span> <span class=\"EzKURWReUAB5oZgtQNkl\" data-src-align=\"1513:6\">sa unic\u0103<\/span><span class=\"EzKURWReUAB5oZgtQNkl\" data-src-align=\"1542:3\">, din care nu<\/span> <span class=\"EzKURWReUAB5oZgtQNkl\" data-src-align=\"1547:4\">fret<\/span> <span class=\"EzKURWReUAB5oZgtQNkl\" data-src-align=\"1556:5\">aluatul<\/span> <span class=\"EzKURWReUAB5oZgtQNkl\" data-src-align=\"1563:7\">PROOFER<\/span> <span class=\"EzKURWReUAB5oZgtQNkl\" data-src-align=\"1584:7\">Scopul<\/span> <span class=\"EzKURWReUAB5oZgtQNkl\" data-src-align=\"1579:4\">principal<\/span> <span class=\"EzKURWReUAB5oZgtQNkl\" data-src-align=\"1599:4\">al restului<\/span> <span class=\"EzKURWReUAB5oZgtQNkl\" data-src-align=\"1604:2\">este<\/span> <span class=\"EzKURWReUAB5oZgtQNkl\" data-src-align=\"1610:4\">de a lua<\/span> <span class=\"EzKURWReUAB5oZgtQNkl\" data-src-align=\"1619:3\">pre<\/span><span class=\"EzKURWReUAB5oZgtQNkl\" data-src-align=\"1623:6\">-stresul<\/span> <span class=\"EzKURWReUAB5oZgtQNkl\" data-src-align=\"1637:5\">aluatului<\/span> <span class=\"EzKURWReUAB5oZgtQNkl\" data-src-align=\"1649:6\">care este t\u0103iat<\/span> <span class=\"EzKURWReUAB5oZgtQNkl\" data-src-align=\"1673:7\">\u00een func\u021bie de greutate.<\/span> <span class=\"EzKURWReUAB5oZgtQNkl\" data-src-align=\"1695:5\">Aluatul<\/span> <span class=\"EzKURWReUAB5oZgtQNkl\" data-src-align=\"1687:1\">de<\/span> <span class=\"EzKURWReUAB5oZgtQNkl\" data-src-align=\"1689:5\">6 buc\u0103\u021bi<\/span> <span class=\"EzKURWReUAB5oZgtQNkl\" data-src-align=\"1710:6\">care vine<\/span> <span class=\"EzKURWReUAB5oZgtQNkl\" data-src-align=\"1726:39\">de la ma\u0219ina de t\u0103iat se sprijin\u0103 pe boluri.<\/span> <span class=\"EzKURWReUAB5oZgtQNkl\" data-src-align=\"1782:18\">La ie\u0219irea din proofer, aluatul<\/span> <span class=\"EzKURWReUAB5oZgtQNkl\" data-src-align=\"1804:7\">este redus<\/span> <span class=\"EzKURWReUAB5oZgtQNkl\" data-src-align=\"1815:1\">la 3<\/span> <span class=\"EzKURWReUAB5oZgtQNkl\" data-src-align=\"1821:36\">\u0219i transferat \u00een sec\u021biunea de manipulare.<\/span> <span class=\"EzKURWReUAB5oZgtQNkl\" data-src-align=\"1864:7\">Co\u0219urile<\/span> <span class=\"EzKURWReUAB5oZgtQNkl\" data-src-align=\"1872:3\">sunt<\/span> <span class=\"EzKURWReUAB5oZgtQNkl\" data-src-align=\"1876:4\">realizate<\/span> <span class=\"EzKURWReUAB5oZgtQNkl\" data-src-align=\"1884:12\">din material polimeric 100<\/span><span class=\"EzKURWReUAB5oZgtQNkl\" data-src-align=\"1907:24\">%, Potrivit pentru Codex alimentar.<\/span> &#8211; <span class=\"EzKURWReUAB5oZgtQNkl\" data-src-align=\"1947:9\">Exist\u0103 86 de casete<\/span> <span class=\"EzKURWReUAB5oZgtQNkl\" data-src-align=\"1961:3\">\u0219i<\/span> <span class=\"EzKURWReUAB5oZgtQNkl\" data-src-align=\"1965:6\">516<\/span> <span class=\"EzKURWReUAB5oZgtQNkl\" data-src-align=\"1975:5\">buc\u0103\u021bi de boluri<\/span>. <span class=\"EzKURWReUAB5oZgtQNkl\" data-src-align=\"2000:4\">Timpul<\/span> <span class=\"EzKURWReUAB5oZgtQNkl\" data-src-align=\"1984:7\">maxim<\/span> <span class=\"EzKURWReUAB5oZgtQNkl\" data-src-align=\"1992:7\">de odihn\u0103<\/span> <span class=\"EzKURWReUAB5oZgtQNkl\" data-src-align=\"2005:2\">este<\/span> <span class=\"EzKURWReUAB5oZgtQNkl\" data-src-align=\"2010:8\">de 5 minute.<\/span> <span class=\"EzKURWReUAB5oZgtQNkl\" data-src-align=\"2027:2\">Exist\u0103<\/span> <span class=\"EzKURWReUAB5oZgtQNkl\" data-src-align=\"2044:4\">o band\u0103<\/span> <span class=\"EzKURWReUAB5oZgtQNkl\" data-src-align=\"2032:11\">de trecere direct\u0103<\/span> <span class=\"EzKURWReUAB5oZgtQNkl\" data-src-align=\"2049:5\">sub<\/span> <span class=\"EzKURWReUAB5oZgtQNkl\" data-src-align=\"2067:5\">bolurile<\/span> <span class=\"EzKURWReUAB5oZgtQNkl\" data-src-align=\"2059:7\">de odihn\u0103<\/span> <span class=\"EzKURWReUAB5oZgtQNkl\" data-src-align=\"2084:9\">C\u00e2nd dovada<\/span> <span class=\"EzKURWReUAB5oZgtQNkl\" data-src-align=\"2094:3\">nu<\/span> <span class=\"EzKURWReUAB5oZgtQNkl\" data-src-align=\"2098:4\">este utilizat\u0103<\/span><span class=\"EzKURWReUAB5oZgtQNkl\" data-src-align=\"2115:7\">, trecerea<\/span> <span class=\"EzKURWReUAB5oZgtQNkl\" data-src-align=\"2108:6\">direct\u0103<\/span> <span class=\"EzKURWReUAB5oZgtQNkl\" data-src-align=\"2136:7\">a<\/span> <span class=\"EzKURWReUAB5oZgtQNkl\" data-src-align=\"2130:5\">aluatului<\/span> <span class=\"EzKURWReUAB5oZgtQNkl\" data-src-align=\"2144:54\">f\u0103r\u0103 \u00eentrerupere este asigurat\u0103 prin utilizarea benzii inter-pass.<\/span> <span class=\"EzKURWReUAB5oZgtQNkl\" data-src-align=\"2201:7\">\u0218asiu<\/span> <span class=\"EzKURWReUAB5oZgtQNkl\" data-src-align=\"2217:11\">\u0219i toate elementele Cr<\/span><span class=\"EzKURWReUAB5oZgtQNkl\" data-src-align=\"2229:6\">-ni 304<\/span> <span class=\"EzKURWReUAB5oZgtQNkl\" data-src-align=\"2241:3\">Are<\/span> <span class=\"EzKURWReUAB5oZgtQNkl\" data-src-align=\"2273:5\">un panou<\/span> <span class=\"EzKURWReUAB5oZgtQNkl\" data-src-align=\"2262:10\">electric<\/span> <span class=\"EzKURWReUAB5oZgtQNkl\" data-src-align=\"2247:3\">controlat PLC<\/span> <span class=\"EzKURWReUAB5oZgtQNkl\" data-src-align=\"2282:6\">\u00een sine<\/span> <span class=\"EzKURWReUAB5oZgtQNkl\" data-src-align=\"2290:13\">UNITATE DE MANIPULARE<\/span> <span class=\"EzKURWReUAB5oZgtQNkl\" data-src-align=\"2312:2\">Toate<\/span> <span class=\"EzKURWReUAB5oZgtQNkl\" data-src-align=\"2315:16\">Cr-ni 304 inoxidabil<\/span> <span class=\"EzKURWReUAB5oZgtQNkl\" data-src-align=\"2334:7\">Pern\u0103 de modelare<\/span> <span class=\"EzKURWReUAB5oZgtQNkl\" data-src-align=\"2350:10\">format\u0103<\/span> <span class=\"EzKURWReUAB5oZgtQNkl\" data-src-align=\"2364:1\">din<\/span> <span class=\"EzKURWReUAB5oZgtQNkl\" data-src-align=\"2366:5\">3 linii<\/span> <span class=\"EzKURWReUAB5oZgtQNkl\" data-src-align=\"2372:4\">din<\/span> <span class=\"EzKURWReUAB5oZgtQNkl\" data-src-align=\"2380:8\">material<\/span> <span class=\"EzKURWReUAB5oZgtQNkl\" data-src-align=\"2389:8\">potrivit<\/span> <span class=\"EzKURWReUAB5oZgtQNkl\" data-src-align=\"2425:11\">pentru reglement\u0103rile<\/span> <span class=\"EzKURWReUAB5oZgtQNkl\" data-src-align=\"2420:4\">alimentare<\/span> <span class=\"EzKURWReUAB5oZgtQNkl\" data-src-align=\"2407:12\">100% din polietilen\u0103<\/span> <span class=\"EzKURWReUAB5oZgtQNkl\" data-src-align=\"2439:22\">Banda transportoare marca Habasit<\/span> <span class=\"EzKURWReUAB5oZgtQNkl\" data-src-align=\"2467:8\">potrivit\u0103<\/span> <span class=\"EzKURWReUAB5oZgtQNkl\" data-src-align=\"2485:5\">pentru<\/span> <span class=\"EzKURWReUAB5oZgtQNkl\" data-src-align=\"2480:4\">Codex alimentar<\/span> <span class=\"EzKURWReUAB5oZgtQNkl\" data-src-align=\"2497:8\">Sistemul de zdrobire<\/span> <span class=\"EzKURWReUAB5oZgtQNkl\" data-src-align=\"2510:17\">\u0219i modelare este<\/span> <span class=\"EzKURWReUAB5oZgtQNkl\" data-src-align=\"2537:8\">reglat<\/span> <span class=\"EzKURWReUAB5oZgtQNkl\" data-src-align=\"2528:8\">manual<\/span>. <span class=\"EzKURWReUAB5oZgtQNkl\" data-src-align=\"2557:22\">Este posibil\u0103 ajustarea<\/span> <span class=\"EzKURWReUAB5oZgtQNkl\" data-src-align=\"2547:9\">sensibil\u0103<\/span> <span class=\"EzKURWReUAB5oZgtQNkl\" data-src-align=\"2585:3\">Are<\/span> <span class=\"EzKURWReUAB5oZgtQNkl\" data-src-align=\"2617:5\">un panou<\/span> <span class=\"EzKURWReUAB5oZgtQNkl\" data-src-align=\"2606:10\">electric<\/span> <span class=\"EzKURWReUAB5oZgtQNkl\" data-src-align=\"2591:3\">controlat PLC<\/span> <span class=\"EzKURWReUAB5oZgtQNkl\" data-src-align=\"2626:6\">\u00een sine<\/span> <span class=\"EzKURWReUAB5oZgtQNkl\" data-src-align=\"2645:4\">UNITATE<\/span> <span class=\"EzKURWReUAB5oZgtQNkl\" data-src-align=\"2634:10\">DE DEPOZITARE<\/span> <span class=\"EzKURWReUAB5oZgtQNkl\" data-src-align=\"2652:21\">(SORTARE AUTOMAT\u0102<\/span> <span class=\"EzKURWReUAB5oZgtQNkl\" data-src-align=\"2677:4\">\u00ceN TAV\u0102<\/span> ) <span class=\"EzKURWReUAB5oZgtQNkl\" data-src-align=\"2692:7\">Ma\u0219ina<\/span> <span class=\"EzKURWReUAB5oZgtQNkl\" data-src-align=\"2714:5\">sorteaz\u0103<\/span> <span class=\"EzKURWReUAB5oZgtQNkl\" data-src-align=\"2700:13\">automat<\/span> <span class=\"EzKURWReUAB5oZgtQNkl\" data-src-align=\"2733:57\">toate tipurile de aluat \u00een dimensiunea dorit\u0103 a tigaiei \u0219i pasa (tigaie din lemn).<\/span> <span class=\"EzKURWReUAB5oZgtQNkl\" data-src-align=\"2815:8\">Datorit\u0103 set\u0103rilor<\/span> <span class=\"EzKURWReUAB5oZgtQNkl\" data-src-align=\"2808:6\">simple<\/span> <span class=\"EzKURWReUAB5oZgtQNkl\" data-src-align=\"2831:7\">ale ma\u0219inii<\/span><span class=\"EzKURWReUAB5oZgtQNkl\" data-src-align=\"2857:5\">, se sorteaz\u0103<\/span> <span class=\"EzKURWReUAB5oZgtQNkl\" data-src-align=\"2843:13\">automat<\/span> <span class=\"EzKURWReUAB5oZgtQNkl\" data-src-align=\"2888:4\">\u00een tig\u0103i<\/span> <span class=\"EzKURWReUAB5oZgtQNkl\" data-src-align=\"2868:10\">ondulate \u0219i<\/span> <span class=\"EzKURWReUAB5oZgtQNkl\" data-src-align=\"2883:4\">plate<\/span> <span class=\"EzKURWReUAB5oZgtQNkl\" data-src-align=\"2902:110\">\u00cen cazul \u00een care pan Orr#t nu este \u00een locul potrivit, acesta nu sorteaz\u0103 automat, nu se opre\u0219te \u0219i nu emite un avertisment pe ecran.<\/span> <span class=\"EzKURWReUAB5oZgtQNkl\" data-src-align=\"3020:4\">Tigaile<\/span> <span class=\"EzKURWReUAB5oZgtQNkl\" data-src-align=\"3025:3\">sunt<\/span> <span class=\"EzKURWReUAB5oZgtQNkl\" data-src-align=\"3043:5\">duse<\/span> <span class=\"EzKURWReUAB5oZgtQNkl\" data-src-align=\"3029:13\">automat<\/span> <span class=\"EzKURWReUAB5oZgtQNkl\" data-src-align=\"3056:63\">\u00een patul de a\u0219ezare \u0219i expulzate automat dup\u0103 procesul de a\u0219ezare.<\/span> <span class=\"EzKURWReUAB5oZgtQNkl\" data-src-align=\"3126:5\">Aluatul<\/span> <span class=\"EzKURWReUAB5oZgtQNkl\" data-src-align=\"3132:18\">nu este a\u0219ezat dec\u00e2t<\/span> <span class=\"EzKURWReUAB5oZgtQNkl\" data-src-align=\"3155:3\">dac\u0103 tigaia<\/span> <span class=\"EzKURWReUAB5oZgtQNkl\" data-src-align=\"3159:2\">este<\/span> <span class=\"EzKURWReUAB5oZgtQNkl\" data-src-align=\"3162:5\">goal\u0103<\/span> <span class=\"EzKURWReUAB5oZgtQNkl\" data-src-align=\"3176:13\">\u0219i sistemul se opre\u0219te.<\/span> <span class=\"EzKURWReUAB5oZgtQNkl\" data-src-align=\"3192:2\">Dac\u0103<\/span> <span class=\"EzKURWReUAB5oZgtQNkl\" data-src-align=\"3212:7\">exist\u0103 o pan\u0103<\/span> <span class=\"EzKURWReUAB5oZgtQNkl\" data-src-align=\"3206:5\">de curent \u00een<\/span> <span class=\"EzKURWReUAB5oZgtQNkl\" data-src-align=\"3231:9\">timpul func\u021bion\u0103rii<\/span><span class=\"EzKURWReUAB5oZgtQNkl\" data-src-align=\"3246:11\">, energia electric\u0103<\/span> <span class=\"EzKURWReUAB5oZgtQNkl\" data-src-align=\"3258:4\">va<\/span> <span class=\"EzKURWReUAB5oZgtQNkl\" data-src-align=\"3266:7\">fi reluat\u0103<\/span> <span class=\"EzKURWReUAB5oZgtQNkl\" data-src-align=\"3274:4\">atunci<\/span> <span class=\"EzKURWReUAB5oZgtQNkl\" data-src-align=\"3279:2\">c\u00e2nd<\/span> <span class=\"EzKURWReUAB5oZgtQNkl\" data-src-align=\"3283:5\">vine<\/span>. <span class=\"EzKURWReUAB5oZgtQNkl\" data-src-align=\"3296:3\">Tigaia<\/span> <span class=\"EzKURWReUAB5oZgtQNkl\" data-src-align=\"3300:6\">intr\u0103<\/span> <span class=\"EzKURWReUAB5oZgtQNkl\" data-src-align=\"3320:4\">automat \u00een fanta<\/span> <span class=\"EzKURWReUAB5oZgtQNkl\" data-src-align=\"3311:8\">pavajului<\/span> <span class=\"EzKURWReUAB5oZgtQNkl\" data-src-align=\"3325:13\">prin<\/span> <span class=\"EzKURWReUAB5oZgtQNkl\" data-src-align=\"3367:5\">benzile<\/span> <span class=\"EzKURWReUAB5oZgtQNkl\" data-src-align=\"3351:15\">speciale de mers \u0219i<\/span> <span class=\"EzKURWReUAB5oZgtQNkl\" data-src-align=\"3382:4\">se \u00eentoarce dup\u0103<\/span> <span class=\"EzKURWReUAB5oZgtQNkl\" data-src-align=\"3397:10\">produc\u021bie<\/span> <span class=\"EzKURWReUAB5oZgtQNkl\" data-src-align=\"3409:9\">DIMENSIUNEA T\u0102VII<\/span> <span class=\"EzKURWReUAB5oZgtQNkl\" data-src-align=\"3423:58\">Unitatea de \u00eempr\u0103\u0219tiere de 80 x 104 cm este dimensiunea maxim\u0103 a tigaiei.<\/span> <span class=\"EzKURWReUAB5oZgtQNkl\" data-src-align=\"3487:45\">50 x 70 &#8211; 59 x 80 &#8211; 60 x 90 &#8211; 75 x 104-toate tig\u0103ile<\/span> <span class=\"EzKURWReUAB5oZgtQNkl\" data-src-align=\"3536:5\">\u00een dimensiuni<\/span> <span class=\"EzKURWReUAB5oZgtQNkl\" data-src-align=\"3551:4\">U\u0219or de utilizat<\/span> <span class=\"EzKURWReUAB5oZgtQNkl\" data-src-align=\"3559:5\">\u00een unit\u0103\u021bi<\/span>. <span class=\"EzKURWReUAB5oZgtQNkl\" data-src-align=\"3566:3\">Se<\/span> <span class=\"EzKURWReUAB5oZgtQNkl\" data-src-align=\"3570:56\">pot folosi toate tig\u0103ile cu Teflon-aluminiu sau acoperite Special.<\/span> <span class=\"EzKURWReUAB5oZgtQNkl\" data-src-align=\"3637:4\">Unitate<\/span> <span class=\"EzKURWReUAB5oZgtQNkl\" data-src-align=\"3629:7\">special\u0103<\/span> <span class=\"EzKURWReUAB5oZgtQNkl\" data-src-align=\"3647:9\">de \u00eempr\u0103\u0219tiere<\/span> <span class=\"EzKURWReUAB5oZgtQNkl\" data-src-align=\"3642:4\">lung\u0103<\/span><span class=\"EzKURWReUAB5oZgtQNkl\" data-src-align=\"3663:3\">, poate<\/span> <span class=\"EzKURWReUAB5oZgtQNkl\" data-src-align=\"3667:7\">preg\u0103ti<\/span> <span class=\"EzKURWReUAB5oZgtQNkl\" data-src-align=\"3675:6\">80&#215;120.<\/span><\/em><\/p>\n","protected":false},"featured_media":3390,"menu_order":0,"template":"","meta":{"inline_featured_image":false},"product_brand":[],"product_cat":[35],"product_tag":[],"class_list":{"0":"post-3389","1":"product","2":"type-product","3":"status-publish","4":"has-post-thumbnail","6":"product_cat-brutarie-panificatie","8":"first","9":"instock","10":"taxable","11":"shipping-taxable","12":"product-type-simple"},"_links":{"self":[{"href":"https:\/\/horecapan.ro\/en\/wp-json\/wp\/v2\/product\/3389","targetHints":{"allow":["GET"]}}],"collection":[{"href":"https:\/\/horecapan.ro\/en\/wp-json\/wp\/v2\/product"}],"about":[{"href":"https:\/\/horecapan.ro\/en\/wp-json\/wp\/v2\/types\/product"}],"version-history":[{"count":1,"href":"https:\/\/horecapan.ro\/en\/wp-json\/wp\/v2\/product\/3389\/revisions"}],"predecessor-version":[{"id":3392,"href":"https:\/\/horecapan.ro\/en\/wp-json\/wp\/v2\/product\/3389\/revisions\/3392"}],"wp:featuredmedia":[{"embeddable":true,"href":"https:\/\/horecapan.ro\/en\/wp-json\/wp\/v2\/media\/3390"}],"wp:attachment":[{"href":"https:\/\/horecapan.ro\/en\/wp-json\/wp\/v2\/media?parent=3389"}],"wp:term":[{"taxonomy":"product_brand","embeddable":true,"href":"https:\/\/horecapan.ro\/en\/wp-json\/wp\/v2\/product_brand?post=3389"},{"taxonomy":"product_cat","embeddable":true,"href":"https:\/\/horecapan.ro\/en\/wp-json\/wp\/v2\/product_cat?post=3389"},{"taxonomy":"product_tag","embeddable":true,"href":"https:\/\/horecapan.ro\/en\/wp-json\/wp\/v2\/product_tag?post=3389"}],"curies":[{"name":"wp","href":"https:\/\/api.w.org\/{rel}","templated":true}]}}