{"id":3383,"date":"2024-10-30T12:19:28","date_gmt":"2024-10-30T10:19:28","guid":{"rendered":"https:\/\/horecapan.ro\/?post_type=product&#038;p=3383"},"modified":"2024-11-04T19:17:37","modified_gmt":"2024-11-04T17:17:37","slug":"masina-de-ambalat-hamburger-si-sandwich","status":"publish","type":"product","link":"https:\/\/horecapan.ro\/en\/product\/masina-de-ambalat-hamburger-si-sandwich\/","title":{"rendered":"Masina de ambalat hamburger si sandwich"},"content":{"rendered":"<p><em><span class=\"EzKURWReUAB5oZgtQNkl\" data-src-align=\"0:3\">MAX<\/span>. <span class=\"EzKURWReUAB5oZgtQNkl\" data-src-align=\"5:4\">L\u0103\u021bimea bobinei<\/span>: <span class=\"EzKURWReUAB5oZgtQNkl\" data-src-align=\"22:4\">680 mm.<\/span><\/em><\/p>\n<p><em><span class=\"EzKURWReUAB5oZgtQNkl\" data-src-align=\"22:4\">MAX.<\/span> <span class=\"EzKURWReUAB5oZgtQNkl\" data-src-align=\"27:4\">Diametrul bobinei:<\/span> <span class=\"EzKURWReUAB5oZgtQNkl\" data-src-align=\"57:8\">350 mm<\/span><\/em><\/p>\n<p><em><span class=\"EzKURWReUAB5oZgtQNkl\" data-src-align=\"57:8\">DIAMETRUL<\/span> <span class=\"EzKURWReUAB5oZgtQNkl\" data-src-align=\"41:9\">interior al bobinei<\/span><span class=\"EzKURWReUAB5oZgtQNkl\" data-src-align=\"66:12\">: 76 mm<\/span><\/em><\/p>\n<p><em><span class=\"EzKURWReUAB5oZgtQNkl\" data-src-align=\"66:12\">Capacitate<\/span><span class=\"EzKURWReUAB5oZgtQNkl\" data-src-align=\"88:117\">:p\u00e2n\u0103 la 52 buc pe minut \u00een func\u021bie de produs<\/span><\/em><\/p>\n<p><em><span class=\"EzKURWReUAB5oZgtQNkl\" data-src-align=\"88:117\">L\u0103\u021bime pachet:260 mm<\/span><\/em><\/p>\n<p><em><span class=\"EzKURWReUAB5oZgtQNkl\" data-src-align=\"88:117\">LUNGIME pachet:250 &#8211; 600mm<\/span><\/em><\/p>\n<p><em><span class=\"EzKURWReUAB5oZgtQNkl\" data-src-align=\"88:117\">In\u0103l\u021bime pachet:80 MM<\/span><\/em><\/p>\n<p><em><span class=\"EzKURWReUAB5oZgtQNkl\" data-src-align=\"88:117\">L\u0102\u021aIME <\/span><span class=\"EzKURWReUAB5oZgtQNkl\" data-src-align=\"88:117\">Ma\u0219in\u0103: 1MT.<\/span><span class=\"EzKURWReUAB5oZgtQNkl\" data-src-align=\"205:7\">Lungime ma\u0219in\u0103<\/span>: <span class=\"EzKURWReUAB5oZgtQNkl\" data-src-align=\"224:3\">6,95 cm.<\/span><\/em><\/p>\n<p><em><span class=\"EzKURWReUAB5oZgtQNkl\" data-src-align=\"227:7\">Ma\u0219in\u0103<\/span> <span class=\"EzKURWReUAB5oZgtQNkl\" data-src-align=\"235:6\">HAIGHT<\/span>:<span class=\"EzKURWReUAB5oZgtQNkl\" data-src-align=\"246:3\">1,90 cm.<\/span><\/em><\/p>\n<p><em><span class=\"EzKURWReUAB5oZgtQNkl\" data-src-align=\"249:7\">Greutatea ma\u0219inii<\/span><span class=\"EzKURWReUAB5oZgtQNkl\" data-src-align=\"264:5\">: 600 kg<\/span>.\u00a0<\/em><\/p>\n<p><em><span class=\"EzKURWReUAB5oZgtQNkl\" data-src-align=\"274:6\">Designul<\/span> <span class=\"EzKURWReUAB5oZgtQNkl\" data-src-align=\"285:18\">\u0219i specifica\u021biile pot<\/span> <span class=\"EzKURWReUAB5oZgtQNkl\" data-src-align=\"307:7\">fi modificate<\/span>.<\/em><\/p>\n","protected":false},"excerpt":{"rendered":"<p><em>DETALII AMBALARE :<\/em><\/p>\n<p><em><span class=\"EzKURWReUAB5oZgtQNkl\" data-src-align=\"7:8\">Suprafe\u021bele<\/span> <span class=\"EzKURWReUAB5oZgtQNkl\" data-src-align=\"0:6\">unice<\/span> <span class=\"EzKURWReUAB5oZgtQNkl\" data-src-align=\"16:3\">pot<\/span> <span class=\"EzKURWReUAB5oZgtQNkl\" data-src-align=\"23:4\">fi utilizate<\/span> <span class=\"EzKURWReUAB5oZgtQNkl\" data-src-align=\"28:2\">ca<\/span> <span class=\"EzKURWReUAB5oZgtQNkl\" data-src-align=\"31:9\">h\u00e2rtie de ambalare<\/span> <span class=\"EzKURWReUAB5oZgtQNkl\" data-src-align=\"51:106\">pentru produsele autoadezive, OPP \u0219i OPP care au fost aplicate cu adeziv de lac aplicat la cald sau la rece.<\/span><\/em><\/p>\n<p><em><span class=\"EzKURWReUAB5oZgtQNkl\" data-src-align=\"3:165\">4, 6, 8, (4 inch\/ 10,16 cm\/diametru pentru 1 buc) 4, 6, (5 inch\/ 12,70 cm\/ diametru pentru 1 buc) Hamburger \u0219i 4, 5, 6, 7, 60 gr 3, 4, 5, 110 gr ambalaje Sandwich pot fi f\u0103cute.<\/span><\/em><\/p>\n<p><em><span class=\"EzKURWReUAB5oZgtQNkl\" data-src-align=\"0:12\">Construc\u021bii<\/span> <\/em><\/p>\n<p><em><span class=\"EzKURWReUAB5oZgtQNkl\" data-src-align=\"26:7\">\u0218asiul<\/span> <span class=\"EzKURWReUAB5oZgtQNkl\" data-src-align=\"21:4\">principal<\/span> <span class=\"EzKURWReUAB5oZgtQNkl\" data-src-align=\"34:2\">este<\/span> <span class=\"EzKURWReUAB5oZgtQNkl\" data-src-align=\"41:36\">o construc\u021bie cromat\u0103 de calitate 304 potrivit\u0103<\/span> <span class=\"EzKURWReUAB5oZgtQNkl\" data-src-align=\"82:4\">pentru alimente<\/span>. <\/em><\/p>\n<p><em><span class=\"EzKURWReUAB5oZgtQNkl\" data-src-align=\"94:8\">Suprafe\u021bele<\/span> <span class=\"EzKURWReUAB5oZgtQNkl\" data-src-align=\"106:7\">\u00een contact<\/span> <span class=\"EzKURWReUAB5oZgtQNkl\" data-src-align=\"123:14\">cu produsul \u00eenainte<\/span> <span class=\"EzKURWReUAB5oZgtQNkl\" data-src-align=\"138:9\">de ambalare<\/span> <span class=\"EzKURWReUAB5oZgtQNkl\" data-src-align=\"148:3\">sunt<\/span> <span class=\"EzKURWReUAB5oZgtQNkl\" data-src-align=\"152:4\">realizate<\/span> <span class=\"EzKURWReUAB5oZgtQNkl\" data-src-align=\"160:3\">din 304<\/span> <span class=\"EzKURWReUAB5oZgtQNkl\" data-src-align=\"165:23\">crom de calitate<\/span><\/em><\/p>\n<p><em><span class=\"EzKURWReUAB5oZgtQNkl\" data-src-align=\"165:23\"> Potrivit<\/span> <span class=\"EzKURWReUAB5oZgtQNkl\" data-src-align=\"193:4\">pentru alimente<\/span>. <\/em><\/p>\n<p><em><span class=\"EzKURWReUAB5oZgtQNkl\" data-src-align=\"201:7\">Obloane glisante<\/span> <span class=\"EzKURWReUAB5oZgtQNkl\" data-src-align=\"213:6\">\u0219i articulate<\/span> <span class=\"EzKURWReUAB5oZgtQNkl\" data-src-align=\"229:3\">pentru<\/span> <span class=\"EzKURWReUAB5oZgtQNkl\" data-src-align=\"233:47\">o cur\u0103\u021bare complet\u0103 \u0219i u\u0219oar\u0103,<\/span><\/em><\/p>\n<p><em><span class=\"EzKURWReUAB5oZgtQNkl\" data-src-align=\"233:47\"> Subframe purt\u0103tor de ro\u021bi.<\/span>\u00a0<\/em><\/p>\n<p><em><span class=\"EzKURWReUAB5oZgtQNkl\" data-src-align=\"283:3\"> Picior<\/span> <span class=\"EzKURWReUAB5oZgtQNkl\" data-src-align=\"291:17\">pentru pozi\u021bionare fix\u0103<\/span><span class=\"EzKURWReUAB5oZgtQNkl\" data-src-align=\"310:8\">, picior de sus\u021binere a transportorului<\/span>.<\/em><\/p>\n","protected":false},"featured_media":3384,"menu_order":0,"template":"","meta":{"inline_featured_image":false},"product_brand":[],"product_cat":[37],"product_tag":[],"class_list":{"0":"post-3383","1":"product","2":"type-product","3":"status-publish","4":"has-post-thumbnail","6":"product_cat-ambalat","8":"first","9":"instock","10":"taxable","11":"shipping-taxable","12":"product-type-simple"},"_links":{"self":[{"href":"https:\/\/horecapan.ro\/en\/wp-json\/wp\/v2\/product\/3383","targetHints":{"allow":["GET"]}}],"collection":[{"href":"https:\/\/horecapan.ro\/en\/wp-json\/wp\/v2\/product"}],"about":[{"href":"https:\/\/horecapan.ro\/en\/wp-json\/wp\/v2\/types\/product"}],"version-history":[{"count":1,"href":"https:\/\/horecapan.ro\/en\/wp-json\/wp\/v2\/product\/3383\/revisions"}],"predecessor-version":[{"id":3388,"href":"https:\/\/horecapan.ro\/en\/wp-json\/wp\/v2\/product\/3383\/revisions\/3388"}],"wp:featuredmedia":[{"embeddable":true,"href":"https:\/\/horecapan.ro\/en\/wp-json\/wp\/v2\/media\/3384"}],"wp:attachment":[{"href":"https:\/\/horecapan.ro\/en\/wp-json\/wp\/v2\/media?parent=3383"}],"wp:term":[{"taxonomy":"product_brand","embeddable":true,"href":"https:\/\/horecapan.ro\/en\/wp-json\/wp\/v2\/product_brand?post=3383"},{"taxonomy":"product_cat","embeddable":true,"href":"https:\/\/horecapan.ro\/en\/wp-json\/wp\/v2\/product_cat?post=3383"},{"taxonomy":"product_tag","embeddable":true,"href":"https:\/\/horecapan.ro\/en\/wp-json\/wp\/v2\/product_tag?post=3383"}],"curies":[{"name":"wp","href":"https:\/\/api.w.org\/{rel}","templated":true}]}}