{"id":2956,"date":"2024-10-28T14:19:17","date_gmt":"2024-10-28T12:19:17","guid":{"rendered":"https:\/\/horecapan.ro\/?post_type=product&#038;p=2956"},"modified":"2024-11-04T19:41:43","modified_gmt":"2024-11-04T17:41:43","slug":"proofer-intermediar-pms-336","status":"publish","type":"product","link":"https:\/\/horecapan.ro\/en\/product\/proofer-intermediar-pms-336\/","title":{"rendered":"Proofer intermediar PMS 336"},"content":{"rendered":"<div class=\"table-col\">\n<div class=\"item\">\n<div class=\"col-sm-4 col-xs-4 text\">L\u0103\u021bime x Lungime x \u00cen\u0103l\u021bime:\u00a01850 x 3595 x 2360\u00a0milimetru<\/div>\n<\/div>\n<\/div>\n<div class=\"table-col\">\n<div class=\"item\">\n<div class=\"col-sm-4 col-xs-4 text\">Greutate:\u00a01720\u00a0Kg<\/div>\n<\/div>\n<\/div>\n<div class=\"table-col\">\n<div class=\"item\">\n<div class=\"col-sm-4 col-xs-4 text\">Specifica\u021bii de energie electric\u0103:\u00a0380 V 50-60 Hz N+PE 3 faze (faz\u0103)<\/div>\n<div class=\"col-sm-2 col-xs-3 text\">Energie electric\u0103: 1,2 Kw<\/div>\n<\/div>\n<\/div>\n<div class=\"table-col\">\n<div class=\"item\">\n<div class=\"col-sm-4 col-xs-4 text\">Num\u0103r de buzunare:\u00a0336<\/div>\n<div class=\"col-sm-2 col-xs-3 text\">Interval de greutate: 50 &#8211; 1000 g<\/div>\n<\/div>\n<\/div>\n<div class=\"table-col\">\n<div class=\"item\">\n<div class=\"col-sm-4 col-xs-4 text\">\u00cen\u0103l\u021bimea de intrare a aluatului:\u00a0910\u00a0milimetru<\/div>\n<\/div>\n<\/div>\n<div class=\"table-col\">\n<div class=\"item\">\n<div class=\"col-sm-4 col-xs-4 text\">\u00cen\u0103l\u021bimea de ie\u0219ire a aluatului:\u00a01417\u00a0milimetru<\/div>\n<\/div>\n<\/div>\n","protected":false},"excerpt":{"rendered":"<p><em><span class=\"EzKURWReUAB5oZgtQNkl\" data-src-align=\"5:4\">Este folosit<\/span> <span class=\"EzKURWReUAB5oZgtQNkl\" data-src-align=\"13:58\">pentru a odihni buc\u0103\u021bile de aluat provenite de la rotundul conic \u00eenainte<\/span> <span class=\"EzKURWReUAB5oZgtQNkl\" data-src-align=\"72:3\">de<\/span> <span class=\"EzKURWReUAB5oZgtQNkl\" data-src-align=\"82:14\">a da forma<\/span> <span class=\"EzKURWReUAB5oZgtQNkl\" data-src-align=\"76:5\">final\u0103,<\/span> <span class=\"EzKURWReUAB5oZgtQNkl\" data-src-align=\"110:4\">Deoarece bila<\/span> <span class=\"EzKURWReUAB5oZgtQNkl\" data-src-align=\"104:5\">de aluat<\/span> <span class=\"EzKURWReUAB5oZgtQNkl\" data-src-align=\"118:3\">nu<\/span> <span class=\"EzKURWReUAB5oZgtQNkl\" data-src-align=\"122:6\">se mi\u0219c\u0103<\/span> <span class=\"EzKURWReUAB5oZgtQNkl\" data-src-align=\"129:20\">\u00een timpul transferului,<\/span> <span class=\"EzKURWReUAB5oZgtQNkl\" data-src-align=\"150:2\">se<\/span> <span class=\"EzKURWReUAB5oZgtQNkl\" data-src-align=\"153:5\">odihne\u0219te<\/span> <span class=\"EzKURWReUAB5oZgtQNkl\" data-src-align=\"167:4\">f\u0103r\u0103 r\u0103u.<\/span>\u00a0<span class=\"EzKURWReUAB5oZgtQNkl\" data-src-align=\"180:4\">Pierderea<\/span> <span class=\"EzKURWReUAB5oZgtQNkl\" data-src-align=\"172:7\">minim\u0103<\/span> <span class=\"EzKURWReUAB5oZgtQNkl\" data-src-align=\"197:4\">de<\/span> <span class=\"EzKURWReUAB5oZgtQNkl\" data-src-align=\"188:8\">umiditate<\/span> <span class=\"EzKURWReUAB5oZgtQNkl\" data-src-align=\"209:4\">cu cupe<\/span> <span class=\"EzKURWReUAB5oZgtQNkl\" data-src-align=\"202:6\">de \u021bes\u0103turi<\/span> <span class=\"EzKURWReUAB5oZgtQNkl\" data-src-align=\"214:17\">Panou de Control PLC.<\/span> <span class=\"EzKURWReUAB5oZgtQNkl\" data-src-align=\"232:40\">Caroserie \u0219i accesorii din o\u021bel inoxidabil<\/span> ,<span class=\"EzKURWReUAB5oZgtQNkl\" data-src-align=\"277:13\">Capacitate 336 cupe.<\/span> <span class=\"EzKURWReUAB5oZgtQNkl\" data-src-align=\"299:11\">Pozi\u021bionare<\/span> <span class=\"EzKURWReUAB5oZgtQNkl\" data-src-align=\"291:7\">perfect\u0103<\/span> <span class=\"EzKURWReUAB5oZgtQNkl\" data-src-align=\"311:4\">cu<\/span> <span class=\"EzKURWReUAB5oZgtQNkl\" data-src-align=\"316:20\">unitate de admisie. Fotocelul\u0103<\/span> <span class=\"EzKURWReUAB5oZgtQNkl\" data-src-align=\"348:12\">Sistem<\/span> <span class=\"EzKURWReUAB5oZgtQNkl\" data-src-align=\"337:10\">de lan\u021buri grele<\/span> .<span class=\"EzKURWReUAB5oZgtQNkl\" data-src-align=\"371:11\">Consum<\/span> <span class=\"EzKURWReUAB5oZgtQNkl\" data-src-align=\"361:3\">redus<\/span> <span class=\"EzKURWReUAB5oZgtQNkl\" data-src-align=\"365:5\">de energie.<\/span> <span class=\"EzKURWReUAB5oZgtQNkl\" data-src-align=\"383:9\">Desc\u0103rcarea<\/span> <span class=\"EzKURWReUAB5oZgtQNkl\" data-src-align=\"398:5\">din dreapta<\/span> <span class=\"EzKURWReUAB5oZgtQNkl\" data-src-align=\"407:4\">sau din st\u00e2nga<\/span> <span class=\"EzKURWReUAB5oZgtQNkl\" data-src-align=\"412:9\">\u00een<\/span> <span class=\"EzKURWReUAB5oZgtQNkl\" data-src-align=\"429:8\">func\u021bie de pozi\u021bia<\/span> <span class=\"EzKURWReUAB5oZgtQNkl\" data-src-align=\"445:7\">ma\u0219inii<\/span> .<span class=\"EzKURWReUAB5oZgtQNkl\" data-src-align=\"454:34\">Ferestre de observare a aluatului deschise.<\/span> <span class=\"EzKURWReUAB5oZgtQNkl\" data-src-align=\"495:5\">Trei prize<\/span> <span class=\"EzKURWReUAB5oZgtQNkl\" data-src-align=\"505:5\">pentru<\/span> <span class=\"EzKURWReUAB5oZgtQNkl\" data-src-align=\"528:8\">alte<\/span> <span class=\"EzKURWReUAB5oZgtQNkl\" data-src-align=\"511:16\">ma\u0219ini de prelucrare a aluatului. <\/span><span class=\"EzKURWReUAB5oZgtQNkl\" data-src-align=\"537:7\">Buzunarele<\/span> <span class=\"EzKURWReUAB5oZgtQNkl\" data-src-align=\"549:25\">sunt concepute pentru a transporta \u00eentre<\/span> <span class=\"EzKURWReUAB5oZgtQNkl\" data-src-align=\"575:2\">50<\/span><span class=\"EzKURWReUAB5oZgtQNkl\" data-src-align=\"578:6\">-1000gr<\/span> .\u00a0<span class=\"EzKURWReUAB5oZgtQNkl\" data-src-align=\"586:7\">Unitate culisant\u0103<\/span> <span class=\"EzKURWReUAB5oZgtQNkl\" data-src-align=\"599:10\">de<\/span> <span class=\"EzKURWReUAB5oZgtQNkl\" data-src-align=\"594:4\">colectare a prafului<\/span> <span class=\"EzKURWReUAB5oZgtQNkl\" data-src-align=\"615:6\">plasat\u0103<\/span> <span class=\"EzKURWReUAB5oZgtQNkl\" data-src-align=\"622:10\">sub<\/span> <span class=\"EzKURWReUAB5oZgtQNkl\" data-src-align=\"637:7\">ma\u0219in\u0103<\/span> u<span class=\"EzKURWReUAB5oZgtQNkl\" data-src-align=\"653:4\">\u0219or de mutat<\/span> <span class=\"EzKURWReUAB5oZgtQNkl\" data-src-align=\"658:4\">cu<\/span> <span class=\"EzKURWReUAB5oZgtQNkl\" data-src-align=\"663:7\">rotile<\/span><\/em><\/p>\n","protected":false},"featured_media":2958,"menu_order":0,"template":"","meta":{"inline_featured_image":false},"product_brand":[],"product_cat":[31],"product_tag":[],"class_list":{"0":"post-2956","1":"product","2":"type-product","3":"status-publish","4":"has-post-thumbnail","6":"product_cat-panificatie","8":"first","9":"instock","10":"taxable","11":"shipping-taxable","12":"product-type-simple"},"_links":{"self":[{"href":"https:\/\/horecapan.ro\/en\/wp-json\/wp\/v2\/product\/2956","targetHints":{"allow":["GET"]}}],"collection":[{"href":"https:\/\/horecapan.ro\/en\/wp-json\/wp\/v2\/product"}],"about":[{"href":"https:\/\/horecapan.ro\/en\/wp-json\/wp\/v2\/types\/product"}],"version-history":[{"count":2,"href":"https:\/\/horecapan.ro\/en\/wp-json\/wp\/v2\/product\/2956\/revisions"}],"predecessor-version":[{"id":3450,"href":"https:\/\/horecapan.ro\/en\/wp-json\/wp\/v2\/product\/2956\/revisions\/3450"}],"wp:featuredmedia":[{"embeddable":true,"href":"https:\/\/horecapan.ro\/en\/wp-json\/wp\/v2\/media\/2958"}],"wp:attachment":[{"href":"https:\/\/horecapan.ro\/en\/wp-json\/wp\/v2\/media?parent=2956"}],"wp:term":[{"taxonomy":"product_brand","embeddable":true,"href":"https:\/\/horecapan.ro\/en\/wp-json\/wp\/v2\/product_brand?post=2956"},{"taxonomy":"product_cat","embeddable":true,"href":"https:\/\/horecapan.ro\/en\/wp-json\/wp\/v2\/product_cat?post=2956"},{"taxonomy":"product_tag","embeddable":true,"href":"https:\/\/horecapan.ro\/en\/wp-json\/wp\/v2\/product_tag?post=2956"}],"curies":[{"name":"wp","href":"https:\/\/api.w.org\/{rel}","templated":true}]}}