{"id":2934,"date":"2024-10-28T12:34:24","date_gmt":"2024-10-28T10:34:24","guid":{"rendered":"https:\/\/horecapan.ro\/?post_type=product&#038;p=2934"},"modified":"2024-11-04T19:22:30","modified_gmt":"2024-11-04T17:22:30","slug":"linii-automate-de-coacere-sistem-tubular-ot350-1","status":"publish","type":"product","link":"https:\/\/horecapan.ro\/en\/product\/linii-automate-de-coacere-sistem-tubular-ot350-1\/","title":{"rendered":"Linii automate de coacere Sistem tubular OT350-1"},"content":{"rendered":"<p><span class=\"EzKURWReUAB5oZgtQNkl\" data-src-align=\"0:5\">L\u0103\u021bime<\/span> <span class=\"EzKURWReUAB5oZgtQNkl\" data-src-align=\"8:6\">x Lungime<\/span> <span class=\"EzKURWReUAB5oZgtQNkl\" data-src-align=\"17:6\">x \u00cen\u0103l\u021bime<\/span>: <span class=\"EzKURWReUAB5oZgtQNkl\" data-src-align=\"29:1\">2600 x 11529<\/span> <span class=\"EzKURWReUAB5oZgtQNkl\" data-src-align=\"44:2\">x 3354 mm<\/span><\/p>\n<p><span class=\"EzKURWReUAB5oZgtQNkl\" data-src-align=\"47:18\">\u00a0Num\u0103r de pun\u021bi:<\/span> <span class=\"EzKURWReUAB5oZgtQNkl\" data-src-align=\"80:14\">6 <\/span><\/p>\n<p><span class=\"EzKURWReUAB5oZgtQNkl\" data-src-align=\"80:14\">Specifica\u021bii<\/span> <span class=\"EzKURWReUAB5oZgtQNkl\" data-src-align=\"68:11\">de energie electric\u0103<\/span><span class=\"EzKURWReUAB5oZgtQNkl\" data-src-align=\"99:66\">:380 V 50-60 Hz N+pe 3 Faz(faz\u0103)<\/span><\/p>\n<p><span class=\"EzKURWReUAB5oZgtQNkl\" data-src-align=\"99:66\">Putere electric\u0103: 9,5 kw<\/span><\/p>\n<p><span class=\"EzKURWReUAB5oZgtQNkl\" data-src-align=\"99:66\">Zona de coacere min.<\/span><span class=\"EzKURWReUAB5oZgtQNkl\" data-src-align=\"166:4\">: 35 m\u00b2<\/span><\/p>\n","protected":false},"excerpt":{"rendered":"<ul>\n<li><span class=\"EzKURWReUAB5oZgtQNkl\" data-src-align=\"11:10\">Sistemul integreaz\u0103<\/span> <span class=\"EzKURWReUAB5oZgtQNkl\" data-src-align=\"22:23\">\u00eenc\u0103rc\u0103torul \/ desc\u0103rc\u0103torul robot<\/span> <span class=\"EzKURWReUAB5oZgtQNkl\" data-src-align=\"46:4\">cu<\/span> <span class=\"EzKURWReUAB5oZgtQNkl\" data-src-align=\"69:5\">cuptoare<\/span> <span class=\"EzKURWReUAB5oZgtQNkl\" data-src-align=\"53:15\">cu tub de abur cu 6 pun\u021bi<\/span><\/li>\n<li><span class=\"EzKURWReUAB5oZgtQNkl\" data-src-align=\"14:10\">Poate fi programat<\/span> <span class=\"EzKURWReUAB5oZgtQNkl\" data-src-align=\"7:6\">cu<\/span> <span class=\"EzKURWReUAB5oZgtQNkl\" data-src-align=\"30:16\">u\u0219urin\u021b\u0103 cu ecran tactil PLC<\/span><\/li>\n<li><span class=\"EzKURWReUAB5oZgtQNkl\" data-src-align=\"4:10\">To\u021bi parametrii<\/span> <span class=\"EzKURWReUAB5oZgtQNkl\" data-src-align=\"20:4\">precum c\u0103ldura<\/span><span class=\"EzKURWReUAB5oZgtQNkl\" data-src-align=\"26:25\">, timpul \u0219i cantitatea de abur pot<\/span> <span class=\"EzKURWReUAB5oZgtQNkl\" data-src-align=\"55:10\">fi programa\u021bi<\/span> <span class=\"EzKURWReUAB5oZgtQNkl\" data-src-align=\"70:9\">pentru<\/span> <span class=\"EzKURWReUAB5oZgtQNkl\" data-src-align=\"80:8\">diferite produse<\/span><\/li>\n<li><span class=\"EzKURWReUAB5oZgtQNkl\" data-src-align=\"4:10\">To\u021bi parametrii<\/span> <span class=\"EzKURWReUAB5oZgtQNkl\" data-src-align=\"20:4\">precum c\u0103ldura<\/span><span class=\"EzKURWReUAB5oZgtQNkl\" data-src-align=\"26:25\">, timpul \u0219i cantitatea de abur pot<\/span> <span class=\"EzKURWReUAB5oZgtQNkl\" data-src-align=\"55:10\">fi programa\u021bi<\/span> <span class=\"EzKURWReUAB5oZgtQNkl\" data-src-align=\"70:9\">pentru<\/span> <span class=\"EzKURWReUAB5oZgtQNkl\" data-src-align=\"80:8\">diferite produse<\/span><\/li>\n<li><span class=\"EzKURWReUAB5oZgtQNkl\" data-src-align=\"0:2\">Nu<\/span> <span class=\"EzKURWReUAB5oZgtQNkl\" data-src-align=\"3:4\">este nevoie<\/span> <span class=\"EzKURWReUAB5oZgtQNkl\" data-src-align=\"12:15\">de for\u021b\u0103 de munc\u0103 calificat\u0103<\/span><\/li>\n<li><span class=\"EzKURWReUAB5oZgtQNkl\" data-src-align=\"12:5\">Deoarece u\u0219ile<\/span> <span class=\"EzKURWReUAB5oZgtQNkl\" data-src-align=\"7:4\">pun\u021bii<\/span> <span class=\"EzKURWReUAB5oZgtQNkl\" data-src-align=\"18:3\">sunt<\/span> <span class=\"EzKURWReUAB5oZgtQNkl\" data-src-align=\"22:4\">deschise<\/span> <span class=\"EzKURWReUAB5oZgtQNkl\" data-src-align=\"33:5\">pentru o perioad\u0103 scurt\u0103<\/span> <span class=\"EzKURWReUAB5oZgtQNkl\" data-src-align=\"53:9\">de timp \u00een timpul \u00eenc\u0103rc\u0103rii \/<\/span> <span class=\"EzKURWReUAB5oZgtQNkl\" data-src-align=\"63:9\">desc\u0103rc\u0103rii<\/span><span class=\"EzKURWReUAB5oZgtQNkl\" data-src-align=\"79:4\">, pierderea<\/span> <span class=\"EzKURWReUAB5oZgtQNkl\" data-src-align=\"74:4\">de c\u0103ldur\u0103<\/span> <span class=\"EzKURWReUAB5oZgtQNkl\" data-src-align=\"84:2\">este<\/span> <span class=\"EzKURWReUAB5oZgtQNkl\" data-src-align=\"90:7\">minim\u0103<\/span><\/li>\n<li><span class=\"EzKURWReUAB5oZgtQNkl\" data-src-align=\"5:10\">Eficien\u021ba<\/span> <span class=\"EzKURWReUAB5oZgtQNkl\" data-src-align=\"0:4\">consumului de combustibil<\/span> <span class=\"EzKURWReUAB5oZgtQNkl\" data-src-align=\"22:3\">p\u00e2n\u0103 la 40 %<\/span><\/li>\n<li><span class=\"EzKURWReUAB5oZgtQNkl\" data-src-align=\"7:7\">Poate fi alimentat<\/span> <span class=\"EzKURWReUAB5oZgtQNkl\" data-src-align=\"20:6\">cu motorin\u0103,<\/span> <span class=\"EzKURWReUAB5oZgtQNkl\" data-src-align=\"28:3\">GPL<\/span>, <span class=\"EzKURWReUAB5oZgtQNkl\" data-src-align=\"41:3\">gaz<\/span> <span class=\"EzKURWReUAB5oZgtQNkl\" data-src-align=\"33:7\">natural<\/span> <span class=\"EzKURWReUAB5oZgtQNkl\" data-src-align=\"45:2\">sau<\/span> <span class=\"EzKURWReUAB5oZgtQNkl\" data-src-align=\"54:4\">combustibil<\/span> <span class=\"EzKURWReUAB5oZgtQNkl\" data-src-align=\"48:5\">solid<\/span><\/li>\n<li><span class=\"EzKURWReUAB5oZgtQNkl\" data-src-align=\"6:7\">P\u00e2n\u0103 la 3 cuptoare<\/span> <span class=\"EzKURWReUAB5oZgtQNkl\" data-src-align=\"21:8\">pot fi operate<\/span> <span class=\"EzKURWReUAB5oZgtQNkl\" data-src-align=\"30:4\">cu<\/span> <span class=\"EzKURWReUAB5oZgtQNkl\" data-src-align=\"50:4\">o singur\u0103<\/span> <span class=\"EzKURWReUAB5oZgtQNkl\" data-src-align=\"42:7\">unitate de \u00eenc\u0103rcare<\/span><\/li>\n<li><span class=\"EzKURWReUAB5oZgtQNkl\" data-src-align=\"13:8\">\u00cen func\u021bie de capacitate<\/span>, <span class=\"EzKURWReUAB5oZgtQNkl\" data-src-align=\"34:5\">unele dintre cuptoare<\/span> <span class=\"EzKURWReUAB5oZgtQNkl\" data-src-align=\"40:3\">pot<\/span> <span class=\"EzKURWReUAB5oZgtQNkl\" data-src-align=\"48:6\">fi \u00eentrerupte<\/span><\/li>\n<li><span class=\"EzKURWReUAB5oZgtQNkl\" data-src-align=\"0:17\">Panoul de Control are<\/span> <span class=\"EzKURWReUAB5oZgtQNkl\" data-src-align=\"35:7\">diferite op\u021biuni<\/span> <span class=\"EzKURWReUAB5oZgtQNkl\" data-src-align=\"26:8\">de limb\u0103<\/span><\/li>\n<li><span class=\"EzKURWReUAB5oZgtQNkl\" data-src-align=\"0:8\">Comparativ<\/span> <span class=\"EzKURWReUAB5oZgtQNkl\" data-src-align=\"18:31\">cu capacitatea lor de produc\u021bie ocup\u0103<\/span> <span class=\"EzKURWReUAB5oZgtQNkl\" data-src-align=\"56:6\">spa\u021bii<\/span> <span class=\"EzKURWReUAB5oZgtQNkl\" data-src-align=\"50:5\">mici<\/span><\/li>\n<li><span class=\"EzKURWReUAB5oZgtQNkl\" data-src-align=\"0:5\">Economise\u0219te<\/span> <span class=\"EzKURWReUAB5oZgtQNkl\" data-src-align=\"17:4\">din costul<\/span> <span class=\"EzKURWReUAB5oZgtQNkl\" data-src-align=\"11:5\">for\u021bei de munc\u0103<\/span><\/li>\n<li><span class=\"EzKURWReUAB5oZgtQNkl\" data-src-align=\"0:8\">Sprijin\u0103<\/span> <span class=\"EzKURWReUAB5oZgtQNkl\" data-src-align=\"18:10\">produc\u021bia<\/span> <span class=\"EzKURWReUAB5oZgtQNkl\" data-src-align=\"9:8\">igienic\u0103<\/span><\/li>\n<li><span class=\"EzKURWReUAB5oZgtQNkl\" data-src-align=\"9:7\">Suport<\/span> <span class=\"EzKURWReUAB5oZgtQNkl\" data-src-align=\"0:8\">Software<\/span><span class=\"EzKURWReUAB5oZgtQNkl\" data-src-align=\"17:3\">-ul poate<\/span> <span class=\"EzKURWReUAB5oZgtQNkl\" data-src-align=\"24:5\">fi dat<\/span> <span class=\"EzKURWReUAB5oZgtQNkl\" data-src-align=\"42:6\">cu acces<\/span> <span class=\"EzKURWReUAB5oZgtQNkl\" data-src-align=\"35:6\">la distan\u021b\u0103<\/span><span class=\"EzKURWReUAB5oZgtQNkl\" data-src-align=\"52:4\">, at\u00e2ta<\/span> <span class=\"EzKURWReUAB5oZgtQNkl\" data-src-align=\"77:10\">timp c\u00e2t nu exist\u0103 conexiune<\/span> <span class=\"EzKURWReUAB5oZgtQNkl\" data-src-align=\"68:8\">la internet<\/span><\/li>\n<li><span class=\"EzKURWReUAB5oZgtQNkl\" data-src-align=\"3:56\">De asemenea, poate fi integrat cu unit\u0103\u021bi automate de fermentare<\/span><\/li>\n<\/ul>\n","protected":false},"featured_media":2931,"menu_order":0,"template":"","meta":{"inline_featured_image":false},"product_brand":[],"product_cat":[35],"product_tag":[],"class_list":{"0":"post-2934","1":"product","2":"type-product","3":"status-publish","4":"has-post-thumbnail","6":"product_cat-brutarie-panificatie","8":"first","9":"instock","10":"taxable","11":"shipping-taxable","12":"product-type-simple"},"_links":{"self":[{"href":"https:\/\/horecapan.ro\/en\/wp-json\/wp\/v2\/product\/2934","targetHints":{"allow":["GET"]}}],"collection":[{"href":"https:\/\/horecapan.ro\/en\/wp-json\/wp\/v2\/product"}],"about":[{"href":"https:\/\/horecapan.ro\/en\/wp-json\/wp\/v2\/types\/product"}],"version-history":[{"count":1,"href":"https:\/\/horecapan.ro\/en\/wp-json\/wp\/v2\/product\/2934\/revisions"}],"predecessor-version":[{"id":2935,"href":"https:\/\/horecapan.ro\/en\/wp-json\/wp\/v2\/product\/2934\/revisions\/2935"}],"wp:featuredmedia":[{"embeddable":true,"href":"https:\/\/horecapan.ro\/en\/wp-json\/wp\/v2\/media\/2931"}],"wp:attachment":[{"href":"https:\/\/horecapan.ro\/en\/wp-json\/wp\/v2\/media?parent=2934"}],"wp:term":[{"taxonomy":"product_brand","embeddable":true,"href":"https:\/\/horecapan.ro\/en\/wp-json\/wp\/v2\/product_brand?post=2934"},{"taxonomy":"product_cat","embeddable":true,"href":"https:\/\/horecapan.ro\/en\/wp-json\/wp\/v2\/product_cat?post=2934"},{"taxonomy":"product_tag","embeddable":true,"href":"https:\/\/horecapan.ro\/en\/wp-json\/wp\/v2\/product_tag?post=2934"}],"curies":[{"name":"wp","href":"https:\/\/api.w.org\/{rel}","templated":true}]}}