{"id":2786,"date":"2024-10-24T13:27:49","date_gmt":"2024-10-24T11:27:49","guid":{"rendered":"https:\/\/horecapan.ro\/?post_type=product&#038;p=2786"},"modified":"2024-11-04T20:31:08","modified_gmt":"2024-11-04T18:31:08","slug":"racitor-de-apa-industrial-ksc900","status":"publish","type":"product","link":"https:\/\/horecapan.ro\/en\/product\/racitor-de-apa-industrial-ksc900\/","title":{"rendered":"Racitor de apa industrial KSC900"},"content":{"rendered":"<p><em>L\u0103\u021bime x Lungime x \u00cen\u0103l\u021bime: 1120X2070 mm<\/em><\/p>\n<p><em>Greutate: 267 kg<\/em><\/p>\n<p><em>Electricitate : 380V 50Hz<\/em><\/p>\n<p><em>Putere electrica: 1,5 kW<\/em><\/p>\n<p><em>Bazinul de apa : 900 Litri<\/em><\/p>\n<p><em>Capacitate de R\u0103cire: 150 Litri\/H<\/em><\/p>\n<p><em>Intrare apa:1\/2&#8243; (\u00f820 mm) \/ 3\/4&#8243; (\u00f825 mm),<\/em><\/p>\n<p><em>Admisie De Ap\u0103 Rece: 3\/4&#8243; (\u00f825 mm) \/ 1\/2&#8243; (\u00f820 mm)<\/em><\/p>\n<p><em>Conducta de Aerisire:\u00be&#8221; (\u00d8 25 mm)<\/em><\/p>\n<p><em>\u021aeav\u0103 de Preaplin:\u00bd&#8221; (\u00d8 20 mm).<\/em><\/p>\n","protected":false},"excerpt":{"rendered":"<p><em>Este un echipament pentru r\u0103cirea apei utilizate pentru producerea aluatului<\/em><\/p>\n<p><em>Produc\u021bie igienic\u0103 compatibil\u0103 cu normele europene <\/em><\/p>\n<p><em>Caroserie \u0219i accesorii din o\u021bel inoxidabil <\/em><\/p>\n<p><em>Panou de Control cu termostat digital <\/em><\/p>\n<p><em>R\u0103cire p\u00e2n\u0103 la 1 cp <\/em><\/p>\n<p><em>Design Compact 900 lt capacitate rezervor.<\/em><\/p>\n","protected":false},"featured_media":2783,"menu_order":0,"template":"","meta":{"inline_featured_image":false},"product_brand":[],"product_cat":[34],"product_tag":[],"class_list":{"0":"post-2786","1":"product","2":"type-product","3":"status-publish","4":"has-post-thumbnail","6":"product_cat-auxiliare","8":"first","9":"instock","10":"taxable","11":"shipping-taxable","12":"product-type-simple"},"_links":{"self":[{"href":"https:\/\/horecapan.ro\/en\/wp-json\/wp\/v2\/product\/2786","targetHints":{"allow":["GET"]}}],"collection":[{"href":"https:\/\/horecapan.ro\/en\/wp-json\/wp\/v2\/product"}],"about":[{"href":"https:\/\/horecapan.ro\/en\/wp-json\/wp\/v2\/types\/product"}],"version-history":[{"count":1,"href":"https:\/\/horecapan.ro\/en\/wp-json\/wp\/v2\/product\/2786\/revisions"}],"predecessor-version":[{"id":3487,"href":"https:\/\/horecapan.ro\/en\/wp-json\/wp\/v2\/product\/2786\/revisions\/3487"}],"wp:featuredmedia":[{"embeddable":true,"href":"https:\/\/horecapan.ro\/en\/wp-json\/wp\/v2\/media\/2783"}],"wp:attachment":[{"href":"https:\/\/horecapan.ro\/en\/wp-json\/wp\/v2\/media?parent=2786"}],"wp:term":[{"taxonomy":"product_brand","embeddable":true,"href":"https:\/\/horecapan.ro\/en\/wp-json\/wp\/v2\/product_brand?post=2786"},{"taxonomy":"product_cat","embeddable":true,"href":"https:\/\/horecapan.ro\/en\/wp-json\/wp\/v2\/product_cat?post=2786"},{"taxonomy":"product_tag","embeddable":true,"href":"https:\/\/horecapan.ro\/en\/wp-json\/wp\/v2\/product_tag?post=2786"}],"curies":[{"name":"wp","href":"https:\/\/api.w.org\/{rel}","templated":true}]}}