{"id":2763,"date":"2024-10-23T14:57:41","date_gmt":"2024-10-23T12:57:41","guid":{"rendered":"https:\/\/horecapan.ro\/?post_type=product&#038;p=2763"},"modified":"2024-11-04T20:32:59","modified_gmt":"2024-11-04T18:32:59","slug":"separator-volumetric-de-aluat-cu-un-singur-piston-dm2000","status":"publish","type":"product","link":"https:\/\/horecapan.ro\/en\/product\/separator-volumetric-de-aluat-cu-un-singur-piston-dm2000\/","title":{"rendered":"Separator volumetric de aluat cu un singur piston DM2000"},"content":{"rendered":"<p><em>L\u0103\u021bime x Lungime x \u00cen\u0103l\u021bime: 685 x 1391 x 1501mm<\/em><\/p>\n<p><em>Greutate: 500 kg <\/em><\/p>\n<p><em>Specifica\u021bii de electricitate:380v 50hz N + PE 3 faze<\/em><\/p>\n<p><em>Putere electric\u0103:1,5 kw<\/em><\/p>\n<p><em>Capacitate mai mare:80 kg <\/em><\/p>\n<p><em>In\u0103l\u021bimea de ie\u0219ire a aluatului:890 &#8211; 1005 (min,-max,)mm<\/em><\/p>\n<p><em>Num\u0103r de pistoane:1<\/em><\/p>\n<p><em>Diametru \u0219i greutate:70 mm \/ 50-200 g (min, &#8211; g (min, &#8211; max,) 90 mm \/ 80-450 g (min, &#8211; max,) 110 mm \/ 150-700 g (min, &#8211; max,) 120 mm \/ 200-1000 g (min, &#8211; max,) 130 mm \/ 250-1100 g (min, &#8211; max,) 150 mm \/ 300 &#8211; 1600 g (min,-max,)mm<\/em><\/p>\n<p><em>Capacitate:1600 &#8211; 2500 (min,-max,)buc \/ or\u0103<\/em><\/p>\n","protected":false},"excerpt":{"rendered":"<p><em><span class=\"EzKURWReUAB5oZgtQNkl\" data-src-align=\"31:8\">Separatoare<\/span> <span class=\"EzKURWReUAB5oZgtQNkl\" data-src-align=\"0:24\">volumetrice de aluat cu un singur piston<\/span> <span class=\"EzKURWReUAB5oZgtQNkl\" data-src-align=\"81:6\">cu<\/span> <span class=\"EzKURWReUAB5oZgtQNkl\" data-src-align=\"63:7\">camer\u0103<\/span> <span class=\"EzKURWReUAB5oZgtQNkl\" data-src-align=\"45:17\">de vid reglabil\u0103,<\/span> <span class=\"EzKURWReUAB5oZgtQNkl\" data-src-align=\"71:9\">greutatea<\/span> <span class=\"EzKURWReUAB5oZgtQNkl\" data-src-align=\"91:5\">solicitat\u0103 a aluatului<\/span> <span class=\"EzKURWReUAB5oZgtQNkl\" data-src-align=\"97:3\">poate<\/span> <span class=\"EzKURWReUAB5oZgtQNkl\" data-src-align=\"104:3\">fi t\u0103iat\u0103<\/span>,c<span class=\"EzKURWReUAB5oZgtQNkl\" data-src-align=\"117:11\">onsum<\/span> <span class=\"EzKURWReUAB5oZgtQNkl\" data-src-align=\"109:3\">redus<\/span> <span class=\"EzKURWReUAB5oZgtQNkl\" data-src-align=\"113:3\">de ulei<\/span> <span class=\"EzKURWReUAB5oZgtQNkl\" data-src-align=\"149:11\">cu lubrifiere<\/span> <span class=\"EzKURWReUAB5oZgtQNkl\" data-src-align=\"134:14\">cu circuit \u00eenchis,i<\/span><span class=\"EzKURWReUAB5oZgtQNkl\" data-src-align=\"162:8\">zolare<\/span> <span class=\"EzKURWReUAB5oZgtQNkl\" data-src-align=\"171:14\">\u00eembun\u0103t\u0103\u021bit\u0103 a prafului,<\/span> r<span class=\"EzKURWReUAB5oZgtQNkl\" data-src-align=\"192:7\">acleta<\/span> <span class=\"EzKURWReUAB5oZgtQNkl\" data-src-align=\"187:4\">pentru curea<\/span> <span class=\"EzKURWReUAB5oZgtQNkl\" data-src-align=\"204:18\">\u0219i colectorul de f\u0103in\u0103 sunt<\/span> <span class=\"EzKURWReUAB5oZgtQNkl\" data-src-align=\"223:8\">standard,<\/span> s<span class=\"EzKURWReUAB5oZgtQNkl\" data-src-align=\"250:9\">prinkler<\/span> <span class=\"EzKURWReUAB5oZgtQNkl\" data-src-align=\"244:5\">reglabil pentru f\u0103in\u0103,<\/span> c<span class=\"EzKURWReUAB5oZgtQNkl\" data-src-align=\"277:8\">aroserie<\/span> <span class=\"EzKURWReUAB5oZgtQNkl\" data-src-align=\"261:15\">din o\u021bel inoxidabil<\/span><span class=\"EzKURWReUAB5oZgtQNkl\" data-src-align=\"287:6\">, bunc\u0103r<\/span> <span class=\"EzKURWReUAB5oZgtQNkl\" data-src-align=\"294:3\">\u0219i<\/span> <span class=\"EzKURWReUAB5oZgtQNkl\" data-src-align=\"298:8\">transportor,<\/span> d<span class=\"EzKURWReUAB5oZgtQNkl\" data-src-align=\"317:4\">urat\u0103<\/span> <span class=\"EzKURWReUAB5oZgtQNkl\" data-src-align=\"313:3\">lung\u0103 de via\u021b\u0103 a uleiului<\/span> <span class=\"EzKURWReUAB5oZgtQNkl\" data-src-align=\"322:6\">datorit\u0103<\/span> <span class=\"EzKURWReUAB5oZgtQNkl\" data-src-align=\"342:10\">filtr\u0103rii<\/span> <span class=\"EzKURWReUAB5oZgtQNkl\" data-src-align=\"332:9\">\u00een dou\u0103 etape,<\/span> d<span class=\"EzKURWReUAB5oZgtQNkl\" data-src-align=\"354:5\">esign<\/span> <span class=\"EzKURWReUAB5oZgtQNkl\" data-src-align=\"360:13\">cu valoare ad\u0103ugat\u0103<\/span> ,u<span class=\"EzKURWReUAB5oZgtQNkl\" data-src-align=\"383:4\">\u0219or de mutat<\/span> <span class=\"EzKURWReUAB5oZgtQNkl\" data-src-align=\"388:4\">cu<\/span> <span class=\"EzKURWReUAB5oZgtQNkl\" data-src-align=\"393:7\">rotile<\/span> ,i<span class=\"EzKURWReUAB5oZgtQNkl\" data-src-align=\"417:8\">nvertor<\/span> <span class=\"EzKURWReUAB5oZgtQNkl\" data-src-align=\"402:14\">de vitez\u0103 op\u021bional<\/span><span class=\"EzKURWReUAB5oZgtQNkl\" data-src-align=\"427:30\">, sistem de pozi\u021bionare a pistonului* \u0219i<\/span> <span class=\"EzKURWReUAB5oZgtQNkl\" data-src-align=\"458:7\">rotitor<\/span> <span class=\"EzKURWReUAB5oZgtQNkl\" data-src-align=\"469:4\">pe curea<\/span> <span class=\"EzKURWReUAB5oZgtQNkl\" data-src-align=\"479:18\">* Sistemul de pozi\u021bionare a pistonului<\/span> <span class=\"EzKURWReUAB5oZgtQNkl\" data-src-align=\"505:7\">permite<\/span> <span class=\"EzKURWReUAB5oZgtQNkl\" data-src-align=\"516:4\">oprirea<\/span> <span class=\"EzKURWReUAB5oZgtQNkl\" data-src-align=\"525:6\">automat\u0103 a pistonului<\/span> <span class=\"EzKURWReUAB5oZgtQNkl\" data-src-align=\"545:8\">\u00een pozi\u021bia<\/span> <span class=\"EzKURWReUAB5oZgtQNkl\" data-src-align=\"535:9\">de desc\u0103rcare<\/span> <span class=\"EzKURWReUAB5oZgtQNkl\" data-src-align=\"554:13\">\u0219i<\/span> <span class=\"EzKURWReUAB5oZgtQNkl\" data-src-align=\"572:8\">previne<\/span> <span class=\"EzKURWReUAB5oZgtQNkl\" data-src-align=\"589:10\">p\u0103trunderea substan\u021belor<\/span> <span class=\"EzKURWReUAB5oZgtQNkl\" data-src-align=\"581:7\">str\u0103ine<\/span> <span class=\"EzKURWReUAB5oZgtQNkl\" data-src-align=\"613:8\">\u00een cilindru.<\/span><\/em><\/p>\n","protected":false},"featured_media":2764,"menu_order":0,"template":"","meta":{"inline_featured_image":false},"product_brand":[],"product_cat":[31],"product_tag":[],"class_list":{"0":"post-2763","1":"product","2":"type-product","3":"status-publish","4":"has-post-thumbnail","6":"product_cat-panificatie","8":"first","9":"instock","10":"taxable","11":"shipping-taxable","12":"product-type-simple"},"_links":{"self":[{"href":"https:\/\/horecapan.ro\/en\/wp-json\/wp\/v2\/product\/2763","targetHints":{"allow":["GET"]}}],"collection":[{"href":"https:\/\/horecapan.ro\/en\/wp-json\/wp\/v2\/product"}],"about":[{"href":"https:\/\/horecapan.ro\/en\/wp-json\/wp\/v2\/types\/product"}],"version-history":[{"count":1,"href":"https:\/\/horecapan.ro\/en\/wp-json\/wp\/v2\/product\/2763\/revisions"}],"predecessor-version":[{"id":3494,"href":"https:\/\/horecapan.ro\/en\/wp-json\/wp\/v2\/product\/2763\/revisions\/3494"}],"wp:featuredmedia":[{"embeddable":true,"href":"https:\/\/horecapan.ro\/en\/wp-json\/wp\/v2\/media\/2764"}],"wp:attachment":[{"href":"https:\/\/horecapan.ro\/en\/wp-json\/wp\/v2\/media?parent=2763"}],"wp:term":[{"taxonomy":"product_brand","embeddable":true,"href":"https:\/\/horecapan.ro\/en\/wp-json\/wp\/v2\/product_brand?post=2763"},{"taxonomy":"product_cat","embeddable":true,"href":"https:\/\/horecapan.ro\/en\/wp-json\/wp\/v2\/product_cat?post=2763"},{"taxonomy":"product_tag","embeddable":true,"href":"https:\/\/horecapan.ro\/en\/wp-json\/wp\/v2\/product_tag?post=2763"}],"curies":[{"name":"wp","href":"https:\/\/api.w.org\/{rel}","templated":true}]}}