{"id":2759,"date":"2024-10-23T14:17:09","date_gmt":"2024-10-23T12:17:09","guid":{"rendered":"https:\/\/horecapan.ro\/?post_type=product&#038;p=2759"},"modified":"2024-11-04T20:33:21","modified_gmt":"2024-11-04T18:33:21","slug":"separator-volumetric-de-aluat-cu-doua-pistoane-dm2002s","status":"publish","type":"product","link":"https:\/\/horecapan.ro\/en\/product\/separator-volumetric-de-aluat-cu-doua-pistoane-dm2002s\/","title":{"rendered":"Separator volumetric de aluat cu doua pistoane DM2002S"},"content":{"rendered":"<p><em><span class=\"EzKURWReUAB5oZgtQNkl\" data-src-align=\"0:5\">L\u0103\u021bime<\/span> <span class=\"EzKURWReUAB5oZgtQNkl\" data-src-align=\"8:6\">x Lungime<\/span> <span class=\"EzKURWReUAB5oZgtQNkl\" data-src-align=\"17:6\">x \u00cen\u0103l\u021bime<\/span>: <span class=\"EzKURWReUAB5oZgtQNkl\" data-src-align=\"28:290\">685 x 1391 x 1501 mm <\/span><\/em><\/p>\n<p><em><span class=\"EzKURWReUAB5oZgtQNkl\" data-src-align=\"28:290\">Greutate:500 kg<\/span><\/em><\/p>\n<p><em><span class=\"EzKURWReUAB5oZgtQNkl\" data-src-align=\"28:290\">Specifica\u021bii electrice:380 V 50 Hz N+pe 3 Faz(faz\u0103)<\/span><\/em><\/p>\n<p><em><span class=\"EzKURWReUAB5oZgtQNkl\" data-src-align=\"28:290\">Putere electric\u0103:1,5 kw<\/span><\/em><\/p>\n<p><em><span class=\"EzKURWReUAB5oZgtQNkl\" data-src-align=\"28:290\">Capacitate recipient (aluat):80kg<\/span><\/em><\/p>\n<p><em><span class=\"EzKURWReUAB5oZgtQNkl\" data-src-align=\"28:290\">In\u0103l\u021bimea de ie\u0219ire a aluatului:890 &#8211; 1005mm<\/span><\/em><\/p>\n<p><em><span class=\"EzKURWReUAB5oZgtQNkl\" data-src-align=\"28:290\">Num\u0103r de pistoane:2<\/span><\/em><\/p>\n<p><em><span class=\"EzKURWReUAB5oZgtQNkl\" data-src-align=\"28:290\">Diametru \u0219i greutate:60mm \/ 40 &#8211; 180 g (min,-max,)mm<\/span><\/em><\/p>\n<p><em><span class=\"EzKURWReUAB5oZgtQNkl\" data-src-align=\"28:290\">Capacitate:2000 &#8211; 4000 kg<\/span><\/em><\/p>\n<p><em><span class=\"EzKURWReUAB5oZgtQNkl\" data-src-align=\"28:290\">Num\u0103r de incarcatoare : 80\u00a0<\/span><\/em><\/p>\n","protected":false},"excerpt":{"rendered":"<p><em><span class=\"EzKURWReUAB5oZgtQNkl\" data-src-align=\"31:8\">Separatoare<\/span> <span class=\"EzKURWReUAB5oZgtQNkl\" data-src-align=\"7:17\">volumetrice de aluat cu piston dublu<\/span> <span class=\"EzKURWReUAB5oZgtQNkl\" data-src-align=\"40:4\">cu<\/span> <span class=\"EzKURWReUAB5oZgtQNkl\" data-src-align=\"63:7\">camer\u0103<\/span> <span class=\"EzKURWReUAB5oZgtQNkl\" data-src-align=\"45:17\">de vid reglabil\u0103<\/span> <\/em><\/p>\n<p><em><span class=\"EzKURWReUAB5oZgtQNkl\" data-src-align=\"80:11\">Consum<\/span> <span class=\"EzKURWReUAB5oZgtQNkl\" data-src-align=\"72:3\">redus<\/span> <span class=\"EzKURWReUAB5oZgtQNkl\" data-src-align=\"76:3\">de ulei<\/span> <span class=\"EzKURWReUAB5oZgtQNkl\" data-src-align=\"112:11\">cu lubrifiere<\/span> <span class=\"EzKURWReUAB5oZgtQNkl\" data-src-align=\"97:14\">cu circuit \u00eenchis<\/span> <span class=\"EzKURWReUAB5oZgtQNkl\" data-src-align=\"125:8\">Izolare<\/span> <span class=\"EzKURWReUAB5oZgtQNkl\" data-src-align=\"134:14\">\u00eembun\u0103t\u0103\u021bit\u0103 a prafului<\/span> <\/em><\/p>\n<p><em><span class=\"EzKURWReUAB5oZgtQNkl\" data-src-align=\"155:7\">Racleta<\/span> <span class=\"EzKURWReUAB5oZgtQNkl\" data-src-align=\"150:4\">pentru curea<\/span> <span class=\"EzKURWReUAB5oZgtQNkl\" data-src-align=\"167:18\">\u0219i colectorul de f\u0103in\u0103 sunt<\/span> <span class=\"EzKURWReUAB5oZgtQNkl\" data-src-align=\"186:8\">standard<\/span> <\/em><\/p>\n<p><em><span class=\"EzKURWReUAB5oZgtQNkl\" data-src-align=\"213:9\">Sprinkler<\/span> <span class=\"EzKURWReUAB5oZgtQNkl\" data-src-align=\"207:5\">reglabil pentru f\u0103in\u0103<\/span> <\/em><\/p>\n<p><em><span class=\"EzKURWReUAB5oZgtQNkl\" data-src-align=\"240:8\">Caroserie<\/span> <span class=\"EzKURWReUAB5oZgtQNkl\" data-src-align=\"224:15\">din o\u021bel inoxidabil<\/span><span class=\"EzKURWReUAB5oZgtQNkl\" data-src-align=\"250:6\">, bunc\u0103r<\/span> <span class=\"EzKURWReUAB5oZgtQNkl\" data-src-align=\"257:3\">\u0219i<\/span> <span class=\"EzKURWReUAB5oZgtQNkl\" data-src-align=\"261:8\">transportor<\/span><\/em><\/p>\n<p><em> <span class=\"EzKURWReUAB5oZgtQNkl\" data-src-align=\"280:4\">Durat\u0103<\/span> <span class=\"EzKURWReUAB5oZgtQNkl\" data-src-align=\"276:3\">lung\u0103 de via\u021b\u0103 a uleiului<\/span> <span class=\"EzKURWReUAB5oZgtQNkl\" data-src-align=\"285:6\">datorit\u0103<\/span> <span class=\"EzKURWReUAB5oZgtQNkl\" data-src-align=\"305:10\">filtr\u0103rii<\/span> <span class=\"EzKURWReUAB5oZgtQNkl\" data-src-align=\"295:9\">\u00een dou\u0103 etape<\/span> <\/em><\/p>\n<p><em><span class=\"EzKURWReUAB5oZgtQNkl\" data-src-align=\"317:5\">Design<\/span> <span class=\"EzKURWReUAB5oZgtQNkl\" data-src-align=\"323:13\">cu valoare ad\u0103ugat\u0103<\/span> <\/em><\/p>\n<p><em><span class=\"EzKURWReUAB5oZgtQNkl\" data-src-align=\"346:4\">U\u0219or de mutat<\/span> <span class=\"EzKURWReUAB5oZgtQNkl\" data-src-align=\"351:4\">cu<\/span> <span class=\"EzKURWReUAB5oZgtQNkl\" data-src-align=\"356:7\">rotile<\/span> <span class=\"EzKURWReUAB5oZgtQNkl\" data-src-align=\"380:8\">Invertor<\/span> <span class=\"EzKURWReUAB5oZgtQNkl\" data-src-align=\"365:14\">de vitez\u0103 op\u021bional<\/span>, <span class=\"EzKURWReUAB5oZgtQNkl\" data-src-align=\"390:18\">sistem de pozi\u021bionare a pistonului<\/span> <span class=\"EzKURWReUAB5oZgtQNkl\" data-src-align=\"416:3\">\u0219i<\/span> <span class=\"EzKURWReUAB5oZgtQNkl\" data-src-align=\"420:7\">rotitor<\/span> <span class=\"EzKURWReUAB5oZgtQNkl\" data-src-align=\"431:4\">pe centur\u0103<\/span> <\/em><\/p>\n<p><em><span class=\"EzKURWReUAB5oZgtQNkl\" data-src-align=\"438:18\">Sistemul de pozi\u021bionare a pistonului<\/span> <span class=\"EzKURWReUAB5oZgtQNkl\" data-src-align=\"475:4\">permite oprirea<\/span> <span class=\"EzKURWReUAB5oZgtQNkl\" data-src-align=\"484:6\">automat\u0103 a pistonului<\/span> <span class=\"EzKURWReUAB5oZgtQNkl\" data-src-align=\"504:8\">\u00een pozi\u021bia<\/span> <span class=\"EzKURWReUAB5oZgtQNkl\" data-src-align=\"494:9\">de desc\u0103rcare<\/span> <span class=\"EzKURWReUAB5oZgtQNkl\" data-src-align=\"513:13\">\u0219i<\/span> <span class=\"EzKURWReUAB5oZgtQNkl\" data-src-align=\"531:8\">previne<\/span> <span class=\"EzKURWReUAB5oZgtQNkl\" data-src-align=\"548:10\">p\u0103trunderea substan\u021belor<\/span> <span class=\"EzKURWReUAB5oZgtQNkl\" data-src-align=\"540:7\">str\u0103ine<\/span> <span class=\"EzKURWReUAB5oZgtQNkl\" data-src-align=\"572:8\">\u00een cilindru<\/span><\/em><\/p>\n","protected":false},"featured_media":2760,"menu_order":0,"template":"","meta":{"inline_featured_image":false},"product_brand":[],"product_cat":[31],"product_tag":[],"class_list":{"0":"post-2759","1":"product","2":"type-product","3":"status-publish","4":"has-post-thumbnail","6":"product_cat-panificatie","8":"first","9":"instock","10":"taxable","11":"shipping-taxable","12":"product-type-simple"},"_links":{"self":[{"href":"https:\/\/horecapan.ro\/en\/wp-json\/wp\/v2\/product\/2759","targetHints":{"allow":["GET"]}}],"collection":[{"href":"https:\/\/horecapan.ro\/en\/wp-json\/wp\/v2\/product"}],"about":[{"href":"https:\/\/horecapan.ro\/en\/wp-json\/wp\/v2\/types\/product"}],"version-history":[{"count":1,"href":"https:\/\/horecapan.ro\/en\/wp-json\/wp\/v2\/product\/2759\/revisions"}],"predecessor-version":[{"id":3495,"href":"https:\/\/horecapan.ro\/en\/wp-json\/wp\/v2\/product\/2759\/revisions\/3495"}],"wp:featuredmedia":[{"embeddable":true,"href":"https:\/\/horecapan.ro\/en\/wp-json\/wp\/v2\/media\/2760"}],"wp:attachment":[{"href":"https:\/\/horecapan.ro\/en\/wp-json\/wp\/v2\/media?parent=2759"}],"wp:term":[{"taxonomy":"product_brand","embeddable":true,"href":"https:\/\/horecapan.ro\/en\/wp-json\/wp\/v2\/product_brand?post=2759"},{"taxonomy":"product_cat","embeddable":true,"href":"https:\/\/horecapan.ro\/en\/wp-json\/wp\/v2\/product_cat?post=2759"},{"taxonomy":"product_tag","embeddable":true,"href":"https:\/\/horecapan.ro\/en\/wp-json\/wp\/v2\/product_tag?post=2759"}],"curies":[{"name":"wp","href":"https:\/\/api.w.org\/{rel}","templated":true}]}}