{"id":2751,"date":"2024-10-23T12:45:10","date_gmt":"2024-10-23T10:45:10","guid":{"rendered":"https:\/\/horecapan.ro\/?post_type=product&#038;p=2751"},"modified":"2024-11-04T19:31:35","modified_gmt":"2024-11-04T17:31:35","slug":"cuptoare-cu-vatra-de-piatra-cu-tub-de-abur","status":"publish","type":"product","link":"https:\/\/horecapan.ro\/en\/product\/cuptoare-cu-vatra-de-piatra-cu-tub-de-abur\/","title":{"rendered":"Cuptoare cu vatra de piatra cu tub de abur"},"content":{"rendered":"<p><em>L\u0103\u021bime x Lungime x \u00cen\u0103l\u021bime: 2600 x 4250 x 2640 mm<\/em><\/p>\n<p><em>Greutate:14.500 kg\u00a0<\/em><\/p>\n<p><em>\u00a0Specifica\u021bii de electricitate:380 V 50-60 Hz N+pe 3 Faz(faz\u0103)<\/em><\/p>\n<p><em>Putere electric\u0103:1kw<\/em><\/p>\n<p><em>Capacitate de incalzire:113.500 kcal\/h<\/em><\/p>\n<p><em>Capacitate de incalzire operationala:68.000 kcal\/h<\/em><\/p>\n<p><em>\u00a0Temperatura: 300 \u00b0 C<\/em><\/p>\n<p><em>\u00a0Diametru co\u0219 de evacuare: 306mm <\/em><\/p>\n<p><em>Diametru co\u0219 de fum: 107mm <\/em><\/p>\n<p><em>In\u0103l\u021bimea pun\u021bii:195mm <\/em><\/p>\n<p><em>Dimensiuni interne: 1840 x 2580mm<\/em><\/p>\n<p><em>Zona de coacere min.: 9,5 m\u00b2<\/em><\/p>\n<p><em>Presiunea apei: 3-5 bar<\/em><\/p>\n<p><em>\u00a0Lungimea \u00eenc\u0103rc\u0103torului: 3000mm<\/em><\/p>\n<p><em>L\u0103\u021bimea c\u0103ruciorului paletei: 600mm<\/em><\/p>\n","protected":false},"excerpt":{"rendered":"<p><em><span class=\"EzKURWReUAB5oZgtQNkl\" data-src-align=\"0:43\">Cuptoare cu tub de abur cu o singur\u0103 punte sau cu dou\u0103 pun\u021bi<\/span> <span class=\"EzKURWReUAB5oZgtQNkl\" data-src-align=\"44:13\">care pot fi \u00eenc\u0103rcate<\/span> <span class=\"EzKURWReUAB5oZgtQNkl\" data-src-align=\"65:2\">fie<\/span> <span class=\"EzKURWReUAB5oZgtQNkl\" data-src-align=\"68:4\">cu pilule<\/span><span class=\"EzKURWReUAB5oZgtQNkl\" data-src-align=\"73:2\">, fie<\/span> <span class=\"EzKURWReUAB5oZgtQNkl\" data-src-align=\"76:12\">cu canvasloader<\/span><\/em><\/p>\n<p><em><span class=\"EzKURWReUAB5oZgtQNkl\" data-src-align=\"102:6\">Calitate tradi\u021bional\u0103 de coacere<\/span> <span class=\"EzKURWReUAB5oZgtQNkl\" data-src-align=\"117:4\">cu<\/span> <span class=\"EzKURWReUAB5oZgtQNkl\" data-src-align=\"142:4\">punte<\/span> <span class=\"EzKURWReUAB5oZgtQNkl\" data-src-align=\"127:8\">superioar\u0103<\/span> <span class=\"EzKURWReUAB5oZgtQNkl\" data-src-align=\"122:4\">proiectat\u0103 cu cupol\u0103<\/span> <\/em><\/p>\n<p><em><span class=\"EzKURWReUAB5oZgtQNkl\" data-src-align=\"148:7\">Camera de ardere<\/span> <span class=\"EzKURWReUAB5oZgtQNkl\" data-src-align=\"167:5\">este construita <\/span><span class=\"EzKURWReUAB5oZgtQNkl\" data-src-align=\"187:6\">din c\u0103r\u0103mizi<\/span> <span class=\"EzKURWReUAB5oZgtQNkl\" data-src-align=\"176:10\">refractare<\/span> <\/em><\/p>\n<p><em><span class=\"EzKURWReUAB5oZgtQNkl\" data-src-align=\"195:8\">Pere\u021bi<\/span> <span class=\"EzKURWReUAB5oZgtQNkl\" data-src-align=\"226:10\">laterali<\/span> <span class=\"EzKURWReUAB5oZgtQNkl\" data-src-align=\"208:17\">din beton \u0219i mozaic<\/span> <\/em><\/p>\n<p><em><span class=\"EzKURWReUAB5oZgtQNkl\" data-src-align=\"238:6\">Camera de coacere<\/span> <span class=\"EzKURWReUAB5oZgtQNkl\" data-src-align=\"253:10\">\u00eenconjurat\u0103<\/span> <span class=\"EzKURWReUAB5oZgtQNkl\" data-src-align=\"277:5\">cu tuburi<\/span> <span class=\"EzKURWReUAB5oZgtQNkl\" data-src-align=\"269:7\">speciale<\/span> <\/em><\/p>\n<p><em><span class=\"EzKURWReUAB5oZgtQNkl\" data-src-align=\"289:10\">Eficien\u021ba<\/span> <span class=\"EzKURWReUAB5oZgtQNkl\" data-src-align=\"284:4\">consumului de combustibil<\/span> <span class=\"EzKURWReUAB5oZgtQNkl\" data-src-align=\"306:3\">p\u00e2n\u0103 la %40<\/span> <\/em><\/p>\n<p><em><span class=\"EzKURWReUAB5oZgtQNkl\" data-src-align=\"331:5\">Capac<\/span> <span class=\"EzKURWReUAB5oZgtQNkl\" data-src-align=\"311:8\">op\u021bional<\/span> <span class=\"EzKURWReUAB5oZgtQNkl\" data-src-align=\"320:5\">de perete din c\u0103r\u0103mid\u0103<\/span> <\/em><\/p>\n<p><em><span class=\"EzKURWReUAB5oZgtQNkl\" data-src-align=\"351:12\">Distribu\u021bie<\/span> <span class=\"EzKURWReUAB5oZgtQNkl\" data-src-align=\"346:4\">perfect\u0103 a c\u0103ldurii<\/span> <span class=\"EzKURWReUAB5oZgtQNkl\" data-src-align=\"369:6\">at\u00e2t \u00een<\/span> <span class=\"EzKURWReUAB5oZgtQNkl\" data-src-align=\"376:21\">interior c\u00e2t \u0219i \u00eentre pun\u021bi<\/span> ,c<span class=\"EzKURWReUAB5oZgtQNkl\" data-src-align=\"407:6\">oacere<\/span> <span class=\"EzKURWReUAB5oZgtQNkl\" data-src-align=\"399:7\">s\u0103n\u0103toas\u0103<\/span> <span class=\"EzKURWReUAB5oZgtQNkl\" data-src-align=\"414:4\">cu<\/span> <span class=\"EzKURWReUAB5oZgtQNkl\" data-src-align=\"433:8\">transfer<\/span> <span class=\"EzKURWReUAB5oZgtQNkl\" data-src-align=\"419:8\">indirect<\/span> <span class=\"EzKURWReUAB5oZgtQNkl\" data-src-align=\"428:4\">de c\u0103ldur\u0103<\/span> <\/em><\/p>\n<p><em><span class=\"EzKURWReUAB5oZgtQNkl\" data-src-align=\"444:7\">Pietre de baz\u0103 durabile<\/span> <span class=\"EzKURWReUAB5oZgtQNkl\" data-src-align=\"464:10\">\u00eent\u0103rite cu<\/span> <span class=\"EzKURWReUAB5oZgtQNkl\" data-src-align=\"496:6\">rame<\/span> <span class=\"EzKURWReUAB5oZgtQNkl\" data-src-align=\"490:5\">din o\u021bel<\/span> <span class=\"EzKURWReUAB5oZgtQNkl\" data-src-align=\"480:9\">inoxidabil<\/span><\/em><\/p>\n<p><em><span class=\"EzKURWReUAB5oZgtQNkl\" data-src-align=\"504:4\">U\u0219ile de punte<\/span> <span class=\"EzKURWReUAB5oZgtQNkl\" data-src-align=\"515:3\">sunt<\/span> <span class=\"EzKURWReUAB5oZgtQNkl\" data-src-align=\"524:9\">disponibile<\/span> <span class=\"EzKURWReUAB5oZgtQNkl\" data-src-align=\"537:8\">at\u00e2t \u00een metal, c\u00e2t \u0219i<\/span> <span class=\"EzKURWReUAB5oZgtQNkl\" data-src-align=\"546:5\">\u00een sticl\u0103<\/span> <\/em><\/p>\n<p><em><span class=\"EzKURWReUAB5oZgtQNkl\" data-src-align=\"553:8\">Sistem<\/span> <span class=\"EzKURWReUAB5oZgtQNkl\" data-src-align=\"562:5\">puternic de abur<\/span> <span class=\"EzKURWReUAB5oZgtQNkl\" data-src-align=\"583:12\">care poate fi controlat<\/span> <span class=\"EzKURWReUAB5oZgtQNkl\" data-src-align=\"596:10\">separat pentru<\/span> <span class=\"EzKURWReUAB5oZgtQNkl\" data-src-align=\"616:9\">fiecare punte cu<\/span> <span class=\"EzKURWReUAB5oZgtQNkl\" data-src-align=\"635:6\">supape<\/span> <span class=\"EzKURWReUAB5oZgtQNkl\" data-src-align=\"626:8\">selenoide<\/span> <span class=\"EzKURWReUAB5oZgtQNkl\" data-src-align=\"650:7\">Poate fi alimentat<\/span> <span class=\"EzKURWReUAB5oZgtQNkl\" data-src-align=\"663:6\">cu motorin\u0103,<\/span> <span class=\"EzKURWReUAB5oZgtQNkl\" data-src-align=\"671:3\">GPL<\/span>, <span class=\"EzKURWReUAB5oZgtQNkl\" data-src-align=\"684:3\">gaz<\/span> <span class=\"EzKURWReUAB5oZgtQNkl\" data-src-align=\"676:7\">natural<\/span> <span class=\"EzKURWReUAB5oZgtQNkl\" data-src-align=\"688:2\">sau<\/span> <span class=\"EzKURWReUAB5oZgtQNkl\" data-src-align=\"697:4\">combustibil<\/span> <span class=\"EzKURWReUAB5oZgtQNkl\" data-src-align=\"691:5\">solid<\/span> d<span class=\"EzKURWReUAB5oZgtQNkl\" data-src-align=\"703:5\">esign<\/span> <span class=\"EzKURWReUAB5oZgtQNkl\" data-src-align=\"709:13\">cu valoare ad\u0103ugat\u0103<\/span> <span class=\"EzKURWReUAB5oZgtQNkl\" data-src-align=\"743:10\">Termostat<\/span> <span class=\"EzKURWReUAB5oZgtQNkl\" data-src-align=\"736:6\">secundar de siguran\u021b\u0103<\/span> <span class=\"EzKURWReUAB5oZgtQNkl\" data-src-align=\"754:3\">pentru<\/span> <span class=\"EzKURWReUAB5oZgtQNkl\" data-src-align=\"766:9\">o func\u021bionare<\/span> <span class=\"EzKURWReUAB5oZgtQNkl\" data-src-align=\"760:5\">mai sigur\u0103<\/span> <\/em><\/p>\n<p><em><span class=\"EzKURWReUAB5oZgtQNkl\" data-src-align=\"777:38\">Panou de control Rezistent la c\u0103ldur\u0103 \u0219i abur<\/span> <\/em><span class=\"EzKURWReUAB5oZgtQNkl\" data-src-align=\"818:47\"><em>Panou de control PLC electromecanic sau op\u021b<\/em>ional<\/span><\/p>\n","protected":false},"featured_media":2752,"menu_order":0,"template":"","meta":{"inline_featured_image":false},"product_brand":[],"product_cat":[31],"product_tag":[],"class_list":{"0":"post-2751","1":"product","2":"type-product","3":"status-publish","4":"has-post-thumbnail","6":"product_cat-panificatie","8":"first","9":"instock","10":"taxable","11":"shipping-taxable","12":"product-type-simple"},"_links":{"self":[{"href":"https:\/\/horecapan.ro\/en\/wp-json\/wp\/v2\/product\/2751","targetHints":{"allow":["GET"]}}],"collection":[{"href":"https:\/\/horecapan.ro\/en\/wp-json\/wp\/v2\/product"}],"about":[{"href":"https:\/\/horecapan.ro\/en\/wp-json\/wp\/v2\/types\/product"}],"version-history":[{"count":1,"href":"https:\/\/horecapan.ro\/en\/wp-json\/wp\/v2\/product\/2751\/revisions"}],"predecessor-version":[{"id":3446,"href":"https:\/\/horecapan.ro\/en\/wp-json\/wp\/v2\/product\/2751\/revisions\/3446"}],"wp:featuredmedia":[{"embeddable":true,"href":"https:\/\/horecapan.ro\/en\/wp-json\/wp\/v2\/media\/2752"}],"wp:attachment":[{"href":"https:\/\/horecapan.ro\/en\/wp-json\/wp\/v2\/media?parent=2751"}],"wp:term":[{"taxonomy":"product_brand","embeddable":true,"href":"https:\/\/horecapan.ro\/en\/wp-json\/wp\/v2\/product_brand?post=2751"},{"taxonomy":"product_cat","embeddable":true,"href":"https:\/\/horecapan.ro\/en\/wp-json\/wp\/v2\/product_cat?post=2751"},{"taxonomy":"product_tag","embeddable":true,"href":"https:\/\/horecapan.ro\/en\/wp-json\/wp\/v2\/product_tag?post=2751"}],"curies":[{"name":"wp","href":"https:\/\/api.w.org\/{rel}","templated":true}]}}