{"id":2743,"date":"2024-10-23T09:42:48","date_gmt":"2024-10-23T07:42:48","guid":{"rendered":"https:\/\/horecapan.ro\/?post_type=product&#038;p=2743"},"modified":"2024-11-04T20:38:29","modified_gmt":"2024-11-04T18:38:29","slug":"mixer-planetar-profesional-pl40","status":"publish","type":"product","link":"https:\/\/horecapan.ro\/en\/product\/mixer-planetar-profesional-pl40\/","title":{"rendered":"Mixer planetar profesional PL40"},"content":{"rendered":"<p><em>Date tehnice:<\/em><br \/>\n<em>Latime: 630 cm<\/em><br \/>\n<em>Lungime: 920 cm<\/em><br \/>\n<em>Inaltime: 1370 cm<\/em><br \/>\n<em>Greutate: 210 Kg<\/em><br \/>\n<em>Kw: 2.2<\/em><br \/>\n<em>Diametru\u00a0 bol: \u00f8400 x 400\u00a0\u00a0<\/em><br \/>\n<em>Capacitate bol: 40 litri<\/em><br \/>\n<em>Viteza de rotatie: 100 &#8211; 520 rpm<\/em><\/p>\n<p><em>Viteza de rotatie a capului :0 &#8211; 200 rpm<\/em><\/p>\n<p><em>Alimentare: 380 V 50-60 Hz<\/em><\/p>\n","protected":false},"excerpt":{"rendered":"<p><em><span class=\"EzKURWReUAB5oZgtQNkl\" data-src-align=\"46:6\">Sunt mixere<\/span> <span class=\"EzKURWReUAB5oZgtQNkl\" data-src-align=\"29:11\">f\u0103r\u0103 \u00eentre\u021binere<\/span><span class=\"EzKURWReUAB5oZgtQNkl\" data-src-align=\"63:8\">, care sunt concepute<\/span> <span class=\"EzKURWReUAB5oZgtQNkl\" data-src-align=\"72:3\">pentru<\/span> <span class=\"EzKURWReUAB5oZgtQNkl\" data-src-align=\"76:8\">brut\u0103rii<\/span>, <span class=\"EzKURWReUAB5oZgtQNkl\" data-src-align=\"86:9\">produse de patiserie,<\/span> <span class=\"EzKURWReUAB5oZgtQNkl\" data-src-align=\"96:6\">hoteluri<\/span> <span class=\"EzKURWReUAB5oZgtQNkl\" data-src-align=\"103:3\">\u0219i<\/span> <span class=\"EzKURWReUAB5oZgtQNkl\" data-src-align=\"111:8\">buc\u0103t\u0103rii<\/span> <span class=\"EzKURWReUAB5oZgtQNkl\" data-src-align=\"107:3\">mari<\/span> <span class=\"EzKURWReUAB5oZgtQNkl\" data-src-align=\"120:12\">care pot amesteca,<\/span> <span class=\"EzKURWReUAB5oZgtQNkl\" data-src-align=\"134:5\">fr\u0103m\u00e2nta<\/span><span class=\"EzKURWReUAB5oZgtQNkl\" data-src-align=\"182:11\">, f\u0103r\u0103 \u00eentre\u021binere cap de amestecare,<\/span> v<span class=\"EzKURWReUAB5oZgtQNkl\" data-src-align=\"196:10\">iteza reglabil\u0103<\/span> <span class=\"EzKURWReUAB5oZgtQNkl\" data-src-align=\"207:11\">a motorului,i<\/span><span class=\"EzKURWReUAB5oZgtQNkl\" data-src-align=\"232:11\">n\u0103l\u021bime reglabil\u0103 a bolului,<\/span> b<span class=\"EzKURWReUAB5oZgtQNkl\" data-src-align=\"262:4\">ol<\/span> <span class=\"EzKURWReUAB5oZgtQNkl\" data-src-align=\"246:15\">din o\u021bel inoxidabil<\/span> <span class=\"EzKURWReUAB5oZgtQNkl\" data-src-align=\"278:4\">\u0219i<\/span> <span class=\"EzKURWReUAB5oZgtQNkl\" data-src-align=\"271:6\">bra\u021be de amestecare<\/span>,c<span class=\"EzKURWReUAB5oZgtQNkl\" data-src-align=\"294:32\">abluri electrice compatibile cu normele<\/span> <span class=\"EzKURWReUAB5oZgtQNkl\" data-src-align=\"285:8\">europene,<\/span> s<span class=\"EzKURWReUAB5oZgtQNkl\" data-src-align=\"347:4\">tandard 3<\/span> brate<span class=\"EzKURWReUAB5oZgtQNkl\" data-src-align=\"340:6\"> de amestecare.<\/span><\/em><\/p>\n","protected":false},"featured_media":2742,"menu_order":0,"template":"","meta":{"inline_featured_image":false},"product_brand":[],"product_cat":[66],"product_tag":[],"class_list":{"0":"post-2743","1":"product","2":"type-product","3":"status-publish","4":"has-post-thumbnail","6":"product_cat-patiserie","8":"first","9":"instock","10":"taxable","11":"shipping-taxable","12":"product-type-simple"},"_links":{"self":[{"href":"https:\/\/horecapan.ro\/en\/wp-json\/wp\/v2\/product\/2743","targetHints":{"allow":["GET"]}}],"collection":[{"href":"https:\/\/horecapan.ro\/en\/wp-json\/wp\/v2\/product"}],"about":[{"href":"https:\/\/horecapan.ro\/en\/wp-json\/wp\/v2\/types\/product"}],"version-history":[{"count":1,"href":"https:\/\/horecapan.ro\/en\/wp-json\/wp\/v2\/product\/2743\/revisions"}],"predecessor-version":[{"id":3509,"href":"https:\/\/horecapan.ro\/en\/wp-json\/wp\/v2\/product\/2743\/revisions\/3509"}],"wp:featuredmedia":[{"embeddable":true,"href":"https:\/\/horecapan.ro\/en\/wp-json\/wp\/v2\/media\/2742"}],"wp:attachment":[{"href":"https:\/\/horecapan.ro\/en\/wp-json\/wp\/v2\/media?parent=2743"}],"wp:term":[{"taxonomy":"product_brand","embeddable":true,"href":"https:\/\/horecapan.ro\/en\/wp-json\/wp\/v2\/product_brand?post=2743"},{"taxonomy":"product_cat","embeddable":true,"href":"https:\/\/horecapan.ro\/en\/wp-json\/wp\/v2\/product_cat?post=2743"},{"taxonomy":"product_tag","embeddable":true,"href":"https:\/\/horecapan.ro\/en\/wp-json\/wp\/v2\/product_tag?post=2743"}],"curies":[{"name":"wp","href":"https:\/\/api.w.org\/{rel}","templated":true}]}}