{"id":2741,"date":"2024-10-23T09:09:17","date_gmt":"2024-10-23T07:09:17","guid":{"rendered":"https:\/\/horecapan.ro\/?post_type=product&#038;p=2741"},"modified":"2024-11-04T20:38:16","modified_gmt":"2024-11-04T18:38:16","slug":"mixer-planetar-profesional-pl20","status":"publish","type":"product","link":"https:\/\/horecapan.ro\/en\/product\/mixer-planetar-profesional-pl20\/","title":{"rendered":"Mixer planetar profesional PL20"},"content":{"rendered":"<p><em>Date tehnice:<\/em><br \/>\n<em>Latime: 660 cm<\/em><br \/>\n<em>Lungime: 500 cm<\/em><br \/>\n<em>Inaltime: 760 cm<\/em><br \/>\n<em>Greutate: 80 Kg<\/em><br \/>\n<em>Kw: 0.70<\/em><br \/>\n<em>Capacitate bol: 20 litri<\/em><br \/>\n<em>Viteza de rotatie a capului : 0-100 rpm<\/em><br \/>\n<em>Viteza de rotatie: 0-360 rpm<\/em><br \/>\n<em>Alimentare: 380 V 50-60 Hz<\/em><\/p>\n","protected":false},"excerpt":{"rendered":"<p><span class=\"EzKURWReUAB5oZgtQNkl\" data-src-align=\"46:6\">Sunt mixere<\/span> <span class=\"EzKURWReUAB5oZgtQNkl\" data-src-align=\"29:11\">f\u0103r\u0103 \u00eentre\u021binere<\/span><span class=\"EzKURWReUAB5oZgtQNkl\" data-src-align=\"63:8\">, care sunt concepute<\/span> <span class=\"EzKURWReUAB5oZgtQNkl\" data-src-align=\"72:3\">pentru<\/span> <span class=\"EzKURWReUAB5oZgtQNkl\" data-src-align=\"76:8\">brut\u0103rii<\/span>, <span class=\"EzKURWReUAB5oZgtQNkl\" data-src-align=\"86:9\">produse de patiserie,<\/span> <span class=\"EzKURWReUAB5oZgtQNkl\" data-src-align=\"96:6\">hoteluri<\/span> <span class=\"EzKURWReUAB5oZgtQNkl\" data-src-align=\"103:3\">\u0219i<\/span> <span class=\"EzKURWReUAB5oZgtQNkl\" data-src-align=\"111:8\">buc\u0103t\u0103rii<\/span> <span class=\"EzKURWReUAB5oZgtQNkl\" data-src-align=\"107:3\">mari<\/span> <span class=\"EzKURWReUAB5oZgtQNkl\" data-src-align=\"120:12\">care pot amesteca,<\/span> <span class=\"EzKURWReUAB5oZgtQNkl\" data-src-align=\"134:5\">fr\u0103m\u00e2nta<\/span><span class=\"EzKURWReUAB5oZgtQNkl\" data-src-align=\"182:11\">, f\u0103r\u0103 \u00eentre\u021binere cap de amestecare,<\/span> v<span class=\"EzKURWReUAB5oZgtQNkl\" data-src-align=\"196:10\">iteza reglabil\u0103<\/span> <span class=\"EzKURWReUAB5oZgtQNkl\" data-src-align=\"207:11\">a motorului,i<\/span><span class=\"EzKURWReUAB5oZgtQNkl\" data-src-align=\"232:11\">n\u0103l\u021bime reglabil\u0103 a bolului,<\/span> b<span class=\"EzKURWReUAB5oZgtQNkl\" data-src-align=\"262:4\">ol<\/span> <span class=\"EzKURWReUAB5oZgtQNkl\" data-src-align=\"246:15\">din o\u021bel inoxidabil<\/span> <span class=\"EzKURWReUAB5oZgtQNkl\" data-src-align=\"278:4\">\u0219i<\/span> <span class=\"EzKURWReUAB5oZgtQNkl\" data-src-align=\"271:6\">bra\u021be de amestecare<\/span>,c<span class=\"EzKURWReUAB5oZgtQNkl\" data-src-align=\"294:32\">abluri electrice compatibile cu normele<\/span> <span class=\"EzKURWReUAB5oZgtQNkl\" data-src-align=\"285:8\">europene,<\/span> s<span class=\"EzKURWReUAB5oZgtQNkl\" data-src-align=\"347:4\">tandard 3<\/span> brate<span class=\"EzKURWReUAB5oZgtQNkl\" data-src-align=\"340:6\"> de amestecare.<\/span><\/p>\n","protected":false},"featured_media":2742,"menu_order":0,"template":"","meta":{"inline_featured_image":false},"product_brand":[],"product_cat":[66],"product_tag":[],"class_list":{"0":"post-2741","1":"product","2":"type-product","3":"status-publish","4":"has-post-thumbnail","6":"product_cat-patiserie","8":"first","9":"instock","10":"taxable","11":"shipping-taxable","12":"product-type-simple"},"_links":{"self":[{"href":"https:\/\/horecapan.ro\/en\/wp-json\/wp\/v2\/product\/2741","targetHints":{"allow":["GET"]}}],"collection":[{"href":"https:\/\/horecapan.ro\/en\/wp-json\/wp\/v2\/product"}],"about":[{"href":"https:\/\/horecapan.ro\/en\/wp-json\/wp\/v2\/types\/product"}],"version-history":[{"count":1,"href":"https:\/\/horecapan.ro\/en\/wp-json\/wp\/v2\/product\/2741\/revisions"}],"predecessor-version":[{"id":3508,"href":"https:\/\/horecapan.ro\/en\/wp-json\/wp\/v2\/product\/2741\/revisions\/3508"}],"wp:featuredmedia":[{"embeddable":true,"href":"https:\/\/horecapan.ro\/en\/wp-json\/wp\/v2\/media\/2742"}],"wp:attachment":[{"href":"https:\/\/horecapan.ro\/en\/wp-json\/wp\/v2\/media?parent=2741"}],"wp:term":[{"taxonomy":"product_brand","embeddable":true,"href":"https:\/\/horecapan.ro\/en\/wp-json\/wp\/v2\/product_brand?post=2741"},{"taxonomy":"product_cat","embeddable":true,"href":"https:\/\/horecapan.ro\/en\/wp-json\/wp\/v2\/product_cat?post=2741"},{"taxonomy":"product_tag","embeddable":true,"href":"https:\/\/horecapan.ro\/en\/wp-json\/wp\/v2\/product_tag?post=2741"}],"curies":[{"name":"wp","href":"https:\/\/api.w.org\/{rel}","templated":true}]}}