{"id":2706,"date":"2024-10-21T10:20:40","date_gmt":"2024-10-21T08:20:40","guid":{"rendered":"https:\/\/horecapan.ro\/?post_type=product&#038;p=2706"},"modified":"2024-11-04T20:34:29","modified_gmt":"2024-11-04T18:34:29","slug":"linie-malaxare-cu-descarcare-aluat","status":"publish","type":"product","link":"https:\/\/horecapan.ro\/en\/product\/linie-malaxare-cu-descarcare-aluat\/","title":{"rendered":"Linie malaxare cu descarcare aluat"},"content":{"rendered":"<ul>\n<li>Este conceput pentru a desc\u0103rca aluatul din vasul mixerelor SP250M \u00een bunc\u0103rul urm\u0103toarei ma\u0219ini<\/li>\n<li>Unitate de ridicare hidraulic\u0103<\/li>\n<li>Func\u021bionare sigur\u0103 cu corpul fixat la sol<\/li>\n<li>Disponibil \u00een 3 op\u021biuni diferite de \u00een\u0103l\u021bime<\/li>\n<li>Oprire automat\u0103 \u00een pozi\u021bia de desc\u0103rcare<\/li>\n<li>Un buton pentru ridicarea \u0219i ridicarea<\/li>\n<li>Jgheab din o\u021bel inoxidabil<\/li>\n<li>Construc\u021bie ranforsat\u0103<\/li>\n<li>Buton de oprire de urgen\u021b\u0103<\/li>\n<li>Func\u021bionare silen\u021bioas\u0103<\/li>\n<\/ul>\n<div class=\"table-col\">\n<div class=\"item\">\n<div class=\"col-sm-4 col-xs-4 text\"><em>L\u0103\u021bime x Lungime x \u00cen\u0103l\u021bime:\u00a01158 x 2068 x 1865\u00a0milimetru<\/em><\/div>\n<\/div>\n<\/div>\n<div class=\"table-col\">\n<div class=\"item\">\n<div class=\"col-sm-4 col-xs-4 text\"><em>Greutate:\u00a0600\u00a0Kg<\/em><\/div>\n<\/div>\n<\/div>\n<div class=\"table-col\">\n<div class=\"item\">\n<div class=\"col-sm-4 col-xs-4 text\"><em>Specifica\u021bii de energie electric\u0103:\u00a0380 V 50-60 Hz N+PE 3 faze (faz\u0103)<\/em><\/div>\n<div class=\"col-sm-2 col-xs-3 text\"><em>Energie electric\u0103: 2,5 Kw<\/em><\/div>\n<\/div>\n<\/div>\n<div class=\"table-col\">\n<div class=\"item\">\n<div class=\"col-sm-4 col-xs-4 text\"><em>\u00cen\u0103l\u021bimea ma\u0219inii \u00een pozi\u021bia de desc\u0103rcare:3229 milimetru<\/em><\/div>\n<\/div>\n<\/div>\n<div class=\"table-col\">\n<div class=\"item\">\n<div class=\"col-sm-4 col-xs-4 text\"><em>\u00cen\u0103l\u021bimea de desc\u0103rcare:\u00a01740\u00a0milimetru<\/em><\/div>\n<\/div>\n<\/div>\n","protected":false},"excerpt":{"rendered":"<div id=\"\" class=\"shop-attr-button mb-2\"><strong>Denumire:<\/strong> SP250M<\/div>\n<div id=\"\" class=\"shop-attr-button mb-2\"><strong>Producator:<\/strong> Kumkaya &#8211; Turcia<\/div>\n<div class=\"mb-2\"><span class=\"product-stock in-stock\"><strong>Disponibil:<\/strong>\u00a0la comanda<\/span><\/div>\n","protected":false},"featured_media":2707,"menu_order":0,"template":"","meta":{"inline_featured_image":false},"product_brand":[],"product_cat":[31],"product_tag":[],"class_list":{"0":"post-2706","1":"product","2":"type-product","3":"status-publish","4":"has-post-thumbnail","6":"product_cat-panificatie","8":"first","9":"instock","10":"taxable","11":"shipping-taxable","12":"product-type-simple"},"_links":{"self":[{"href":"https:\/\/horecapan.ro\/en\/wp-json\/wp\/v2\/product\/2706","targetHints":{"allow":["GET"]}}],"collection":[{"href":"https:\/\/horecapan.ro\/en\/wp-json\/wp\/v2\/product"}],"about":[{"href":"https:\/\/horecapan.ro\/en\/wp-json\/wp\/v2\/types\/product"}],"version-history":[{"count":2,"href":"https:\/\/horecapan.ro\/en\/wp-json\/wp\/v2\/product\/2706\/revisions"}],"predecessor-version":[{"id":3497,"href":"https:\/\/horecapan.ro\/en\/wp-json\/wp\/v2\/product\/2706\/revisions\/3497"}],"wp:featuredmedia":[{"embeddable":true,"href":"https:\/\/horecapan.ro\/en\/wp-json\/wp\/v2\/media\/2707"}],"wp:attachment":[{"href":"https:\/\/horecapan.ro\/en\/wp-json\/wp\/v2\/media?parent=2706"}],"wp:term":[{"taxonomy":"product_brand","embeddable":true,"href":"https:\/\/horecapan.ro\/en\/wp-json\/wp\/v2\/product_brand?post=2706"},{"taxonomy":"product_cat","embeddable":true,"href":"https:\/\/horecapan.ro\/en\/wp-json\/wp\/v2\/product_cat?post=2706"},{"taxonomy":"product_tag","embeddable":true,"href":"https:\/\/horecapan.ro\/en\/wp-json\/wp\/v2\/product_tag?post=2706"}],"curies":[{"name":"wp","href":"https:\/\/api.w.org\/{rel}","templated":true}]}}